{"id":831,"date":"2018-08-14T11:01:23","date_gmt":"2018-08-14T09:01:23","guid":{"rendered":"http:\/\/sylwester-ambroziak.com\/?page_id=831"},"modified":"2018-10-07T19:49:17","modified_gmt":"2018-10-07T17:49:17","slug":"katalogi-indywidualne","status":"publish","type":"page","link":"https:\/\/sylwester-ambroziak.com\/index.php\/katalogi-indywidualne\/","title":{"rendered":"Katalogi indywidualne"},"content":{"rendered":"<div class='black' style='background:rgba(0, 0, 0, 0); border:solid 0px #f0f0f0; border-radius:0px; padding:0px 0px 0px 0px;'>\n<div id='KI_slider' class='owl-carousel sa_owl_theme owl-pagination-true autohide-arrows' data-slider-id='KI_slider' style='visibility:hidden;'>\n<div id='KI_slider_slide01' class='sa_hover_container' style='padding:0% 5%; margin:0px 0%; '><p><img decoding=\"async\" class=\"center_slider\" src=\"http:\/\/sylwester-ambroziak.com\/wp-content\/uploads\/2018\/08\/ambroziak_katalog_Distant_World.png\" alt=\"\" \/><\/p>\r\n<p><strong>Distant World<\/strong><\/p>\r\n<p>Katalog <em>\u201eDistant World\u201d<\/em> Miejska Galeria Sztuki w \u0141odzi, 2016<br \/>ISBN 978-83-63942-14-4, format 21x29,7 cm, 53 str. , kolor<br \/>Krzysztof Stanis\u0142awski<em> \u201ePoemat dla doros\u0142ych w szarych \u015bcianach\u201d<\/em>, tekst krytyczny, j\u0119zyk polski i angielski <a href=\"http:\/\/sylwester-ambroziak.com\/index.php\/krzysztof-stanislawski-poemat-dla-doroslych-w-szarych-scianach-katalog-wystawy-distant-worldosrodek-propagandy-sztuki-miejska-galeria-sztuki-lodz-2016\/\">czytaj tekst<\/a> <br \/>Micha\u0142 Haake <em>\u201eFilmy Sylwestra Ambroziaka jako \u015bwiadectwo jego artystycznej postawy\u201d<\/em>, tekst krytyczny, j\u0119zyk polski i angielski <a href=\"http:\/\/sylwester-ambroziak.com\/index.php\/michal-haake-filmy-sylwestra-ambroziaka-jako-swiadectwo-jego-artystycznej-postawy\/\">czytaj tekst<\/a><\/p><\/div>\n<div id='KI_slider_slide02' class='sa_hover_container' style='padding:0% 5%; margin:0px 0%; '><p><img decoding=\"async\" class=\"center_slider\" src=\"http:\/\/sylwester-ambroziak.com\/wp-content\/uploads\/2018\/08\/ambroziak_katalog_45.png\" alt=\"\" \/><\/p>\r\n<p><strong>Sylwester Ambroziak. Rze\u017aba, animacje<\/strong><\/p>\r\n<p>Katalog <em>\u201eSylwester Ambroziak. Rze\u017aba, animacje\u201d<\/em> Galeria BWA, Gorz\u00f3w Wlkp.<br \/>2012 ISBN 978-83-61781-09-7, format 22,5x21 cm, 36 str. , kolor <br \/>Micha\u0142 Haake <em>\u201eFigury embrionalne\u201d<\/em>, tekst krytyczny, j\u0119zyk polski i angielski <a href=\"http:\/\/sylwester-ambroziak.com\/index.php\/michal-haake-figury-embrionalne\/\">czytaj tekst<\/a><\/p><\/div>\n<div id='KI_slider_slide03' class='sa_hover_container' style='padding:0% 5%; margin:0px 0%; '><p><img decoding=\"async\" class=\"center_slider\" src=\"http:\/\/sylwester-ambroziak.com\/wp-content\/uploads\/2018\/08\/ambroziak_katalog_46.png\" alt=\"\" \/><\/p>\r\n<p><strong>Sylwester Ambroziak<\/strong><\/p>\r\n<p>Katalog \u201e<em>Sylwester Ambrozia<\/em>k\u201d, Galeria Sztuki Wsp\u00f3\u0142czesnej, Opole 2012<br \/>ISBN 978-83-89491-66-4, format 27x23 cm, 60 str. , kolor,<br \/>Krzysztof Stanis\u0142awski \u201e<em>Humata Huchta Hwareszta - Appendix<\/em>\u201d, esej, j\u0119zyk polski i angielski <a href=\"http:\/\/sylwester-ambroziak.com\/index.php\/krzysztof-stanislawski-sylwester-ambroziak-humata-huchta-hwareszta-appendix-2012-opole-2012\/\">czytaj tekst<\/a><\/p><\/div>\n<div id='KI_slider_slide04' class='sa_hover_container' style='padding:0% 5%; margin:0px 0%; '><p><img decoding=\"async\" class=\"center_slider\" src=\"http:\/\/sylwester-ambroziak.com\/wp-content\/uploads\/2018\/08\/ambroziak_katalog_42.png\" alt=\"\" \/><\/p>\r\n<p><strong>Sylwester Ambroziak<\/strong><\/p>\r\n<p>Album \u201e<em>Sylwester Ambroziak<\/em>\u201d Centrum Rze\u017aby Polskiej, Oro\u0144sko 2011 ISBN 978-83-85901-90-7, format 27x23 cm, 264 str. , kolor<br \/>Krzysztof Stanis\u0142awski \u201e<em>Humata Huchta Hwareszta<\/em>\u201d, esej, j\u0119zyk polski i angielski <a href=\"http:\/\/sylwester-ambroziak.com\/index.php\/krzysztof-stanislawski-humata-huchta-hwareszta-oronsko-2011\/\">czytaj tekst<\/a><\/p><\/div>\n<div id='KI_slider_slide05' class='sa_hover_container' style='padding:0% 5%; margin:0px 0%; '><p><img decoding=\"async\" class=\"center_slider\" src=\"http:\/\/sylwester-ambroziak.com\/wp-content\/uploads\/2018\/08\/ambroziak_katalog_40.png\" alt=\"\" \/><\/p>\r\n<p><strong>Niewini\u0105tka<\/strong><\/p>\r\n<p>Katalog <em>\u201eNiewini\u0105tka. Sylwester Ambroziak<\/em>\u201d Galeria Sztuki Wsp\u00f3\u0142czesnej BWA, Olsztyn 2007, <br \/>ISBN 978-83-89228-50-5, format 27x22,5 , 32 str. , kolor <br \/>Magdalena Wicherkiewicz \u201e<em>To, czego po\u017c\u0105danie jest poza mn\u0105, lecz we mnie<\/em>\u201d j\u0119zyk polski i angielski <a href=\"http:\/\/sylwester-ambroziak.com\/index.php\/magdalena-wicherkiewicz-to-czego-pozadam-nie-jest-poza-mna-lecz-we-mnie\/\">czytaj tekst<\/a><\/p><\/div>\n<div id='KI_slider_slide06' class='sa_hover_container' style='padding:0% 5%; margin:0px 0%; '><p><img decoding=\"async\" class=\"center_slider\" src=\"http:\/\/sylwester-ambroziak.com\/wp-content\/uploads\/2018\/08\/ambroziak_katalog_49.png\" alt=\"\" \/><\/p>\r\n<p><strong>Sylwester Ambroziak<\/strong><\/p>\r\n<p>Album \u201e<em>Sylwester Ambroziak<\/em>\u201d, Centrum Rze\u017aby Polskiej, Oro\u0144sko 2005 <br \/>ISBN 83-85901-49-3, format 29,5x23,5 cm, 144 str. , kolor, j\u0119zyk polski i angielski <br \/>Mariusz Knorowski \u201e<em>Wst\u0119p<\/em>\u201d, Agnieszka Rayzacher \u201e<em>Scenariusz dla zakl\u0119tych w drewnie<\/em>\u201d <a href=\"http:\/\/sylwester-ambroziak.com\/index.php\/agnieszka-rayzacher-scenariusz-dla-zakletych-w-drewnie\/\">czytaj tekst<\/a><br \/>Krzysztof Zwirblis \u201e<em>Ekspresja archetyp\u00f3w<\/em>\u201d <a href=\"http:\/\/sylwester-ambroziak.com\/index.php\/krzysztof-zwirblis-ekspresja-archetypow\/\">czytaj tekst<\/a> <br \/>Micha\u0142 Haake \u201e<em>W strone antyhumanizmu. Wok\u00f3\u0142 tw\u00f3rczosci Sylwestra Ambroziaka<\/em>\u201d<a href=\"http:\/\/sylwester-ambroziak.com\/index.php\/michal-haake-w-strone-antyhumanizmu-wokol-tworczosci-sylwestra-ambroziaka\/\">czytaj tekst<\/a><\/p><\/div>\n<div id='KI_slider_slide07' class='sa_hover_container' style='padding:0% 5%; margin:0px 0%; '><p><img decoding=\"async\" class=\"center_slider\" src=\"http:\/\/sylwester-ambroziak.com\/wp-content\/uploads\/2018\/08\/ambroziak_katalog_15.png\" alt=\"\" \/><\/p>\r\n<p><strong>Sylwester Ambroziak. Rze\u017aby i rysunki<\/strong><\/p>\r\n<p>Katalog \u201e<em>Sylwester Ambroziak. Rze\u017aby i rysunki<\/em>\u201d , Galeria Sztuki Wie\u017ca Ci\u015bnie\u0144, Konin 2004,<br \/>ISBN 83-89690-07-1, format 25x17,5 cm, 12 str. , kolor, j\u0119zyk polski i angielski<br \/>Krzysztof \u017bwirblis \u201e<em>Ekspresja archetyp\u00f3w<\/em>\u201d<a href=\"http:\/\/sylwester-ambroziak.com\/index.php\/krzysztof-zwirblis-ekspresja-archetypow\/\">czytaj tekst<\/a><\/p><\/div>\n<div id='KI_slider_slide08' class='sa_hover_container' style='padding:0% 5%; margin:0px 0%; '><p><img decoding=\"async\" class=\"center_slider\" src=\"http:\/\/sylwester-ambroziak.com\/wp-content\/uploads\/2018\/08\/ambroziak_katalog_48.png\" alt=\"\" \/><\/p>\r\n<p><strong>Sylwester Ambroziak Rze\u017aba<\/strong><\/p>\r\n<p>Katalog \u201e<em>Sylwester Ambroziak Rze\u017aba<\/em>\u201d Galeria Sztuki Wsp\u00f3\u0142czesnej BWA Olsztyn 2002 ISBN 83-89228-00-9, format 20,5x23 cm, 32 str. , kolor, j\u0119zyk polski <br \/>Eulalia Domanowska \u201e<em>Nowa mitologia z hybrydami<\/em>\u201d <a href=\"http:\/\/sylwester-ambroziak.com\/index.php\/eulalia-domanska-nowa-mitologia-z-hybrydami\/\">czytaj tekst<\/a><br \/>Jaros\u0142aw \u015awierszcz \u201e<em>Rze\u017aby Sylwestra Ambroziaka<\/em>\u201d<a href=\"http:\/\/sylwester-ambroziak.com\/index.php\/jaroslaw-swierszcz-rzezby-sylwestra-ambroziaka\/\">czytaj tekst<\/a><\/p><\/div>\n<div id='KI_slider_slide09' class='sa_hover_container' style='padding:0% 5%; margin:0px 0%; '><p><img decoding=\"async\" class=\"center_slider\" src=\"http:\/\/sylwester-ambroziak.com\/wp-content\/uploads\/2018\/08\/ambroziak_katalog_41.png\" alt=\"\" \/><\/p>\r\n<p><strong>Sylwester Ambroziak<\/strong><\/p>\r\n<p>Ksi\u0105\u017cka \u201e<em>Sylwester Ambroziak<\/em>\u201d, Galeria Miejska Arsena\u0142, Pozna\u0144 , 2001<br \/>ISBN 83-86932-77-5, format 20,5x14,5 cm 96 str. , kolor, j\u0119zyk polski<br \/>Micha\u0142 Haake \u201e<em>Tw\u00f3rczo\u015b\u0107 Sylwestra Ambroziaka. Studium z historii rze\u017aby w Polsce po roku 1980<\/em>\u201d <a href=\"http:\/\/sylwester-ambroziak.com\/index.php\/michal-haake-o-tworczosci-sylwestra-ambroziaka-studium-z-historii-rzezby-w-polsce-konca-xx-wieku\/\">czytaj tekst<\/a><br \/>Ewa Klekot \u201e<em>Wota i fetysze z wosku<\/em>\u201d <a href=\"http:\/\/sylwester-ambroziak.com\/index.php\/ewa-klekot-wota-i-fetysze-z-wosku\/\">czytaj tekst<\/a> <br \/>Barbara Ga\u0142ezewska-Molenda \u201e<em>Nie- pozorna czu\u0142o\u015b\u0107 gestu<\/em>\u201d<\/p><\/div>\n<div id='KI_slider_slide10' class='sa_hover_container' style='padding:0% 5%; margin:0px 0%; '><p><img loading=\"lazy\" decoding=\"async\" class=\"center_slider\" src=\"http:\/\/sylwester-ambroziak.com\/wp-content\/uploads\/2018\/08\/ambroziak_katalog_43.png\" alt=\"\" width=\"757\" height=\"1007\" \/><\/p>\r\n<p><strong>Sylwester Ambroziak<\/strong><\/p>\r\n<p>Katalog \u201e<em>Sylwester Ambroziak<\/em>\u201d, Ziggurat \u2013 Fundacja Exit, <br \/>1993 ISBN 83-901523-0-4, format 21x29,5 cm, 48 str. , kolor, jezyk polski, angielski i francuski <br \/>Dariusz Jachimowicz \u201e<em>Horror Metaphisicus<\/em>\u201d <br \/>Jolanta Ciesielska \u201e<em>Ofiara Izaaka<\/em>\u201d<\/p><\/div>\n<\/div>\n<\/div>\n<script type='text\/javascript'>\n\tjQuery(document).ready(function() {\n\t\tjQuery('#KI_slider').owlCarousel({\n\t\t\tresponsive:{\n\t\t\t\t0:{ items:1 },\n\t\t\t\t480:{ items:2 },\n\t\t\t\t768:{ items:1 },\n\t\t\t\t980:{ items:2 },\n\t\t\t\t1200:{ items:2 },\n\t\t\t\t1500:{ items:2 }\n\t\t\t},\n\t\t\tautoplay : true,\n\t\t\tautoplayTimeout : 4000,\n\t\t\tautoplayHoverPause : true,\n\t\t\tsmartSpeed : 300,\n\t\t\tfluidSpeed : 300,\n\t\t\tautoplaySpeed : 300,\n\t\t\tnavSpeed : 300,\n\t\t\tdotsSpeed : 300,\n\t\t\tloop : true,\n\t\t\tnav : true,\n\t\t\tnavText : ['Previous','Next'],\n\t\t\tdots : true,\n\t\t\tresponsiveRefreshRate : 200,\n\t\t\tslideBy : 1,\n\t\t\tmergeFit : true,\n\t\t\tautoHeight : true,\n\t\t\tmouseDrag : true,\n\t\t\ttouchDrag : true\n\t\t});\n\t\tjQuery('#KI_slider').css('visibility', 'visible');\n\t\tsa_resize_KI_slider();\n\t\twindow.addEventListener('resize', sa_resize_KI_slider);\n\t\tfunction sa_resize_KI_slider() {\n\t\t\tvar min_height = '50';\n\t\t\tvar win_width = jQuery(window).width();\n\t\t\tvar slider_width = jQuery('#KI_slider').width();\n\t\t\tif (win_width < 480) {\n\t\t\t\tvar slide_width = slider_width \/ 1;\n\t\t\t} else if (win_width < 768) {\n\t\t\t\tvar slide_width = slider_width \/ 2;\n\t\t\t} else if (win_width < 980) {\n\t\t\t\tvar slide_width = slider_width \/ 1;\n\t\t\t} else if (win_width < 1200) {\n\t\t\t\tvar slide_width = slider_width \/ 2;\n\t\t\t} else if (win_width < 1500) {\n\t\t\t\tvar slide_width = slider_width \/ 2;\n\t\t\t} else {\n\t\t\t\tvar slide_width = slider_width \/ 2;\n\t\t\t}\n\t\t\tslide_width = Math.round(slide_width);\n\t\t\tvar slide_height = '0';\n\t\t\tif (min_height == 'aspect43') {\n\t\t\t\tslide_height = (slide_width \/ 4) * 3;\t\t\t\tslide_height = Math.round(slide_height);\n\t\t\t} else if (min_height == 'aspect169') {\n\t\t\t\tslide_height = (slide_width \/ 16) * 9;\t\t\t\tslide_height = Math.round(slide_height);\n\t\t\t} else {\n\t\t\t\tslide_height = (slide_width \/ 100) * min_height;\t\t\t\tslide_height = Math.round(slide_height);\n\t\t\t}\n\t\t\tjQuery('#KI_slider .owl-item .sa_hover_container').css('min-height', slide_height+'px');\n\t\t}\n\t\tvar owl_goto = jQuery('#KI_slider');\n\t\tjQuery('.KI_slider_goto1').click(function(event){\n\t\t\towl_goto.trigger('to.owl.carousel', 0);\n\t\t});\n\t\tjQuery('.KI_slider_goto2').click(function(event){\n\t\t\towl_goto.trigger('to.owl.carousel', 1);\n\t\t});\n\t\tjQuery('.KI_slider_goto3').click(function(event){\n\t\t\towl_goto.trigger('to.owl.carousel', 2);\n\t\t});\n\t\tjQuery('.KI_slider_goto4').click(function(event){\n\t\t\towl_goto.trigger('to.owl.carousel', 3);\n\t\t});\n\t\tjQuery('.KI_slider_goto5').click(function(event){\n\t\t\towl_goto.trigger('to.owl.carousel', 4);\n\t\t});\n\t\tjQuery('.KI_slider_goto6').click(function(event){\n\t\t\towl_goto.trigger('to.owl.carousel', 5);\n\t\t});\n\t\tjQuery('.KI_slider_goto7').click(function(event){\n\t\t\towl_goto.trigger('to.owl.carousel', 6);\n\t\t});\n\t\tjQuery('.KI_slider_goto8').click(function(event){\n\t\t\towl_goto.trigger('to.owl.carousel', 7);\n\t\t});\n\t\tjQuery('.KI_slider_goto9').click(function(event){\n\t\t\towl_goto.trigger('to.owl.carousel', 8);\n\t\t});\n\t\tjQuery('.KI_slider_goto10').click(function(event){\n\t\t\towl_goto.trigger('to.owl.carousel', 9);\n\t\t});\n\t\tvar resize_828 = jQuery('.owl-carousel');\n\t\tresize_828.on('initialized.owl.carousel', function(e) {\n\t\t\tif (typeof(Event) === 'function') {\n\t\t\t\twindow.dispatchEvent(new Event('resize'));\n\t\t\t} else {\n\t\t\t\tvar evt = window.document.createEvent('UIEvents');\n\t\t\t\tevt.initUIEvent('resize', true, false, window, 0);\n\t\t\t\twindow.dispatchEvent(evt);\n\t\t\t}\n\t\t});\n\t});\n<\/script>\n\n","protected":false},"excerpt":{"rendered":"","protected":false},"author":1,"featured_media":0,"parent":0,"menu_order":0,"comment_status":"closed","ping_status":"closed","template":"","meta":{"footnotes":""},"class_list":["post-831","page","type-page","status-publish","hentry"],"_links":{"self":[{"href":"https:\/\/sylwester-ambroziak.com\/index.php\/wp-json\/wp\/v2\/pages\/831","targetHints":{"allow":["GET"]}}],"collection":[{"href":"https:\/\/sylwester-ambroziak.com\/index.php\/wp-json\/wp\/v2\/pages"}],"about":[{"href":"https:\/\/sylwester-ambroziak.com\/index.php\/wp-json\/wp\/v2\/types\/page"}],"author":[{"embeddable":true,"href":"https:\/\/sylwester-ambroziak.com\/index.php\/wp-json\/wp\/v2\/users\/1"}],"replies":[{"embeddable":true,"href":"https:\/\/sylwester-ambroziak.com\/index.php\/wp-json\/wp\/v2\/comments?post=831"}],"version-history":[{"count":2,"href":"https:\/\/sylwester-ambroziak.com\/index.php\/wp-json\/wp\/v2\/pages\/831\/revisions"}],"predecessor-version":[{"id":834,"href":"https:\/\/sylwester-ambroziak.com\/index.php\/wp-json\/wp\/v2\/pages\/831\/revisions\/834"}],"wp:attachment":[{"href":"https:\/\/sylwester-ambroziak.com\/index.php\/wp-json\/wp\/v2\/media?parent=831"}],"curies":[{"name":"wp","href":"https:\/\/api.w.org\/{rel}","templated":true}]}}