{"id":773,"date":"2018-08-07T18:56:10","date_gmt":"2018-08-07T16:56:10","guid":{"rendered":"http:\/\/sylwester-ambroziak.com\/?page_id=773"},"modified":"2021-07-17T23:57:45","modified_gmt":"2021-07-17T21:57:45","slug":"list","status":"publish","type":"page","link":"https:\/\/sylwester-ambroziak.com\/index.php\/en\/list\/","title":{"rendered":"List"},"content":{"rendered":"<p>CRITICAL TEXTS<\/p>\n<p><a href=\"http:\/\/sylwester-ambroziak.com\/index.php\/interview-conducted-by-helena-sienkiewcz\/\">Interview conducted by Helena Sienkiewcz<\/a><\/p>\n<p><a href=\"http:\/\/sylwester-ambroziak.com\/index.php\/archetypes-expression\/\">Krzysztof \u017bwirblis \u201eArchetypes Expression\u201d<\/a><\/p>\n<p><a href=\"http:\/\/sylwester-ambroziak.com\/index.php\/the-sculptures-by-sylwester-ambroziak\/\">Jaros\u0142aw \u015awierszcz \u201eThe Sculptures By Sylwester Ambroziak\u201d<\/a><\/p>\n<p><a href=\"http:\/\/sylwester-ambroziak.com\/index.php\/new-mythology-with-hybrids\/\">Eulalia Doma\u0144ska \u201eNew Mythology With Hybrids\u201d<\/a><\/p>\n<p><a href=\"http:\/\/sylwester-ambroziak.com\/index.php\/temptation-of-sylwester-ambroziak\/\">Mariusz Rosiak \u201eTemptation Of Sylwester Ambroziak\u201d<\/a><\/p>\n<p><a href=\"http:\/\/sylwester-ambroziak.com\/index.php\/untamed-tenderness-of-gesture\/\">Ewa Klekot \u201eUntamed Tenderness Of Gesture\u201d<\/a><\/p>\n<p><a href=\"http:\/\/sylwester-ambroziak.com\/index.php\/a-question-about-empathy\/\">Jolanta Ciesielska \u201eA Question About Empathy\u201d<\/a><\/p>\n<p><a href=\"http:\/\/sylwester-ambroziak.com\/index.php\/ugliness-irony-tenderness\/\">Magdalena Ujma &#8222;Ugliness, Irony, Tenderness&#8221;<\/a><\/p>\n<p><a href=\"http:\/\/sylwester-ambroziak.com\/index.php\/robert-jakes-march-19930\/\">Robert Jakes (Stackpole, Pembroke, March 1993)<\/a><\/p>\n<p><a href=\"http:\/\/sylwester-ambroziak.com\/index.php\/jerzy-brukwicki-sculpture-drawing\/\">Jerzy Brukwicki \u201cSylwester Ambroziak: Sculpture, Drawing\u201d exhibition catalog<\/a><\/p>\n<p><a href=\"http:\/\/sylwester-ambroziak.com\/index.php\/piotr-szubert-figure-in-the-19th-and-20th-century-polish-sculpture\/\">Piotr Szubert \u201cFigure in the 19th and 20th Century Polish Sculpture\u201d exhibition catalog<\/a><\/p>\n<p><a href=\"http:\/\/sylwester-ambroziak.com\/index.php\/mariusz-konorowski-i-r-y-i\/\">Mariusz Knorowski \u201eI resemble you inside\u201d<\/a><\/p>\n<p><a href=\"http:\/\/sylwester-ambroziak.com\/index.php\/magdalena-wicherkiewicz-what-i-desire-is-not-beyond-me-but-inside-me\/\">Magdalena Wicherkiewicz \u201eWhat I desire is not beyond me, but inside me\u201d<\/a><\/p>\n<p><a href=\"http:\/\/sylwester-ambroziak.com\/index.php\/michal-haake-towards-anti-humanism\/\">Micha\u0142 Haake \u201eTowards Anti-Humanism, Around the Art by Sylwester Ambroziak\u201d<\/a><\/p>\n<p><a href=\"http:\/\/sylwester-ambroziak.com\/index.php\/wladyslaw-kazmierczak-boundless-love-for-sculpture\/\">W\u0142adys\u0142aw Ka\u017amierczak \u201eBoundless Love for Sculpture\u201d<\/a><\/p>\n","protected":false},"excerpt":{"rendered":"<p>CRITICAL TEXTS Interview conducted by Helena Sienkiewcz Krzysztof \u017bwirblis \u201eArchetypes Expression\u201d Jaros\u0142aw \u015awierszcz \u201eThe Sculptures By Sylwester Ambroziak\u201d Eulalia Doma\u0144ska \u201eNew Mythology With Hybrids\u201d Mariusz Rosiak \u201eTemptation Of Sylwester Ambroziak\u201d Ewa Klekot \u201eUntamed Tenderness Of Gesture\u201d Jolanta Ciesielska \u201eA Question About Empathy\u201d Magdalena Ujma &#8222;Ugliness, Irony, Tenderness&#8221; Robert Jakes (Stackpole, Pembroke, March 1993) Jerzy Brukwicki &hellip; <a href=\"https:\/\/sylwester-ambroziak.com\/index.php\/en\/list\/\" class=\"more-link\">Czytaj dalej <span class=\"screen-reader-text\">List<\/span><\/a><\/p>\n","protected":false},"author":1,"featured_media":0,"parent":0,"menu_order":0,"comment_status":"closed","ping_status":"closed","template":"","meta":{"footnotes":""},"class_list":["post-773","page","type-page","status-publish","hentry"],"_links":{"self":[{"href":"https:\/\/sylwester-ambroziak.com\/index.php\/wp-json\/wp\/v2\/pages\/773","targetHints":{"allow":["GET"]}}],"collection":[{"href":"https:\/\/sylwester-ambroziak.com\/index.php\/wp-json\/wp\/v2\/pages"}],"about":[{"href":"https:\/\/sylwester-ambroziak.com\/index.php\/wp-json\/wp\/v2\/types\/page"}],"author":[{"embeddable":true,"href":"https:\/\/sylwester-ambroziak.com\/index.php\/wp-json\/wp\/v2\/users\/1"}],"replies":[{"embeddable":true,"href":"https:\/\/sylwester-ambroziak.com\/index.php\/wp-json\/wp\/v2\/comments?post=773"}],"version-history":[{"count":13,"href":"https:\/\/sylwester-ambroziak.com\/index.php\/wp-json\/wp\/v2\/pages\/773\/revisions"}],"predecessor-version":[{"id":2125,"href":"https:\/\/sylwester-ambroziak.com\/index.php\/wp-json\/wp\/v2\/pages\/773\/revisions\/2125"}],"wp:attachment":[{"href":"https:\/\/sylwester-ambroziak.com\/index.php\/wp-json\/wp\/v2\/media?parent=773"}],"curies":[{"name":"wp","href":"https:\/\/api.w.org\/{rel}","templated":true}]}}