{"id":771,"date":"2018-08-07T18:54:34","date_gmt":"2018-08-07T16:54:34","guid":{"rendered":"http:\/\/sylwester-ambroziak.com\/?page_id=771"},"modified":"2026-02-16T13:53:42","modified_gmt":"2026-02-16T12:53:42","slug":"wykaz","status":"publish","type":"page","link":"https:\/\/sylwester-ambroziak.com\/index.php\/wykaz\/","title":{"rendered":"Wykaz"},"content":{"rendered":"<p>TEKSTY KRYTYCZNE<\/p>\n<p><a href=\"https:\/\/sylwester-ambroziak.com\/index.php\/homo-ludens-czyli-o-najwazniejszej-przemianie-tworczosci-sylwestra-ambroziaka\/\">Micha\u0142 Haake, &#8222;<em>Homo ludens<\/em>, czyli o najwa\u017cniejszej przemianie tw\u00f3rczo\u015bci Sylwestra Ambroziaka&#8221;, 2025<\/a><\/p>\n<p><a href=\"http:\/\/sylwester-ambroziak.com\/index.php\/ekspresja-ucielesniona\/\">Natalia Cie\u015blak \u201eEkspresja uciele\u015bniona\u201d, Pozna\u0144 2024<\/a><\/p>\n<p><a href=\"http:\/\/sylwester-ambroziak.com\/index.php\/stanislawa-zacharko-lagowska-do-wystawy-niewinnosc-kielce-2021\/\">Stanis\u0142awa Zacharko-\u0141agowska, do wystawy &#8222;Niewinno\u015b\u0107&#8221;, Kielce 2021<\/a><\/p>\n<p><a href=\"http:\/\/sylwester-ambroziak.com\/index.php\/tekst-do-wystawy-niewinnosc-torun-2021\/\">Krzysztof Stanis\u0142awski, do wystawy &#8222;Niewinno\u015b\u0107&#8221;, Toru\u0144 2021<\/a><\/p>\n<p><a href=\"http:\/\/sylwester-ambroziak.com\/index.php\/michal-haake-inny-w-przystani-sztuki\/\">Micha\u0142 Haake Inny w \u201ePrzystani sztuki\u201d. Pozna\u0144 2018<\/a><\/p>\n<p><a href=\"http:\/\/sylwester-ambroziak.com\/index.php\/michal-haake-filmy-sylwestra-ambroziaka-jako-swiadectwo-jego-artystycznej-postawy\/\">Micha\u0142 Haake &#8222;Filmy Sylwestra Ambroziaka jako \u015bwiadectwo jego artystycznej postawy&#8221;, katalog wystawy &#8222;DISTANT WORLD&#8221;,O\u015brodek Propagandy Sztuki, Miejska Galeria Sztuki, \u0141\u00f3d\u017a 2016<\/a><\/p>\n<p><a href=\"http:\/\/sylwester-ambroziak.com\/index.php\/krzysztof-stanislawski-poemat-dla-doroslych-w-szarych-scianach-katalog-wystawy-distant-worldosrodek-propagandy-sztuki-miejska-galeria-sztuki-lodz-2016\/\">Krzysztof Stanis\u0142awski &#8222;POEMAT DLA DOROS\u0141YCH W SZARYCH \u015aCIANACH&#8221;, katalog wystawy &#8222;DISTANT WORLD&#8221;,O\u015brodek Propagandy Sztuki, Miejska Galeria Sztuki, \u0141\u00f3d\u017a 2016<\/a><\/p>\n<p><a href=\"http:\/\/sylwester-ambroziak.com\/index.php\/krzysztof-stanislawski-ogrod-niewiniatek-rzezby-sylwestra-ambroziaka-w-przestrzeni-publicznej-katowic-i-w-galerii-szyb-wilson-katowice-2015\/\">Krzysztof Stanis\u0142awski &#8222;OGR\u00d3D NIEWINI\u0104TEK&#8221; rze\u017aby Sylwestra Ambroziaka w przestrzeni publicznej Katowic i w Galerii Szyb Wilson, Katowice 2015<\/a><\/p>\n<p><a href=\"http:\/\/sylwester-ambroziak.com\/index.php\/krzysztof-stanislawski-_jubileusz-w-kontenerze__-katalog-wystawy-home-sweet-home_-fundacja-nowa-przestrzen-sztuki_-kielce-2015\/\">Krzysztof Stanis\u0142awski &#8222;JUBILEUSZ W KONTENERZE&#8221;, katalog wystawy \u201eHome Sweet Home\u201d, Fundacja Nowa Przestrze\u0144 Sztuki, Kielce 2015<\/a><\/p>\n<p><a href=\"http:\/\/sylwester-ambroziak.com\/index.php\/1982-2\/\">Eulalia Domanowska \u201eCo tworzy wiara, czego mi\u0142o\u015b\u0107 pragnie, straszne, przedziwne postaci \u2026\u201d Kwartalnik Rze\u017aby \u201eOro\u0144sko\u201d nr 1(90) 2013, str. 10-14<\/a><\/p>\n<p><a href=\"http:\/\/sylwester-ambroziak.com\/index.php\/krzysztof-stanislawski-humata-huchta-hwareszta\/\">Krzysztof Stanis\u0142awski \u201eSylwester Ambroziak. Humata Huchta Hwareszta- Appendix II 2012\u201d, Kwartalnik Rze\u017aby \u201eOro\u0144sko\u201d, ISSN1230-6703, nr 1- 2(86-87) 2012, str. 36-41<\/a><\/p>\n<p><a href=\"http:\/\/sylwester-ambroziak.com\/index.php\/michal-haake-figury-embrionalne\/\">Micha\u0142 Haake \u201eFigury embrionalne\u201d, katalog wystawy \u201eSylwester Ambroziak. Rze\u017aba, animacje\u201d Galeria BWA, Gorz\u00f3w Wlkp. 2012<\/a><\/p>\n<p><a href=\"http:\/\/sylwester-ambroziak.com\/index.php\/krzysztof-stanislawski-sylwester-ambroziak-humata-huchta-hwareszta-appendix-2012-opole-2012\/\">Krzysztof Stanis\u0142awski \u201eSylwester Ambroziak &#8211; Humata Huchta Hwareszta- Appendix 2012\u201d, katalog wystawy \u201ePola zn\u00f3w si\u0119 zazieleni\u0105\u201d, Galeria Sztuki Wsp\u00f3\u0142czesnej, Opole 2012<\/a><\/p>\n<p><a href=\"http:\/\/sylwester-ambroziak.com\/index.php\/michal-haake-wszyscy-jestesmy-lalkami-exit-488-2011\/\">Micha\u0142 Haake \u201eWszyscy jeste\u015bmy lalkami\u201d, \u201eEXIT\u201d 4(88) 2011<\/a><\/p>\n<p><a href=\"http:\/\/sylwester-ambroziak.com\/index.php\/magdalena-wicherkiewicz-z-dzieciecego-pokoju\/\">Magdalena Wicherkiewicz \u201eZ dzieci\u0119cego pokoju\u201d \u201eEXIT\u201d 1(85) 2011, str. 5724 \u2013 5727<\/a><\/p>\n<p><a href=\"http:\/\/sylwester-ambroziak.com\/index.php\/krzysztof-stanislawski-humata-huchta-hwareszta-oronsko-2011\/\">Krzysztof Stanis\u0142awski \u201eHumata Huchta Hwareszta. Rze\u017aby i dygresje, uwagi i wypisy na temat tw\u00f3rczo\u015bci Sylwestra Ambroziaka\u201d, album Sylwester Ambroziak, CRP Oro\u0144sko 2011<\/a><\/p>\n<p><a href=\"http:\/\/sylwester-ambroziak.com\/index.php\/tamara-ksiazek-mit-rzeczywistosc\/\">Tamara Ksi\u0105\u017cek \u201eMit rzeczywisto\u015b\u0107\u201d, \u201eSztuka pl\u201d, nr 6 ( GA 147), 06. 2008, str. 114 -115<\/a><\/p>\n<p><a href=\"http:\/\/sylwester-ambroziak.com\/index.php\/anna-podsiadly-niewiniatka-sylwester-ambroziak\/\">Anna Podsiad\u0142y \u201eNiewini\u0105tka. Sylwester Ambroziak\u201d, Kwartalnik Rze\u017aby \u201eOro\u0144sko\u201d, nr 2\/71\/ 2008, str. 9 -11<\/a><\/p>\n<p><a href=\"http:\/\/sylwester-ambroziak.com\/index.php\/magdalena-wicherkiewicz-to-czego-pozadam-nie-jest-poza-mna-lecz-we-mnie\/\">Magdalena Wicherkiewicz \u201eTo, czego po\u017c\u0105dam nie jest poza mn\u0105, lecz we mnie\u201d, katalog \u201e Niewini\u0105tka, Sylwester Ambroziak\u201d, Galeria Sztuki Wsp\u00f3\u0142czesnej BWA , Olsztyn, 05\/06 2007<\/a><\/p>\n<p><a href=\"http:\/\/sylwester-ambroziak.com\/index.php\/pawel-kozlowski-tworzywo-nadaje-sens\/\">Pawe\u0142 Koz\u0142owski \u201eTworzywo nadaje sens\u201d, EXIT, nr 2\/2007<\/a><\/p>\n<p><a href=\"http:\/\/sylwester-ambroziak.com\/index.php\/michal-haake-w-strone-antyhumanizmu-wokol-tworczosci-sylwestra-ambroziaka\/\">Micha\u0142 Haake \u201eW stron\u0119 antyhumanizmu, wok\u00f3\u0142 tw\u00f3rczo\u015bci Sylwestra Ambroziaka\u201d, album Sylwester Ambroziak, CRP Oro\u0144sko 2005<\/a><\/p>\n<p><a href=\"http:\/\/sylwester-ambroziak.com\/index.php\/agnieszka-rayzacher-scenariusz-dla-zakletych-w-drewnie\/\">Agnieszka Rayzacher \u201eScenariusz dla zakl\u0119tych w drewnie\u201d, katalog wystawy &#8222;Sylwester Ambroziak &#8211; Wewn\u0119trznie Ci\u0119 przypominam&#8221; Muzeum Rze\u017aby Wsp\u00f3\u0142czesnej, CRP Oro\u0144sko, maj &#8211; sierpie\u0144 2004 Miejska Galeria Sztuki w \u0141odzi, stycze\u0144 &#8211; luty 2005 &#8230;<\/a><\/p>\n<p><a href=\"http:\/\/sylwester-ambroziak.com\/index.php\/krzysztof-zwirblis-ekspresja-archetypow\/\">Krzysztof \u017bwirblis \u201eEkspresja archetyp\u00f3w\u201d, katalog wystawy &#8222;Sylwester Ambroziak: Rze\u017aba &#8211; Rysunek&#8221;, Galeria Sztuki Wie\u017ca Ci\u015bnie\u0144, Konin 2004<\/a><\/p>\n<p><a href=\"http:\/\/sylwester-ambroziak.com\/index.php\/wladyslaw-kazmierczak-rzezba-jako-milosc-bezgraniczna\/\">W\u0142adys\u0142aw Ka\u017amierczak \u201eRze\u017aba jako mi\u0142o\u015b\u0107 bezgraniczna\u201d, \u201eEXIT\u201d 3(59), 2004, str. 3470 \u2013 3473<\/a><\/p>\n<p><a href=\"http:\/\/sylwester-ambroziak.com\/index.php\/mariusz-knorowski-wewnetrznie-cie-przypominam\/\">Mariusz Knorowski \u201eWewn\u0119trznie Ci\u0119 przypominam\u201d, Kwartalnik Rze\u017aby \u201eOro\u0144sko\u201d, ISSN 1239-6703, nr 3(56) 2004, str. 3-5<\/a><\/p>\n<p><a href=\"http:\/\/sylwester-ambroziak.com\/index.php\/jaroslaw-swierszcz-rzezby-sylwestra-ambroziaka\/\">Jaros\u0142aw \u015awierszcz \u201eRze\u017aby Sylwestra Ambroziaka\u201d, \u201eSylwester Ambroziak. Rze\u017aba\u201d, Galeria BWA, Olsztyn 2002<\/a><\/p>\n<p><a href=\"http:\/\/sylwester-ambroziak.com\/index.php\/eulalia-domanska-nowa-mitologia-z-hybrydami\/\">Eulalia Doma\u0144ska \u201eNowa mitologia z hybrydami\u201d, katalog wystawy &#8222;Sylwester Ambroziak: Rze\u017aba&#8221;, Galeria Sztuki Wsp\u00f3\u0142czesnej BWA, Olsztyn 2002\u037e Galeria Sztuki Wozownia, Toru\u0144 2002<\/a><\/p>\n<p><a href=\"http:\/\/sylwester-ambroziak.com\/index.php\/michal-haake-plec-z-drewna\/\">Micha\u0142 Haake \u201eP\u0142e\u0107 z drewna\u201d tekst do wystawy: &#8222;Sylwester Ambroziak: Rze\u017aba &#8211; rysunek&#8221;, Galeria Ba\u0142tyckiego Centrum Sztuki, S\u0142upsk 2002<\/a><\/p>\n<p><a href=\"http:\/\/sylwester-ambroziak.com\/index.php\/robert-jakes\/\">Robert Jakes, Stackpole, Pembroke, marzec 1993<\/a><\/p>\n<p><a href=\"http:\/\/sylwester-ambroziak.com\/index.php\/michal-haake-o-tworczosci-sylwestra-ambroziaka-studium-z-historii-rzezby-w-polsce-konca-xx-wieku\/\">Micha\u0142 Haake \u201eO tw\u00f3rczo\u015bci Sylwestra Ambroziaka. Studium z historii rze\u017aby w Polsce ko\u0144ca XX wieku.\u201d, katalog wystawy &#8222;Sylwester Ambroziak&#8221;, Muzeum Rze\u017aby Wsp\u00f3\u0142czesnej, CRP Oro\u0144sko, 2004<\/a><\/p>\n<p><a href=\"http:\/\/sylwester-ambroziak.com\/index.php\/ewa-klekot-wota-i-fetysze-z-wosku\/\">Ewa Klekot \u201eWota i fetysze z wosku\u201d, ksi\u0105\u017cka \u2018Sylwester Ambroziak\u201d, Galeria Miejska \u201eArsena\u0142\u201d, Pozna\u0144 2001<\/a><\/p>\n<p><a href=\"http:\/\/sylwester-ambroziak.com\/index.php\/jerzy-brukwicki-rzezba-rysunek-sylwester-ambroziak\/\">Jerzy Brukwicki \u201eRze\u017aba, rysunek. Sylwester Ambroziak\u201d, katalog, Galeria Krytyk\u00f3w POKAZ, Warszawa 02\/03 2000<\/a><\/p>\n<p><a href=\"http:\/\/sylwester-ambroziak.com\/index.php\/mariusz-rosiak-kuszenie-sylwestra-ambroziaka\/\">Mariusz Rosiak \u201eKuszenie Sylwestra Ambroziaka\u201d, \u201eEXIT\u201d nr 3 (39) 1999, str. 2008 &#8211; 2009<\/a><\/p>\n<p><a href=\"http:\/\/sylwester-ambroziak.com\/index.php\/piotr-szubert-figura-w-rzezbie-polskiej-xix-i-xx-wieku\/\">Piotr Szubert, katalog wystawy &#8222;Figura w rze\u017abie polskiej XIX i XX wieku&#8221;, Galeria Sztuki Wsp\u00f3\u0142czesnej &#8222;Zach\u0119ta&#8221;, Warszawa 1999, Centrum Rze\u017aby Polskiej, Oro\u0144sko 1999<\/a><\/p>\n<p><a href=\"http:\/\/sylwester-ambroziak.com\/index.php\/ewa-klekot-nieoswojona-czulosc-gestu\/\">Ewa Klekot \u201eNieoswojona czu\u0142o\u015b\u0107 gestu\u201d, katalog \u201eSylwester Ambroziak. Rze\u017aba\u201d, Galeria \u201eC\u201d, Ciechan\u00f3w 1998<\/a><\/p>\n<p><a href=\"http:\/\/sylwester-ambroziak.com\/index.php\/jolanta-ciesielska-pytania-o-empatie\/\">Jolanta Ciesielska \u201ePytania o empatie\u201d, katalog \u201eSylwester Ambroziak. Rze\u017aba\u201d, BWA Bydgoszcz 03.1997<\/a><\/p>\n<p><a href=\"http:\/\/sylwester-ambroziak.com\/index.php\/magdalena-ujma-brzydota-ironia-czulosc\/\">Magdalena Ujma \u201eBrzydota, ironia, czu\u0142o\u015b\u0107\u201d, katalog \u201eSylwester Ambroziak. Rze\u017aba\u201d, Galeria Manhattan, \u0141\u00f3d\u017a 12.1996 &#8211; 01.1997<\/a><\/p>\n","protected":false},"excerpt":{"rendered":"<p>TEKSTY KRYTYCZNE Micha\u0142 Haake, &#8222;Homo ludens, czyli o najwa\u017cniejszej przemianie tw\u00f3rczo\u015bci Sylwestra Ambroziaka&#8221;, 2025 Natalia Cie\u015blak \u201eEkspresja uciele\u015bniona\u201d, Pozna\u0144 2024 Stanis\u0142awa Zacharko-\u0141agowska, do wystawy &#8222;Niewinno\u015b\u0107&#8221;, Kielce 2021 Krzysztof Stanis\u0142awski, do wystawy &#8222;Niewinno\u015b\u0107&#8221;, Toru\u0144 2021 Micha\u0142 Haake Inny w \u201ePrzystani sztuki\u201d. Pozna\u0144 2018 Micha\u0142 Haake &#8222;Filmy Sylwestra Ambroziaka jako \u015bwiadectwo jego artystycznej postawy&#8221;, katalog wystawy &#8222;DISTANT &hellip; <a href=\"https:\/\/sylwester-ambroziak.com\/index.php\/wykaz\/\" class=\"more-link\">Czytaj dalej <span class=\"screen-reader-text\">Wykaz<\/span><\/a><\/p>\n","protected":false},"author":1,"featured_media":0,"parent":0,"menu_order":0,"comment_status":"closed","ping_status":"closed","template":"","meta":{"footnotes":""},"class_list":["post-771","page","type-page","status-publish","hentry"],"_links":{"self":[{"href":"https:\/\/sylwester-ambroziak.com\/index.php\/wp-json\/wp\/v2\/pages\/771","targetHints":{"allow":["GET"]}}],"collection":[{"href":"https:\/\/sylwester-ambroziak.com\/index.php\/wp-json\/wp\/v2\/pages"}],"about":[{"href":"https:\/\/sylwester-ambroziak.com\/index.php\/wp-json\/wp\/v2\/types\/page"}],"author":[{"embeddable":true,"href":"https:\/\/sylwester-ambroziak.com\/index.php\/wp-json\/wp\/v2\/users\/1"}],"replies":[{"embeddable":true,"href":"https:\/\/sylwester-ambroziak.com\/index.php\/wp-json\/wp\/v2\/comments?post=771"}],"version-history":[{"count":45,"href":"https:\/\/sylwester-ambroziak.com\/index.php\/wp-json\/wp\/v2\/pages\/771\/revisions"}],"predecessor-version":[{"id":2789,"href":"https:\/\/sylwester-ambroziak.com\/index.php\/wp-json\/wp\/v2\/pages\/771\/revisions\/2789"}],"wp:attachment":[{"href":"https:\/\/sylwester-ambroziak.com\/index.php\/wp-json\/wp\/v2\/media?parent=771"}],"curies":[{"name":"wp","href":"https:\/\/api.w.org\/{rel}","templated":true}]}}