{"id":753,"date":"2018-08-03T21:24:15","date_gmt":"2018-08-03T19:24:15","guid":{"rendered":"http:\/\/sylwester-ambroziak.com\/?page_id=753"},"modified":"2026-02-12T12:58:40","modified_gmt":"2026-02-12T11:58:40","slug":"zbiorowe","status":"publish","type":"page","link":"https:\/\/sylwester-ambroziak.com\/index.php\/zbiorowe\/","title":{"rendered":"Zbiorowe"},"content":{"rendered":"<p>2025<br \/>\n-\u201eFigura \u2013 Przestrze\u0144 \u2013 Proces\u201d, Muzeum ASP,\u00a0 Warszawa<\/p>\n<p>2024<br \/>\n&#8211; \u201eNowa Ekspresja\u201d , \u201eCSW &#8211; Znaki czasu\u201d, Toru\u0144<\/p>\n<p>2023<br \/>\n-\u201e 17 Km w linii prostej od Radonia &#8211; rewizyta\u201e Galeria Oran\u017ceria, Centrum Rze\u017aby Polskiej ,Oro\u0144sko<br \/>\n&#8211; \u201eTw\u00f3rczy dotyk\u00a0 III\u201d, Galeria Sztuki \u201e Rozruch\u201d, Pozna\u0144<br \/>\n&#8211;\u00a0 \u201eCia\u0142o obce \/ cia\u0142o w\u0142asne\u201d , Miejska Galeria\u00a0 Sztuki, \u0141\u00f3d\u017a<\/p>\n<p>2022<br \/>\n&#8211; \u201ePonad Granicami\u201d, Nord Art 2022,Pawilon Polski, Budelsdorf, Niemcy \/katalog\/<\/p>\n<p>2021<br \/>\n&#8211; \u201e\u015awi\u0119to\u015b\u0107 natury\u201d, CSW Znaki Czasu, Toru\u0144<\/p>\n<p>2020<br \/>\n&#8211; \u201e\u015awi\u0119to\u015b\u0107 natury ?\u201d, Miejska Galeria Sztuki , Cz\u0119stochowa<\/p>\n<p>2018<br \/>\n&#8211; \u201eNiepodleg\u0142o\u015b\u0107 sztuki, wolno\u015b\u0107 artyst\u00f3w\u201d, Towarzystwo \u201eZach\u0119ta\u201d oraz Muzeum Cz\u0119stochowa \/katalog\/<br \/>\n&#8211; \u201eKunszt \u2013 100 lat polskiej rze\u017aby\u201d, Muzeum Sztuki Bourse, Ryga, \u0141otwa \/ katalog\/<br \/>\n&#8211; \u201eWszystko widz\u0119 , nic nie s\u0142ysz\u0119\u201d, Muzeum G\u00f3rno\u015bl\u0105skie, Bytom \/ katalog\/<br \/>\n&#8211; \u201eKunszt \u2013 100 lat polskiej rze\u017aby\u201d, Muzeum , Centrum Rze\u017aby Polskiej, Oro\u0144sko\/ katalog\/<br \/>\n&#8211; \u201eKunszt \u2013 100 lat polskiej rze\u017aby\u201d, Zbrojownia Sztuki, ASP Gda\u0144sk \/ katalog\/<br \/>\n&#8211; \u201eI po co mam wolno\u015b\u0107\u201d, Centrum Sztuki Wsp\u00f3\u0142czesnej , Toru\u0144<\/p>\n<p>2017<br \/>\n&#8211; \u201eHomo Prostitutis\u201d, Galeria Sztuki Wsp\u00f3\u0142czesnej BWA Sok\u00f3\u0142, Nowy S\u0105cz<br \/>\n&#8211; \u201eSztuka wolno\u015bci . Polska Nowa Ekspresja lat 80. XX wieku walcz\u0105ca\u201d, Kuhlhaus , Berlin \/katalog\/<br \/>\n&#8211; \u201e Art Work\u201d, Mystetskyi Arsenal, Kij\u00f3w, Ukraina \/katalog\/<br \/>\n&#8211; \u201c Art Work\u201d, Galeria Miejska BWA , Wroc\u0142aw \/katalog\/<br \/>\n&#8211; \u201e Park Sztuki\u201d, Galeria Podlaska, Bia\u0142a Podlaska<\/p>\n<p>2016<br \/>\n&#8211; \u201eRze\u017aba\u201d, Muzeum Miejskie, Wroc\u0142aw<br \/>\n&#8211; \u201eOro\u0144sko. 17 km w linii prostej.\u201d, MCSW \u201eElektrownia\u201d, Radom \/katalog\/<br \/>\n&#8211; \u201e\u017by\u0107 Sztuk\u0105\u201d, Muzeum im. Jacka Malczewskiego, Radom \/album\/<br \/>\n&#8211; \u201eInny \u015awiat\u201d, Galeria BWA, Ostrowiec \u015awi\u0119tokrzyski<br \/>\n&#8211; \u201eOnce upon a time\u201d, Galeria Titanikas, Wilno, Litwa \/katalog\/<br \/>\n&#8211; \u201eOnce upon a time\u201d, Galeria Meno Parkas, Kowno, Litwa \/katalog\/<br \/>\n&#8211; \u201eOnce upon a time\u201d, Galreia Civita Nova, Great Amber, Liepaja, \u0141otwa \/katalog\/<\/p>\n<p>2015<br \/>\n&#8211; \u201eNomen Woman\u201d, Miejska Galeria Sztuki, Cz\u0119stochowa \/katalog\/<br \/>\n&#8211; \u201ePark sztuki\u201d, Galeria Podlaska, Bia\u0142a Podlaska<br \/>\n&#8211; \u201eO polskich buntach w czasach PRL-u w tw\u00f3rczo\u015bci Edwarda Dwurnika i trzydziestu innych artyst\u00f3w\u201d, Muzeum Sztuki Wsp\u00f3\u0142czesnej , Radom<br \/>\n&#8211; \u201eAlfabet Rze\u017aby\u201d, Muzeum Rze\u017aby Wsp\u00f3\u0142czesnej, CRzP, Oro\u0144sko<\/p>\n<p>2014<br \/>\n&#8211; \u201eMuse inquietenti. Ritratte de domini inqieti\u201d, Nuova Galleria Morone , Mediolan, W\u0142ochy \/ katalog\/<br \/>\n&#8211; \u201cDisquietie Muses\u201d, Galleria Geothe, Bolzano, W\u0142ochy<br \/>\n&#8211; \u201e1990\u201d, Galeria Miejska, Wroc\u0142aw \/ katalog\/<br \/>\n&#8211; \u201eSztuka w Polsce oko\u0142o r. 1989\u201d, Muzeum Sztuki Wsp\u00f3\u0142czesnej, Radom<br \/>\n&#8211; \u201eDroga do wolno\u015bci\u201d, P\u0142ocka Galeria Sztuki, P\u0142ock<br \/>\n&#8211; \u201ePark sztuki\u201d, Galeria Podlaska, Bia\u0142a Podlaska<br \/>\n&#8211; \u201eNomen Woman\u201d, Galeria \u0141a\u017ania, Radom \/ katalog\/<br \/>\n&#8211; \u201eNomen Woman\u201d, Galeria BWA, Kielce \/ katalog\/<br \/>\n&#8211; \u201eSpecimen \u2013 Pr\u00f3ba Kolekcji\u201d, CSW Elektrownia , Radom \/ katalog\/<\/p>\n<p>2013<br \/>\n&#8211; \u201eDialog miejsca\u201d, Zamek Malbork, \/katalog\/<\/p>\n<p>2012<br \/>\n&#8211; \u201eSympozjum Rzeczpospolitej 2012\u201d , Centrum Rze\u017aby Polskiej Oro\u0144sko<br \/>\n&#8211; \u201e Space &gt; Points , II Sculpture Biennale, Szentendre, W\u0119gry \/ katalog\/<br \/>\n&#8211; \u201cPi\u0119ciu rze\u017abiarzy. Sylwester Ambroziak, Jerzy Bere\u015b, W\u0142adys\u0142aw Hasior, J\u00f3zef \u0141ukomski i Olgierd Truszkowski\u201d, Muzeum Sztuki Wsp\u00f3\u0142czesnej, Radom<\/p>\n<p>2011<br \/>\n&#8211; \u201eAlfabet rze\u017aby\u201d, Muzeum Rze\u017aby Wsp\u00f3\u0142czesnej CRP , Oro\u0144sko<br \/>\n&#8211; \u201ePolityka i etyka\u201d , Muzeum Sztuki Wsp\u00f3\u0142czesnej, Radom<br \/>\n&#8211; \u201eFestiwal Sztuki 3 M, Ziemia \u2013 materia\u0142, medium, metafora\u201d, Galeria Sztuki \u201e Ostro\u0142\u0119ka\u201d, Galeria \u201eC\u201d , Ciechan\u00f3w, Galeria \u201e Elektor\u201d, Warszawa<br \/>\n&#8211; \u201eGucio zaczarowany\u201d, Pamenkalnio Galerija , Wilno, Litwa \/ katalog\/<br \/>\n&#8211; \u201eRecycling the Iron Curtain\u201d, Kuhlhaus, Berlin , Niemcy \/katalog\/<\/p>\n<p>2010<br \/>\n&#8211; \u201eBeruhrugen- dotyk cz\u0142owieka\u201d, Ambasada Niemiec, Warszawa<br \/>\n&#8211; \u201eEast Beast- Polska Nowa Ekspresja od lat 80. XX wieku\u201d, Centrum Sztuki Wsp\u00f3\u0142czesnej OSTRALE, Drezno, Niemcy \/ katalog\/<br \/>\n&#8211; \u201eFestiwal Wysokich Temperatur\u201d, Sympozjum Rze\u017abiarskie, Akademia Sztuk Pi\u0119knych,, Wroc\u0142aw<br \/>\n&#8211; \u201eApogeum. Nowa Ekspresja 1987\u201d,Centrum Sztuki Wsp\u00f3\u0142czesnej \u201e Znaki Czasu\u201d, Toru\u0144 \/ katalog\/<br \/>\n&#8211; \u201ePlener Plater\u00f3w 2010\u201d, Plater\u00f3w \/ katalog\/<br \/>\n&#8211; \u201eArt. Konfrontacje\u201d, Plener Rze\u017abiarski, Pole Mokotowskie ,Warszawa<br \/>\n&#8211; \u201eDACH-11\u201d, Festiwal Sztuki, Pa\u0142ac Sztuki, Mi\u0144sk , Bia\u0142oru\u015b<br \/>\n&#8211; \u201e Immagina 12\u201d, Arte In Fiera, Reggio Emilia, Bolonia , W\u0142ochy<br \/>\n&#8211; \u201e Pol-Slov\u201d, Perun , Warszawa<br \/>\n&#8211; \u201e Peace With Art In A Word Without Borders\u201d, Castello di Duino, Triest, W\u0142ochy \/ katalog\/<\/p>\n<p>2009<br \/>\n&#8211; \u201e20 Lat Galerii Milano\u201d, Galeria Milano , Warszawa<br \/>\n&#8211; \u201eRepublika Bananowa\u201d, MODEM &#8211; Muzeum Sztuki Nowoczesnej, Debreczyn, W\u0119gry \/ katalog \/<br \/>\n&#8211; \u201eRepublika Bananowa\u201d, Narodowe Muzeum Sztuki Wsp\u00f3\u0142czesnej, Bukareszt, Rumunia \/ katalog \/<br \/>\n&#8211; \u201eW drodze do wolno\u015bci \u2013 sztuka w Polsce wobec spraw publicznych 1966-1994\u201d Galeria Miejska BWA, Bydgoszcz \/ katalog \/<br \/>\n&#8211; \u201eFestiwal sztuki \u2013 kamie\u0144\u201d, Galeria Sztuki, OCK Ostro\u0142\u0119ka \/katalog \/<br \/>\n&#8211; \u201eBli\u017aniemu swemu\u2026.2009\u201d, Zach\u0119ta, Narodowa Galeria Sztuki, Warszawa<br \/>\n&#8211; \u201eTriennale Rze\u017aby \u2013 Kryzys gatunku\u201d, Centrum Kultury Zamek, Pozna\u0144 \/ katalog \/<br \/>\n&#8211; \u201eSpotkanie\u201d, plener ceramiczny, Galeria D\u0142uga, DOK Boles\u0142awiec \/ katalog \/<\/p>\n<p>2008<br \/>\n&#8211; \u201ePertolzhofener Kunstdingertage 2008\u201d, Kunstverein Pertolzhofen e. V. , Niemcy<br \/>\n&#8211; \u201cFlur 2008\u201d ,Vogtlandisches Holzbildhauersymposium, Erlbach \/ Eubabrunn, Niemcy<br \/>\n-\u201ePreludium, rze\u017aba w mie\u015bcie\u201d, Centrum Kultury Zamek, Pozna\u0144<br \/>\n&#8211; \u201eSpotkanie tw\u00f3rc\u00f3w\u201d, Bu\u0142garski Instytut Kultury, Warszawa<br \/>\n&#8211; \u201e Affordable Art Fair, Autumn Collection 2008\u201d , Targi Sztuki, , Londyn, Anglia<br \/>\n&#8211; \u201cAffordable Art Fair , Amsterdam 2008 \u2018 , Targi Sztuki, Amsterdam Holandia<\/p>\n<p>2007<br \/>\n-\u201eKolekcja Sztuki Wsp\u00f3\u0142czesnej. Centrum Rze\u017aby Polskiej w Oro\u0144sku\u201d, Galeria Sztuki Wsp\u00f3\u0142czesnej BWA, Katowice<br \/>\n-\u201eSollentuna\u201d, Targi Sztuki, Galeria Mitteleuropa, Sztokholm, Szwecji \/ katalog \/<br \/>\n-\u201eFestiwal Metalu\u201d, Galeria Sztuki, Ostro\u0142\u0119ka \/ katalog \/<br \/>\n-\u201eWymiana jako sztuka\u201d, kolekcja Tomasza Kawiaka, Galeria Grodzka, BWA Lublin \/ katalog \/<br \/>\n-\u201ePertolzhofener Kunstdingertage 2007\u201d, Kunstverein Pertolzhofen e.V. , Niemcy<br \/>\n-\u201e Kamienny Kr\u0105g\u201c, Plener Rze\u017abiarski, Nietulisko<br \/>\n-\u201eAlfabet Rze\u017aby \u2013 abc\u2026\u201d, \u201eMuzeum Rze\u017aby Wsp\u00f3\u0142czesnej, CRP Oro\u0144sko<br \/>\n-\u201eBli\u017aniemu swemu\u20262007\u201d , \u201eZach\u0119ta\u201d Narodowa Galeria Sztuki, Warszawa<\/p>\n<p>2006<br \/>\n-\u201eDwie generacje polskiej sztuki wsp\u00f3\u0142czesnej\u201d, Klasztor \u015bw. Katarzyny, Finale Ligure Borgo, W\u0142ochy \/ katalog \/<br \/>\n-\u201e\u017bywoty zwierz\u0105t\u201d, Miejska Galeria Sztuki, Cz\u0119stochowa \/ katalog \/<br \/>\n-\u201eW stron\u0119 Innego. Obserwacje i interwencje\u201d, O\u015brodek Propagandy Sztuki, Miejska Galeria Sztuki, \u0141\u00f3d\u017a \/ katalog \/<br \/>\n-\u201eSztuka wobec z\u0142a\u201d, VI Triennale Sztuki Sacrum, Miejska Galeria Sztuki, Cz\u0119stochowa \/ katalog \/<br \/>\n-\u201eSztuka w Polsce wobec spraw publicznych 1966 \u2013 1994\u201d, Muzeum Sztuki Wsp\u00f3\u0142czesnej, Radom<br \/>\n-\u201eSztuka wobec z\u0142a\u201d, VI Triennale Sztuki Sacrum, P\u0142ocka Galeria Sztuki, P\u0142ock \/ katalog \/<br \/>\n-\u201eObrazowanie\u201d, Mazowieckie Centrum Sztuki Wsp\u00f3\u0142czesnej, Elektrownia, Radom \/ katalog \/<br \/>\n-\u201eSollentuna\u201d, Targi sztuki, Sztokholm, Szwecja \/ katalog\/<br \/>\n-\u201eW drodze\u201d, Miejska Galeria Sztuki , Sandomierz<\/p>\n<p>2005<br \/>\n-\u201eWarszawski Festiwal Sztuk Pi\u0119knych\u201d, Stowarzyszenie Pracownie Tw\u00f3rcze -Lubelska, Warszawa \/ katalog \/<br \/>\n-\u201eW\u015br\u00f3d przyjaci\u00f3\u0142\u201d, Galeria Sztuki Wsp\u00f3\u0142czesnej, Pracownia-Galeria, Warszawa \/katalog\/<br \/>\n-\u201eW stron\u0119 cz\u0142owieka\u201d, P\u0142ocka Galeria Sztuki, P\u0142ock<br \/>\n-\u201eAzymut Rze\u017aby\u201d, O\u015brodek Propagandy Sztuki, Miejska Galeria Sztuki , \u0141\u00f3d\u017a<br \/>\n-\u201eKolekcja 13\u201d, Muzeum Sztuki Wsp\u00f3\u0142czesnej, Radom<br \/>\n-\u201e\u015awiadkowie czasu\u201d, Instytut Polski , Sztokholm, Szwecja<br \/>\n-\u201e\u015awiadectwa czasu\u201d, Instytut Polski, Berlin, Niemcy<br \/>\n-\u201eW stron\u0119 Innego. Obserwacje i interwencje\u201d, Galeria Sztuki Wsp\u00f3\u0142czesnej BWA, Katowice, \/ katalog \/<\/p>\n<p>2004<br \/>\n&#8211; \u201eWarszawa w Wilnie, Wilno w Warszawie\u201d, Galeria Sztuki \u201eArka\u201d, Wilno, Litwa, \/katalog \/<br \/>\n-\u201eWarszawa w Kijowie\u201d, Centralny Dom Artysty Plastyka, Galeria Narodowa Zwi\u0105zku Artyst\u00f3w Plastyk\u00f3w Ukrainy, Kij\u00f3w, Ukraina, \/ katalog \/<br \/>\n-\u201eKolekcja 12\u201d, Muzeum Sztuki Wsp\u00f3\u0142czesnej, Radom<br \/>\n-\u201ePrzyjaciele Kr\u00f3lika\u201d, Zamek Ksi\u0105\u017c\u0105t Pomorskich, Szczecin<br \/>\n&#8211; \u201eTeatr wyzwolonych \u017cywio\u0142\u00f3w\u201d, Euroart,1 Biennale Sztuki, Koszary Sztuki, \u015awinouj\u015bcie<br \/>\n&#8211; \u201eSacrum 2004\u201d, 11 Biennale Sztuki Sakralnej, Galeria Sztuki BWA, Gorz\u00f3w Wlkp.<br \/>\n-\u201ePaleta Erosa\u201d, Centrum Kultury \u201eZamek\u201d, Pozna\u0144<\/p>\n<p>2003<br \/>\n&#8211; \u201eKolekcja 11\u201d, Muzeum Sztuki Wsp\u00f3\u0142czesnej, Radom<br \/>\n-\u201ePrzyjaciele Kr\u00f3lika\u201d, Kr\u00f3likarnia, Muzeum Narodowe, Warszawa<br \/>\n&#8211; \u201eCo widzi trupa wyszklona \u017arenica\u201d, Muzeum Okr\u0119gowe, Bydgoszcz<br \/>\n&#8211; \u201ePaleta Erosa\u201d, Muzeum Archeologiczne, Pozna\u0144<br \/>\n&#8211; \u201eKunstsymposium\u201d, Kunstbahnhof , Herrnhut, Niemcy<br \/>\n&#8211; \u201eBli\u017aniemu swemu &#8230; 2004\u201d, CBWA \u201e Zach\u0119ta\u201d, Warszawa<\/p>\n<p>2002<br \/>\n&#8211; \u201eStrasse der Skulpturen\u201d, Galerie e.o., Plauen, Niemcy<br \/>\n-\u201eAmory\u201d, Galeria Art. New Media, Warszawa<br \/>\n-\u201eCo widzi trupa wyszkolona \u017arenica\u201d, CBWA \u201e Zach\u0119ta\u201d, Warszawa<br \/>\n&#8211; \u201ePaleta Erosa\u201d, Teatr Polski, Pozna\u0144<br \/>\n-\u201eMit i symbol\u201d, XIII Mi\u0119dzynarodowe Biennale Rze\u017aby, Pozna\u0144 2002, Galeria Miejska \u201e Arsena\u0142\u201d, Pozna\u0144 \/ katalog \/<\/p>\n<p>2001<br \/>\n&#8211; \u201eWojna w cz\u0142owieku\u201d, Muzeum Rze\u017aby Wsp\u00f3\u0142czesnej, CRP, Oro\u0144sko,<br \/>\n&#8211; \u201eArt Jonction\u201d 15 Foire Internationale D\u2019art Contemporain, Nicea, Francja<\/p>\n<p>2000<br \/>\n\u2013 XII Biennale Rze\u017aby, Pozna\u0144 2000, Galeria Miejska BWA \u201eArsena\u0142\u201d, Pozna\u0144<br \/>\n&#8211; \u201eGrosse Kunstausstellung\u201c, NRW 2000, Dusseldorf, Niemcy \/ katalog \/<br \/>\n&#8211; \u201eFLUR 2000\u201d, Holzbildhauer Symposium, Erlbach\/Eubabrun, Niemcy<br \/>\n&#8211; \u201eL\u2019Art dans le Monde\u201d, Paris-Musees, Pary\u017c, Francja \/ katalog \/<br \/>\n&#8211; \u201eCoincidence\u201d, Kulturzentrum Ignis, Kolonia, Niemcy<\/p>\n<p>1999<br \/>\n&#8211; \u201eVI Rohkunstbau\u201d, Gross Leuten, Niemcy \/ katalog\/<br \/>\n&#8211; \u201eGrosse Kunstausstellung\u201c, NRW 1999, D\u00fcsseldorf, Niemcy, \/ katalog \/<br \/>\n&#8211; \u201e Dreilander-Eck\u201d, Kunstbahnhof, Herrnhut, Niemcy<br \/>\n&#8211; \u201e Figura w rze\u017abie polskiej XIX i XX wieku\u201d, CBW \u201e, Zach\u0119ta\u201d, Warszawa, \/katalog \/<\/p>\n<p>1998<br \/>\n&#8211; \u201eDreilander-Eck\u201d, Kunstbahnhof, Herrnhut, Niemcy<br \/>\n&#8211; \u201e Figura w rze\u017abie polskiej XIX i XX wieku\u201d, Muzeum Rze\u017aby Polskiej, CRP, Oro\u0144sko \/ katalog \/<br \/>\n&#8211; \u201eTransformacja figury\u201d, Miejska Galeria BWA \u201e Arsena\u0142\u201d, Pozna\u0144 \/ katalog \/<br \/>\n&#8211; \u201eGrosse Kunstausstellung\u201d, NRW 1998, D\u00fcsseldorf, Niemcy \/ katalog \/<\/p>\n<p>1997<br \/>\n&#8211; \u201eSacrum\u201d, Galeria Miejska BWA, Cz\u0119stochowa<br \/>\n&#8211; \u201eGrosse Kunstausstellung\u201d, NRW 1997, Dusseldorf, Niemcy \/ katalog\/<br \/>\n&#8211; \u201eGalerie prezentuj\u0105\u201d, Galeria Miejska BWA, Cz\u0119stochowa \/ katalog \/<br \/>\n&#8211; \u201eHolz Symposium\u201d, Arkadien, Sch\u00f6nfeld, Niemcy<\/p>\n<p>1996<br \/>\n&#8211; \u201eWsp\u00f3\u0142czesna polska rze\u017aba\u201d, Galeria Sztuk Pi\u0119knych, Ostrawa, S\u0142owacja<br \/>\n&#8211; \u201eRze\u017aba w drewnie\u201d, Muzeum Okr\u0119gowe, Bielsko-Bia\u0142a \/ katalog \/<\/p>\n<p>1995<br \/>\n&#8211; \u201eWok\u00f3\u0142 rze\u017aby lat 70 i 80\u201d, Muzeum Rze\u017aby Wsp\u00f3\u0142czesnej, CRW, Oro\u0144sko \/ katalog \/<br \/>\n&#8211; Plener \u201eKolekcja \u2013 Drewno 95\u201d, Centrum Rze\u017aby Polskiej, Oro\u0144sko \/ org. Muzeum Okr\u0119gowe Bielsko &#8211; Bia\u0142a\/, \/ katalog \/<\/p>\n<p>1994<br \/>\n&#8211; \u201eWarszawa dzisiaj\u201d, Galerie Sztuki \u201eDickens\u201d, Montreal, Kanada<br \/>\n\ue008 poprz. nast. \ue006<br \/>\n&#8211; \u201eVier Elemente\u201d, Hotel Intercontinental, Wiede\u0144, Austria<\/p>\n<p>1994<br \/>\n&#8211; \u201eGro\u00dfe Kunstausstellung\u201c, NRW 1994, D\u00fcsseldorf, Niemcy, \/katalog \/<br \/>\n&#8211; \u201eSacrum\u201d, Galeria Miejska BWA, Cz\u0119stochowa<br \/>\n&#8211; \u201eWsp\u00f3\u0142czesna sztuka z Polski\u201d, Galeria Guth-Mass &amp; Mass, Reutlingen, Niemcy<br \/>\n&#8211; \u201eIkonopress\u201d, Zamek Ksi\u0105\u017c\u0105t Pomorskich, Szczecin, \/katalog \/<br \/>\n&#8211; \u201ePolnische Kulturtage\u201d, Erfurt, Niemcy<br \/>\n&#8211; \u201eTop Five\u201d, La Ciotat, Marsylia, Francja, \/katalog \/<\/p>\n<p>1993<br \/>\n&#8211; \u201eTop Five\u201d, Maison des Artistes, Cagnes sur Meer, Francja, \/katalog \/<\/p>\n<p>1992<br \/>\n&#8211; \u201eDekada\u201d, Aula ASP ,Warszawa<br \/>\n&#8211; Gate Gallery, Karlsruhe, Niemcy<br \/>\n&#8211; \u201eEye on Fork or Hot Icecream &#8211; creme de la creme of Polish Art of 90\u201d, Galeria Miejska BWA, Katowice,<\/p>\n<p>1991<br \/>\n&#8211; \u201eKonfrontacje Artystyczne -Torun\u00b491\u201d, Ratusz Miejski, Toru\u0144, \/katalog \/<br \/>\n-\u201e Notoro Symposion\u00b491\u201d, Centrum Rze\u017aby Polskiej, Oro\u0144sko<br \/>\n&#8211; \u201eSpotkanie\u201d, Galeria ElArt, Warszawa<br \/>\n&#8211; \u201ePolnische Malerei der 80-er Jahre\u201d, Galeria Doroty Kabiesz, D\u00fcsseldorf, Niemcy<br \/>\n&#8211; \u201eSollentuna\u00b491\u201d, Mi\u0119dzynarodowe Targi Sztuki, Sztokholm, Szwecja \/ org. Galeria Brama, Warszawa \/<\/p>\n<p>1990<br \/>\n&#8211; Mi\u0119dzynarodowe Targi Sztuki Interart\u00b490, Pozna\u0144, Galeria Notoro,<br \/>\n&#8211; \u201ePologne\u00b490\u201d Saint Gilles City Hall, Bruksela, org. Galeria Brama, Warszawa<br \/>\n&#8211; \u201eNotoro Symposium\u201d d. Zak\u0142ady im. Norblina, Warszawa,<br \/>\n&#8211; Mi\u0119dzynarodowe Symposium Notoro\u00b490, CRP Oro\u0144sko,<\/p>\n<p>1989<br \/>\n&#8211; \u201eGrand Mal\u201d,Galeria BWA, Pu\u0142awy, \/ katalog \/<\/p>\n<p>1986<br \/>\n&#8211; \u201eCukrownia\u201d, Galeria \u201e Przy Rynku\u201d, Warszawa,<\/p>\n<p>PRACE W ZBIORACH:<br \/>\nMuzeum Sztuki Wsp\u00f3\u0142czesnej Radom, Muzeum Okr\u0119gowe Toru\u0144, Muzeum Rze\u017aby Wsp\u00f3\u0142czesnej CRP Oro\u0144sko, , Muzeum Akademii Sztuk Pi\u0119knych<br \/>\nWarszawa, Muzeum Okr\u0119gowe Bielsko-Bia\u0142a, Centrum Sztuki Wsp\u00f3\u0142czesnej Galeria El, Mi\u0119dzynarodowa Kolekcja Sztuki Wsp\u00f3\u0142czesnej \u201eNotoro\u201d, \u201eStary<br \/>\nBrowar\u201d Pozna\u0144, Galeria Miejska \u201eArsena\u0142\u201d Pozna\u0144, Kolekcja \u201eZach\u0119ta\u201d Pozna\u0144, Kolekcja Art. &amp; Business Warszawa<br \/>\nKunsthalle Exnergasse Wiede\u0144, Hotel Intercontinental Wiede\u0144, Galeria Promocyjna \u2013 Fundacja \u201eEXIT\u201c Warszawa,<br \/>\nFundacja Kultury Warszawa, Kunstbahnhof , Herrnhut Niemcy, Elbach\/Eubabrun , Plauen Niemcy<br \/>\noraz w prywatnych kolekcjach w Polsce, Austrii, Francji, Niemczech, Belgii, Szwajcarii, Wielkiej Brytanii, Kanadzie, Luxemburgu i Szwecji.<br \/>\nUDZIA\u0141 W TARGACH SZTUKI:<br \/>\n&#8211; \u201eInterart\u2019 90\u201d, Mi\u0119dzynarodowe Targi Sztuki Pozna\u0144,<br \/>\n&#8211; \u201e Sollentuna\u201991 , 2006, 2007\u201d , Mi\u0119dzynarodowe Targi Sztuki, Sztokholm<br \/>\n&#8211; \u201eArt. Jonction 2001\u201d, 15 Foire Intrnationale D\u2019art Contemporain, Nicea,<br \/>\n&#8211; \u201eAffordable Art. Fair, Amsterdam 2008\u201d ,<br \/>\n&#8211; \u201eAffordable Art. Fair\u201d 2008 Londyn<br \/>\n&#8211; \u201c Immagina 12\u201d, 2010, Arte in Fiera, Reggio Emilia, Bolonia<br \/>\nFILMOGRAFIA \/wyb\u00f3r\/<br \/>\n-\u201cPegaz\u201d, relacja z wystawy w Galerii Promocyjnej i z Galerii Zapiecek ,6 luty 1990<br \/>\n-\u201cCollage Portrait \u037e Sylwester Ambroziak\u201d, Collage Art Magazine, 1 TVP \/ real. Marzena Grde\u0144, Krzysztof Stanis\u0142awski\/ 1992<br \/>\n&#8211; Prezentacja prac Ambroziaka z Notoro Symposium 1990 i z \u201c Konfrontacji Artystycznych- Toru\u0144\u2019 91\u201d,- \u201e Galeria 37 milion\u00f3w\u201d, real. Franciszek Kuduk,<br \/>\n2TVP,1990, 1991<br \/>\n&#8211; Reporta\u017c z wystawy \u201eWewn\u0119trznie Ci\u0119 przypominam\u201d Muzeum Rze\u017aby Wsp\u00f3\u0142czesnej CRP, Oro\u0144sko, Pracownia Wideo CRP Oro\u0144sko, 2004, \/ zapis DVD \/<br \/>\n-Reporta\u017c z wystawy \u201eNiewini\u0105tka\u201d Galeria \u201eOran\u017ceria\u201d CRP, Oro\u0144sko, Pracownia Wideo CRP Oro\u0144sko, 2008<br \/>\n,\/ zapis DVD\/<br \/>\n&#8211; Relacja z wystawy \u201eRepublika Bananowa\u201d Muzeum Sztuki Wsp\u00f3\u0142czesnej MODEM Debreczyn oraz Narodowe Muzeum Sztuki Wsp\u00f3\u0142czesnej w Bukareszt, TVP<br \/>\nWroc\u0142aw, 2009<br \/>\n&#8211; Relacja z wystawy \u201e Rozbi\u00f3rka \u017belaznej Kurtyny\u201d, Kuhlhaus , Berlin Niemcy, TVP Katowice 2011<\/p>\n","protected":false},"excerpt":{"rendered":"<p>2025 -\u201eFigura \u2013 Przestrze\u0144 \u2013 Proces\u201d, Muzeum ASP,\u00a0 Warszawa 2024 &#8211; \u201eNowa Ekspresja\u201d , \u201eCSW &#8211; Znaki czasu\u201d, Toru\u0144 2023 -\u201e 17 Km w linii prostej od Radonia &#8211; rewizyta\u201e Galeria Oran\u017ceria, Centrum Rze\u017aby Polskiej ,Oro\u0144sko &#8211; \u201eTw\u00f3rczy dotyk\u00a0 III\u201d, Galeria Sztuki \u201e Rozruch\u201d, Pozna\u0144 &#8211;\u00a0 \u201eCia\u0142o obce \/ cia\u0142o w\u0142asne\u201d , Miejska Galeria\u00a0 Sztuki, &hellip; <a href=\"https:\/\/sylwester-ambroziak.com\/index.php\/zbiorowe\/\" class=\"more-link\">Czytaj dalej <span class=\"screen-reader-text\">Zbiorowe<\/span><\/a><\/p>\n","protected":false},"author":1,"featured_media":0,"parent":0,"menu_order":0,"comment_status":"closed","ping_status":"closed","template":"","meta":{"footnotes":""},"class_list":["post-753","page","type-page","status-publish","hentry"],"_links":{"self":[{"href":"https:\/\/sylwester-ambroziak.com\/index.php\/wp-json\/wp\/v2\/pages\/753","targetHints":{"allow":["GET"]}}],"collection":[{"href":"https:\/\/sylwester-ambroziak.com\/index.php\/wp-json\/wp\/v2\/pages"}],"about":[{"href":"https:\/\/sylwester-ambroziak.com\/index.php\/wp-json\/wp\/v2\/types\/page"}],"author":[{"embeddable":true,"href":"https:\/\/sylwester-ambroziak.com\/index.php\/wp-json\/wp\/v2\/users\/1"}],"replies":[{"embeddable":true,"href":"https:\/\/sylwester-ambroziak.com\/index.php\/wp-json\/wp\/v2\/comments?post=753"}],"version-history":[{"count":6,"href":"https:\/\/sylwester-ambroziak.com\/index.php\/wp-json\/wp\/v2\/pages\/753\/revisions"}],"predecessor-version":[{"id":2734,"href":"https:\/\/sylwester-ambroziak.com\/index.php\/wp-json\/wp\/v2\/pages\/753\/revisions\/2734"}],"wp:attachment":[{"href":"https:\/\/sylwester-ambroziak.com\/index.php\/wp-json\/wp\/v2\/media?parent=753"}],"curies":[{"name":"wp","href":"https:\/\/api.w.org\/{rel}","templated":true}]}}