{"id":560,"date":"2018-07-31T14:35:23","date_gmt":"2018-07-31T12:35:23","guid":{"rendered":"http:\/\/sylwester-ambroziak.com\/?page_id=560"},"modified":"2026-02-13T02:15:59","modified_gmt":"2026-02-13T01:15:59","slug":"indywidualne","status":"publish","type":"page","link":"https:\/\/sylwester-ambroziak.com\/index.php\/indywidualne\/","title":{"rendered":"Indywidualne"},"content":{"rendered":"<p>2025<br \/>\n\u2013 \u201eHomo Ludens\u201d,\u00a0 Miejska Galeria Sztuki , Gorz\u00f3w Wlkp.<br \/>\n<a href=\"https:\/\/www.youtube.com\/watch?v=_kHoBlWK2dk\">www.youtube.com<\/a><\/p>\n<p>2024<br \/>\n\u2013\u201eEkspresja uciele\u015bniona\u201d\/ z Aleksandrem Roszkowskim\/\u00a0 Galeria Sztuki \u201e SzokArt\u201d, Pozna\u0144 \/katalog\/<\/p>\n<p>2023<br \/>\n\u2013 \u201eOpuszczone\u201d,\u00a0 instalacja rze\u017abiarska, CSW \u201eZnaki czasu\u201d, Toru\u0144<\/p>\n<p>2022<br \/>\n\u2013\u201e Laleczka stoj\u0105ca na g\u0142owie\u201d, rze\u017aba ,performance, Muzeum im. L. Wycz\u00f3\u0142kowskiego , Bydgoszcz<br \/>\n\u2013 \u201eNiewinno\u015b\u0107\u2019, Galeria Miejska BWA, Kielce\/ katalog\/<br \/>\n&#8211; \u201eNiewinno\u015b\u0107\u2019, Galeria Zielona\u201d Busko Zdr\u00f3j<\/p>\n<p>2021<br \/>\n&#8211; \u201eNiewinno\u015b\u0107\u201d, CSW \u201eZnaki czasu\u201d, Toru\u0144 \/katalog\/<br \/>\n&#8211; \u201eNiewinno\u015b\u0107&#8221; \u2013 rze\u017aby i filmy\u201d, Galeria Sztuki BWA \u201e Zielona\u201d , Busko Zdr\u00f3j<br \/>\n&#8211; \u201eNiewinno\u015b\u0107\u201d, Galeria Miejska, Kielce \/katalog\/<\/p>\n<p>2018<br \/>\n&#8211; \u201eMama, I\u2019m coming Home\u201d, Przysta\u0144 Sztuki, Concordia Design, Pozna\u0144 \/katalog \/<br \/>\n&#8211; \u201eMama, I\u2019m coming Home\u201d, Galeria Podlaska, Bia\u0142a Podlaska<\/p>\n<p>2017<br \/>\n&#8211; \u201eNazywam si\u0119 Cz\u0142owiek\u201d, Muzeum Nadwi\u015bla\u0144skie, Kazimierz Dolny<br \/>\n&#8211; \u201eRze\u017aba\u201d, Galeria 101 Projekt , Warszawa<\/p>\n<p>2016<br \/>\n&#8211; \u201eDistant World\u201d &#8211; instalacja rze\u017abiarsko-d\u017awi\u0119kowa, film animowany, O\u015brodek Propagandy Sztuki, Miejska Galeria Sztuki, \u0141\u00f3d\u017a \/katalog\/<br \/>\n&#8211; \u201eOdleg\u0142y \u015awiat\u201d &#8211; instalacja rze\u017abiarsko \u2013 d\u017awi\u0119kowa, Galeria Centrum Nauki i Sztuki Stara Kopalnia, Wa\u0142brzych <a href=\"https:\/\/www.youtube.com\/watch?v=raReXb2wFX8\">www.youtube.com<\/a><\/p>\n<p>2015<br \/>\n&#8211; \u201eOgr\u00f3d niewini\u0105tek\u201d- instalacja rze\u017abiarska, Browar Faktory Centrum, Katowice\u00a0 folder \/ <a href=\"https:\/\/www.youtube.com\/watch?v=DwRLBq96H-E\">www.youtube.com<\/a><br \/>\n&#8211; \u201eOpuszczeni\u201d- instalacja rze\u017abiarsko \u2013 d\u017awi\u0119kowa, Galeria Szyb Wilson, Katowice <a href=\"https:\/\/www.youtube.com\/watch?v=V7Jo0IKMwok\">www.youtube.com<\/a><br \/>\n&#8211; \u201eHome Sweet Home \u2013 Instalacja rze\u017abiarsko- d\u017awi\u0119kowa, animacje \u201d, Plac Artyst\u00f3w, Kielce \/ katalog \/ <a href=\"https:\/\/www.youtube.com\/watch?v=vwwd4S518Gs\">www.youtube.com<\/a><\/p>\n<p>2014<br \/>\n&#8211; \u201eHome, Sweet Home &#8211; instalacja rze\u017abiarska , animacje\u201d, Galeria Meno Forma , Kowno, Litwa<br \/>\n&#8211; \u201eMisericordia- instalacja rze\u017abiarsko-d\u017awi\u0119kowa, film animowany\u201d, Galeria \u0141a\u017ania, Radom<\/p>\n<p>2013<br \/>\n&#8211; \u201eBaranek &#8211; instalacja rze\u017abiarska, animacje\u201d, Pu\u0142aska Galeria Sztuki, Pu\u0142awy <a href=\"http:\/\/www.youtube.com\/watch?v=QF1yn2xr0QE\">www.youtube.com<\/a><br \/>\n&#8211; \u201eBaranek- instalacja rze\u017abiarska, animacje\u201d, \u201e Galeria Podlaska\u201d, Bia\u0142a Podlaska<br \/>\n&#8211; \u201eSzklane paciorki &#8211; instalacja rze\u017abiarska i animacja\u201d, Muzeum Rze\u017aby Polskiej, CRP Oro\u0144sko \/ album\/ <a href=\"http:\/\/www.youtube.com\/watch?v=PBIFc1k2tnk\">www.youtube.com<\/a><\/p>\n<p>2012<br \/>\n&#8211; \u201eDwa pokoje\u201d, Galeria Ba\u0142ucka, Miejska Galeria Sztuki, \u0141\u00f3d\u017a <a href=\"http:\/\/www.mgslodz.pl\/wystawy\/sylwester-ambroziak-dwa-pokoje-82.html\">zobacz<\/a><br \/>\n&#8211; \u201ePola zn\u00f3w si\u0119 zazieleni\u0105\u201d, Galeria Sztuki Wsp\u00f3\u0142czesnej, Opole , \/ katalog \/<br \/>\n&#8211; \u201eI Feel You\u201d, Galeria Sztuki Wsp\u00f3\u0142czesnej, Przemy\u015bl<br \/>\n&#8211; \u201eSzklane paciorki\u201d, Galeria MT , Muzeum Bielsko \u2013 Bia\u0142a \/ album\/<br \/>\n&#8211; \u201eSzklane paciorki\u201d, Galeria Miejska \u201eArsena\u0142\u201d, Pozna\u0144 \/ album \/<br \/>\n&#8211; \u201eKuszenie \u2013 20 lat p\u00f3\u017aniej\u201d, Galeria Gotycka , Zamek Ksi\u0105\u017c\u0105t Pomorskich, Szczecin <a href=\"http:\/\/www.youtube.com\/watch?v=c_xiONeUEvw\">www.youtube.com<\/a><br \/>\n&#8211; \u201eSylwester Ambroziak &#8211; Rze\u017aba i animacje\u201d, Galeria BWA, Miejski O\u015brodek Sztuki, Gorz\u00f3w Wlkp. \/ katalog\/<br \/>\n&#8211; \u201eSylwester Ambroziak . Rze\u017aba i animacje\u201d, Centrum Sztuki Galeria El, Elbl\u0105g <a href=\"http:\/\/www.youtube.com\/watch?v=RKpuQPkUA0Y\">www.youtube.com<\/a><\/p>\n<p>2011<br \/>\n-\u201eSzklane paciorki . Rze\u017aby i filmy\u201d, Galeria Miejska BWA , Bydgoszcz \/album \/ <a href=\"http:\/\/www.mgslodz.pl\/wystawy\/sylwester-ambroziak-dwa-pokoje-82.html\">zobacz<\/a><\/p>\n<p>2010<br \/>\n-\u201eSylwester Ambroziak \u2013 Sculpture\u201d ,Galeria Cargo 20, Werona , W\u0142ochy<br \/>\n-\u201ePok\u00f3j \/ The Room \u201e , Galeria Krytyk\u00f3w Pokaz, Warszawa, \/ katalog\/ <a href=\"http:\/\/www.artinfo.pl\/?pid=events&amp;sp=relation&amp;id=14065&amp;lng=1\">www.artinfo.pl<\/a><br \/>\n&#8211; \u201eSylwester Ambroziak\u201d, Conestabo Art. Gallery , Triest, W\u0142ochy<\/p>\n<p>2009<br \/>\n-\u201eRze\u017aba\u201d, Galeria \u201e Zamojska\u201d BWA, Zamo\u015b\u0107 \/ katalog\/<br \/>\n-\u201eRze\u017aba\u201d, Galeria Zamkowa &#8211; Strzelnica, Muzeum, Bielsko- Bia\u0142a<br \/>\n-\u201eNiewini\u0105tka\u201d, Miejska Galeria Sztuki, Cz\u0119stochowa<\/p>\n<p>2008<br \/>\n-\u201eRosmery\u2019s babies\u201d, Galeria Gardzienice, O\u015brodek Praktyk Teatralnych, Lublin \/katalog \/<br \/>\n-\u201eNiewini\u0105tka\u201d, Galeria Oran\u017ceria, Centrum Rze\u017aby Polskiej, Oro\u0144sko <a href=\"http:\/\/www.youtube.com\/watch?v=dnxW7r-hEZQ\">www.youtube.com<\/a><br \/>\n-\u201eNiewini\u0105tka\u201d, Biuro Wystaw Artystycznych, Rzesz\u00f3w<\/p>\n<p>2007<br \/>\n-\u201eNiewini\u0105tka\u201d, Galeria Promocyjna, Warszawa \/ katalog\/ <a href=\"http:\/\/www.artinfo.pl\/?pid=events&amp;sp=relation&amp;id=6807&amp;lng=1\">www.artinfo.pl<\/a><br \/>\n-\u201eRze\u017aba\u201d, Galeria Sztuki Szyb Wilson, Katowice<br \/>\n-\u201eNiewini\u0105tka\u201d, Galeria Sztuki Wsp\u00f3\u0142czesnej, Olsztyn \/ katalog\/<br \/>\n-\u201eBez tytu\u0142u\u201d &#8211; Instalacja Rze\u017abiarska, Instytut Francuski i Galeria Wizytuj\u0105ca, Warszawa<br \/>\n-\u201eRosemary\u2019s babies\u201d ,Galeria Sztuki Wozownia, Toru\u0144 \/ katalog zbiorczy\/\/<\/p>\n<p>2006<br \/>\n-\u201eRysunki i rze\u017aby\u201d, Galeria Art. NEW media, Warszawa <a href=\"http:\/\/www.artinfo.pl\/?pid=events&amp;sp=relation&amp;id=4854&amp;lng=1\">www.artinfo.pl<\/a><br \/>\n-\u201eRze\u017aba\u201d, Galeria Wizytuj\u0105ca, Strefa Skody \u2013 Galeria Rze\u017aby, Warszawa<\/p>\n<p>2005<br \/>\n-\u201eRze\u017aba\u201d, Miejska Galeria Sztuki , Galeria Willa, \u0141\u00f3d\u017a<br \/>\n-\u201eWewn\u0119trznie Ci\u0119 przypominam\u201d, Galeria Sztuki \u201e Stary Browar\u201d, Pozna\u0144 \/ katalog zbiorczy\/ <a href=\"http:\/\/www.artinfo.pl\/?pid=events&amp;sp=relation&amp;id=4467&amp;lng=1\">www.artinfo.pl<\/a><br \/>\n-\u201eRze\u017aby\u201d, Galeria Sztuki Wsp\u00f3\u0142czesnej \u201e ArtGalle\u201d , Szczecin<br \/>\n-\u201eMetafora tera\u017aniejszo\u015bci\u201d \/ z Janem Ferencem \/, Galeria Lufcik DAP, Warszawa<\/p>\n<p>2004<br \/>\n&#8211; \u201eWewn\u0119trznie Ci\u0119 przypominam\u201d, Muzeum Rze\u017aby Wsp\u00f3\u0142czesnej ,CRP, Oro\u0144sko \/ album \/<a href=\"http:\/\/www.artinfo.pl\/?pid=events&amp;sp=relation&amp;id=2548&amp;lng=1\"> www.artinfo.pl<\/a><br \/>\n&#8211; \u201eRze\u017aby i rysunki\u201d, Galeria Sztuki \u201eWie\u017ca Ci\u015bnie\u0144\u201d, Konin \/ katalog \/<br \/>\n-\u201eTe postacie s\u0105 nam bliskie a ich gesty s\u0105 nam znane II\u201d, Galeria Miejska, Wroc\u0142aw<\/p>\n<p>2003<br \/>\n&#8211; \u201eCzuj\u0105c Tw\u00f3j zapach, czuj\u0105c Tw\u00f3j oddech\u201d, Galeria Krytyk\u00f3w \u201e Pokaz\u201d, Warszawa, \/ katalog \/<br \/>\n&#8211; \u201eWewn\u0119trznie Ci\u0119 przypominam\u201d, Muzeum Sztuki Wsp\u00f3\u0142czesnej, Radom<br \/>\n&#8211; \u201eRze\u017aba\u201d, Galeria Sztuki Wsp\u00f3\u0142czesnej, W\u0142oc\u0142awek<br \/>\n-\u201eRze\u017aba i rysunek\u201d, Pu\u0142awska Galeria Sztuki, Pu\u0142awy<\/p>\n<p>2002<br \/>\n\u2013 \u201eRze\u017aba i rysunek\u201d, Galeria Sztuki Wsp\u00f3\u0142czesnej \u201eWozownia\u201d, Toru\u0144 \/ katalog\/<br \/>\n&#8211; \u201eLudzie w maszynowni\u201d, V Festiwal Gombrowiczowski, Teatr Powszechny, Radom<br \/>\n&#8211; \u201eRze\u017aba i rysunek\u201d, Galeria Sztuki BWA, Gorz\u00f3w Wielkopolski<br \/>\n&#8211; \u201eRze\u017aba\u201d, \u201eGaleria Na Pi\u0119trze\u201d, ZPAP, Toru\u0144<br \/>\n&#8211; \u201eSylwester Ambroziak \u2013 Rze\u017aby\u201d, Wa\u0142brzyska Galeria Sztuki BWA \u201eZamek Ksi\u0105\u017c\u201d, Wa\u0142brzych<br \/>\n&#8211; \u201eRze\u017aba\u201d , Galeria Kameralna BGSW, S\u0142upsk<br \/>\n&#8211; \u201eNowy cz\u0142owiek\u201d, Galeria Sztuki Wsp\u00f3\u0142czesnej, Olsztyn \/ katalog \/<br \/>\n-\u201eNowy cz\u0142owiek\u201d, Galeria Sztuki, Legnica<\/p>\n<p>2001<br \/>\n&#8211; \u201eRze\u017aby najnowsze\u201d, Mennica, Inwest-Aurum, \/ org. Fundacja EXIT \/<br \/>\n&#8211; \u201eRze\u017aba i rysunek\u201d, Galeria Miejska \u201eArsena\u0142\u201d, Pozna\u0144 , \/ ksi\u0105\u017cka\/<br \/>\n&#8211; \u201eRze\u017aba i rysunek\u201d, Nowos\u0105decka Ma\u0142a Galeria, Nowy S\u0105cz<br \/>\n-\u201eRze\u017aba\u201d, Galeria autorska Aleksandry Laski, \u015awi\u0105tynia Diany, \u0141azienki Kr\u00f3lewskie, Warszawa<\/p>\n<p>2000<br \/>\n&#8211; \u201eRze\u017aba i rysunek\u201d, Galeria Krytyk\u00f3w \u201e Pokaz\u201d, Warszawa \/ katalog \/<\/p>\n<p>1999<br \/>\n&#8211; \u201eDwie ekspresje\u201d (z Eugeniuszem Markowskim), Galeria Sztuki \u201eMilano\u201d, Warszawa<br \/>\n-\u201eWszystko co najwa\u017cniejsze, wszystko co najpi\u0119kniejsze &#8230;\u201d, Galeria Promocyjna, Warszawa \/ katalog \/<\/p>\n<p>1998<br \/>\n&#8211; \u201eDrei plastische Positionen\u201c, Kunstbahnhof, Herrnhut, Niemcy<br \/>\n&#8211; \u201eRze\u017aba i rysunek\u201d, Galeria 27, Bielsko-Bia\u0142a<br \/>\n&#8211; \u201eRze\u017aba i rysunek\u201d, Galeria Podlaska, Bia\u0142a Podlaska<br \/>\n&#8211; \u201eWithout title\u201d, Miejska Galeria Rze\u017aby, Warszawa<br \/>\n-\u201eRze\u017aba\u201d, BWA \u201e Galeria C\u201d, Ciechan\u00f3w \/ katalog \/<\/p>\n<p>1997<br \/>\n&#8211; \u201eRze\u017aba\u201d, Galeria Sztuki BWA, Bydgoszcz \/ katalog \/<br \/>\n-\u201eWhat about love\u201d, Galeria Sztuki \u201eMilano\u201d, Warszawa<\/p>\n<p>1996<br \/>\n&#8211; \u201eRze\u017aba\u201d, Galeria Manhattan, \u0141\u00f3d\u017a \/ katalog \/<br \/>\n&#8211; \u201eAnty-bohater\u201d, Galeria Promocyjna, Warszawa \/ katalog\/<br \/>\n&#8211; \u201eRze\u017aba\u201d, Centrum Sztuki-Galeria EL, Elbl\u0105g<br \/>\n-\u201eRze\u017aba\u201d, Galeria Sztuki Wsp\u00f3\u0142czesnej BWA, Sandomierz \/ katalog \/<\/p>\n<p>1995<br \/>\n&#8211; \u201eAntyheroes\u201d, Galeria Zamkowa, Lubin,<br \/>\n&#8211; \u201eFigury i Znaki\u201d, Galeria Sztuki Wsp\u00f3\u0142czesnej BWA, Cz\u0119stochowa<br \/>\n-\u201eSylwester Ambroziak, Ewa Monika Gro\u0144\u201d, Espace Degre Art Gallery, Luxemburg<\/p>\n<p>1994<br \/>\n-\u201ePolonia\u201d (wsp\u00f3lnie z E. Markowskim W. \u0106wiertniewiczem) , IWP, Warszawa \/ org. Galeria Promocyjna \/<br \/>\n&#8211; \u201eRze\u017aba\u201d, Galeria Miejska BWA \u201e Arsena\u0142\u201d, Pozna\u0144<br \/>\n-\u201eRze\u017aba\u201d, Galeria Sztuki \u201e Milano\u201d, Warszawa<\/p>\n<p>1993<br \/>\n-\u201eTe postacie s\u0105 nam bliskie, a ich gesty s\u0105 nam znane\u201d, Stara Kordegarda, \u0141azienki Kr\u00f3lewskie, Warszawa, \/katalog\/1992<br \/>\n&#8211; \u201eRze\u017aba i rysunek\u201d, Gogacz Gallery, Hotel Sobieski, Warszawa<br \/>\n-\u201eRze\u017aba\u201d, Galeria Po\u0142udniowa, Zamek Ksi\u0105\u017c\u0105t Pomorskich, Szczecin \/ katalog \/<\/p>\n<p>1991<br \/>\n&#8211; \u201eVersuchung\u201d(Kuszenie) , Kunsthalle Exnergasse, Wiede\u0144, Austria<\/p>\n<p>1990<br \/>\n&#8211; \u201eRze\u017aba\u201d, Pa\u0142ac Sztuki, Witebsk, Bia\u0142oru\u015b<br \/>\n&#8211; \u201eMa\u0142e formy\u201d, Galeria Sztuki \u201eBrama\u201d, Warszawa<br \/>\n&#8211; \u201eBleeding heart\u201d (wsp\u00f3lnie z I. Krenzem i Z. Nitk\u0105), Du\u017cy Pawilon SARP, Warszawa \/ org. Galeria Notoro \/<br \/>\n-\u201eRze\u017aba\u201d, Galeria Promocyjna, Warszawa \/ katalog \/<\/p>\n<p>1989<br \/>\n&#8211; \u201eKuszenie \u015bw. Antoniego\u201d, wystawa dyplomowa, ASP, Warszawa<\/p>\n<p>1988<br \/>\n&#8211; \u201eEnergia \u015brodka\u201d, ASP, Warszawa<\/p>\n<p>1986<br \/>\n-\u201eSzalony ko\u0144\u201d, ASP, Warszawa,<\/p>\n<p>1984<br \/>\n&#8211; \u201eSpacer\u201d, akcja-performance, Pracownia Dziekanka, Warszawa<br \/>\n&#8211; \u201eJa te\u017c Barabasza\u201d, akcja -performance, ASP, Warszawa.<\/p>\n","protected":false},"excerpt":{"rendered":"<p>2025 \u2013 \u201eHomo Ludens\u201d,\u00a0 Miejska Galeria Sztuki , Gorz\u00f3w Wlkp. www.youtube.com 2024 \u2013\u201eEkspresja uciele\u015bniona\u201d\/ z Aleksandrem Roszkowskim\/\u00a0 Galeria Sztuki \u201e SzokArt\u201d, Pozna\u0144 \/katalog\/ 2023 \u2013 \u201eOpuszczone\u201d,\u00a0 instalacja rze\u017abiarska, CSW \u201eZnaki czasu\u201d, Toru\u0144 2022 \u2013\u201e Laleczka stoj\u0105ca na g\u0142owie\u201d, rze\u017aba ,performance, Muzeum im. L. Wycz\u00f3\u0142kowskiego , Bydgoszcz \u2013 \u201eNiewinno\u015b\u0107\u2019, Galeria Miejska BWA, Kielce\/ katalog\/ &#8211; \u201eNiewinno\u015b\u0107\u2019, &hellip; <a href=\"https:\/\/sylwester-ambroziak.com\/index.php\/indywidualne\/\" class=\"more-link\">Czytaj dalej <span class=\"screen-reader-text\">Indywidualne<\/span><\/a><\/p>\n","protected":false},"author":1,"featured_media":0,"parent":0,"menu_order":0,"comment_status":"closed","ping_status":"closed","template":"","meta":{"footnotes":""},"class_list":["post-560","page","type-page","status-publish","hentry"],"_links":{"self":[{"href":"https:\/\/sylwester-ambroziak.com\/index.php\/wp-json\/wp\/v2\/pages\/560","targetHints":{"allow":["GET"]}}],"collection":[{"href":"https:\/\/sylwester-ambroziak.com\/index.php\/wp-json\/wp\/v2\/pages"}],"about":[{"href":"https:\/\/sylwester-ambroziak.com\/index.php\/wp-json\/wp\/v2\/types\/page"}],"author":[{"embeddable":true,"href":"https:\/\/sylwester-ambroziak.com\/index.php\/wp-json\/wp\/v2\/users\/1"}],"replies":[{"embeddable":true,"href":"https:\/\/sylwester-ambroziak.com\/index.php\/wp-json\/wp\/v2\/comments?post=560"}],"version-history":[{"count":13,"href":"https:\/\/sylwester-ambroziak.com\/index.php\/wp-json\/wp\/v2\/pages\/560\/revisions"}],"predecessor-version":[{"id":2783,"href":"https:\/\/sylwester-ambroziak.com\/index.php\/wp-json\/wp\/v2\/pages\/560\/revisions\/2783"}],"wp:attachment":[{"href":"https:\/\/sylwester-ambroziak.com\/index.php\/wp-json\/wp\/v2\/media?parent=560"}],"curies":[{"name":"wp","href":"https:\/\/api.w.org\/{rel}","templated":true}]}}