{"id":262,"date":"2018-07-21T16:00:08","date_gmt":"2018-07-21T14:00:08","guid":{"rendered":"http:\/\/sylwester-ambroziak.com\/?page_id=262"},"modified":"2018-08-01T16:58:44","modified_gmt":"2018-08-01T14:58:44","slug":"niewiniatka","status":"publish","type":"page","link":"https:\/\/sylwester-ambroziak.com\/index.php\/niewiniatka\/","title":{"rendered":"Niewini\u0105tka"},"content":{"rendered":"\t<style>\n\t#sr-slider-251 .sr-image {\n\t  margin: 5px;\n\t}\n\t#sr-slider-251 .sr-image img {\n\t  display: block;\n\t  width: 100%;\n\t  height: auto;\n\t}\n\t#sr-slider-251 .sr-title {\n\t\ttext-align: center;\n\t\tfont-weight: bolder;\n\t}\n\t#sr-slider-251 .sr-desc {\n\t\ttext-align: center;\n\t}\n\t#sr-slider-251 .sr-image .sr-link {\n\t\ttext-align: center;\n\t}\n\t\t<\/style>\n\t\t<!-- HTML Script Part Start From Here-->\n\t<script>\n\tjQuery(document).ready(function() {\n\t   jQuery(\"#sr-slider-251\").owlCarousel({ \n\t\t\t\/\/ Most important owl features\n\t\t\titems : 1,\n\n\t\t\t\/\/Basic Speeds\n\t\t\tslideSpeed : 200,\n\t\t\tpaginationSpeed : 200,\n\t\t\trewindSpeed : 400,\n\n\t\t\t\/\/Autoplay\n\t\t\tautoPlay : true,\n\t\t \n\t\t\t\/\/ Navigation\n\t\t\tnavigation : false,\n\t\t\tnavigationText : [\"Prev\",\"Next\"],\n\t\t\trewindNav : true,\n\t \n\t\t\t\/\/ Responsive \n\t\t\tresponsive: true,\n\t\t\tresponsiveRefreshRate : 200,\n\t\t\tresponsiveBaseWidth: window,\n\t\t \n\t\t\t\/\/ CSS Styles\n\t\t\tbaseClass : \"owl-carousel\",\n\t\t\ttheme : \"owl-theme\",\n\t\t \n\t\t\t\/\/Auto height\n\t\t\tautoHeight : true,\n\t\t \n\t\t\t\/\/Mouse Events\n\t\t\tdragBeforeAnimFinish : true,\n\t\t\tmouseDrag : true,\n\t\t\ttouchDrag : true,\n\t\t \n\t\t\t\/\/Transitions\n\t\t\ttransitionStyle : \"fade\",\n\t\t});\n\t});\n\t<\/script>\n\t\t\t<div id=\"sr-slider-251\">\n\t\t\t\t\t\t\t\t<div class=\"sr-image\">\n\t\t\t\t\t\t\t\t\t\t\t\t<a href=\"http:\/\/sylwester-ambroziak.com\/wp-content\/uploads\/2018\/07\/n1.jpg\" target=\"_new\">\n\t\t\t\t\t\t\t<img decoding=\"async\" class=\"lazyOwl\" src=\"https:\/\/sylwester-ambroziak.com\/wp-content\/uploads\/2018\/07\/n1.jpg\" alt=\"Niewini\u0105tka (siedz\u0105ce)\">\n\t\t\t\t\t\t<\/a>\n\t\t\t\t\t\t\t\t\t\t\t\t\n\t\t\t\t\t\t<!--Text Below Slide-->\n\t\t\t\t\t\t\t\t\t\t\t\t\n\t\t\t\t\t\t\t\t\t\t\t\t<div class=\"sr-desc\">Niewini\u0105tka (siedz\u0105ce) \/ 2007, masa silikonowa, 80 x 80 x 60 cm.<\/div>\n\t\t\t\t\t\t\t\t\t\t\t\t\n\t\t\t\t\t\t\t\t\t\t\t\t<!--Text Below Slide-->\n\t\t\t\t\t<\/div>\n\t\t\t\t\t\t\t\t\t\t<div class=\"sr-image\">\n\t\t\t\t\t\t\t\t\t\t\t\t<a href=\"http:\/\/sylwester-ambroziak.com\/wp-content\/uploads\/2018\/07\/n3.jpg\" target=\"_new\">\n\t\t\t\t\t\t\t<img decoding=\"async\" class=\"lazyOwl\" src=\"https:\/\/sylwester-ambroziak.com\/wp-content\/uploads\/2018\/07\/n3.jpg\" alt=\"Niewini\u0105tka (le\u017c\u0105ce)\">\n\t\t\t\t\t\t<\/a>\n\t\t\t\t\t\t\t\t\t\t\t\t\n\t\t\t\t\t\t<!--Text Below Slide-->\n\t\t\t\t\t\t\t\t\t\t\t\t\n\t\t\t\t\t\t\t\t\t\t\t\t<div class=\"sr-desc\">Niewini\u0105tka (le\u017c\u0105ce) \/ 2006, masa silikonowa, 25 x 70 x 60 cm.<\/div>\n\t\t\t\t\t\t\t\t\t\t\t\t\n\t\t\t\t\t\t\t\t\t\t\t\t<!--Text Below Slide-->\n\t\t\t\t\t<\/div>\n\t\t\t\t\t\t\t\t\t\t<div class=\"sr-image\">\n\t\t\t\t\t\t\t\t\t\t\t\t<a href=\"http:\/\/sylwester-ambroziak.com\/wp-content\/uploads\/2018\/07\/n5.jpg\" target=\"_new\">\n\t\t\t\t\t\t\t<img decoding=\"async\" class=\"lazyOwl\" src=\"https:\/\/sylwester-ambroziak.com\/wp-content\/uploads\/2018\/07\/n5.jpg\" alt=\"Niewini\u0105tka (stoj\u0105ce)\">\n\t\t\t\t\t\t<\/a>\n\t\t\t\t\t\t\t\t\t\t\t\t\n\t\t\t\t\t\t<!--Text Below Slide-->\n\t\t\t\t\t\t\t\t\t\t\t\t\n\t\t\t\t\t\t\t\t\t\t\t\t<div class=\"sr-desc\">Niewini\u0105tka (stoj\u0105ce) \/ 2006, masa silikonowa, wys. 190 cm.<\/div>\n\t\t\t\t\t\t\t\t\t\t\t\t\n\t\t\t\t\t\t\t\t\t\t\t\t<!--Text Below Slide-->\n\t\t\t\t\t<\/div>\n\t\t\t\t\t\t\t\t\t\t<div class=\"sr-image\">\n\t\t\t\t\t\t\t\t\t\t\t\t<a href=\"http:\/\/sylwester-ambroziak.com\/wp-content\/uploads\/2018\/07\/n8.jpg\" target=\"_new\">\n\t\t\t\t\t\t\t<img decoding=\"async\" class=\"lazyOwl\" src=\"https:\/\/sylwester-ambroziak.com\/wp-content\/uploads\/2018\/07\/n8.jpg\" alt=\"Niewini\u0105tka (przykucni\u0119te)\">\n\t\t\t\t\t\t<\/a>\n\t\t\t\t\t\t\t\t\t\t\t\t\n\t\t\t\t\t\t<!--Text Below Slide-->\n\t\t\t\t\t\t\t\t\t\t\t\t\n\t\t\t\t\t\t\t\t\t\t\t\t<div class=\"sr-desc\">Niewini\u0105tka (przykucni\u0119te) \/ 2007, masa silikonowa, 80 x 80 x 60 cm.<\/div>\n\t\t\t\t\t\t\t\t\t\t\t\t\n\t\t\t\t\t\t\t\t\t\t\t\t<!--Text Below Slide-->\n\t\t\t\t\t<\/div>\n\t\t\t\t\t\t\t\t\t\t<div class=\"sr-image\">\n\t\t\t\t\t\t\t\t\t\t\t\t<a href=\"http:\/\/sylwester-ambroziak.com\/wp-content\/uploads\/2018\/07\/n9.jpg\" target=\"_new\">\n\t\t\t\t\t\t\t<img decoding=\"async\" class=\"lazyOwl\" src=\"https:\/\/sylwester-ambroziak.com\/wp-content\/uploads\/2018\/07\/n9.jpg\" alt=\"Niewini\u0105tka (siedz\u0105ce)\">\n\t\t\t\t\t\t<\/a>\n\t\t\t\t\t\t\t\t\t\t\t\t\n\t\t\t\t\t\t<!--Text Below Slide-->\n\t\t\t\t\t\t\t\t\t\t\t\t\n\t\t\t\t\t\t\t\t\t\t\t\t<div class=\"sr-desc\">Niewini\u0105tka (siedz\u0105ce) \/ 2007, masa silikonowa, 80 x 80 x 60 cm.<\/div>\n\t\t\t\t\t\t\t\t\t\t\t\t\n\t\t\t\t\t\t\t\t\t\t\t\t<!--Text Below Slide-->\n\t\t\t\t\t<\/div>\n\t\t\t\t\t\t\t\t\t\t<div class=\"sr-image\">\n\t\t\t\t\t\t\t\t\t\t\t\t<a href=\"http:\/\/sylwester-ambroziak.com\/wp-content\/uploads\/2018\/07\/n26.jpg\" target=\"_new\">\n\t\t\t\t\t\t\t<img decoding=\"async\" class=\"lazyOwl\" src=\"https:\/\/sylwester-ambroziak.com\/wp-content\/uploads\/2018\/07\/n26.jpg\" alt=\"Niewini\u0105tka\">\n\t\t\t\t\t\t<\/a>\n\t\t\t\t\t\t\t\t\t\t\t\t\n\t\t\t\t\t\t<!--Text Below Slide-->\n\t\t\t\t\t\t\t\t\t\t\t\t\n\t\t\t\t\t\t\t\t\t\t\t\t<div class=\"sr-desc\">Niewini\u0105tka - Centrum Rze\u017aby Polskiej w Oro\u0144sku<\/div>\n\t\t\t\t\t\t\t\t\t\t\t\t\n\t\t\t\t\t\t\t\t\t\t\t\t<!--Text Below Slide-->\n\t\t\t\t\t<\/div>\n\t\t\t\t\t\t\t<\/div>\n\t\t\n","protected":false},"excerpt":{"rendered":"","protected":false},"author":1,"featured_media":0,"parent":0,"menu_order":0,"comment_status":"closed","ping_status":"closed","template":"","meta":{"footnotes":""},"class_list":["post-262","page","type-page","status-publish","hentry"],"_links":{"self":[{"href":"https:\/\/sylwester-ambroziak.com\/index.php\/wp-json\/wp\/v2\/pages\/262","targetHints":{"allow":["GET"]}}],"collection":[{"href":"https:\/\/sylwester-ambroziak.com\/index.php\/wp-json\/wp\/v2\/pages"}],"about":[{"href":"https:\/\/sylwester-ambroziak.com\/index.php\/wp-json\/wp\/v2\/types\/page"}],"author":[{"embeddable":true,"href":"https:\/\/sylwester-ambroziak.com\/index.php\/wp-json\/wp\/v2\/users\/1"}],"replies":[{"embeddable":true,"href":"https:\/\/sylwester-ambroziak.com\/index.php\/wp-json\/wp\/v2\/comments?post=262"}],"version-history":[{"count":1,"href":"https:\/\/sylwester-ambroziak.com\/index.php\/wp-json\/wp\/v2\/pages\/262\/revisions"}],"predecessor-version":[{"id":263,"href":"https:\/\/sylwester-ambroziak.com\/index.php\/wp-json\/wp\/v2\/pages\/262\/revisions\/263"}],"wp:attachment":[{"href":"https:\/\/sylwester-ambroziak.com\/index.php\/wp-json\/wp\/v2\/media?parent=262"}],"curies":[{"name":"wp","href":"https:\/\/api.w.org\/{rel}","templated":true}]}}