{"id":2346,"date":"2023-02-24T11:58:12","date_gmt":"2023-02-24T10:58:12","guid":{"rendered":"http:\/\/sylwester-ambroziak.com\/?page_id=2346"},"modified":"2023-02-24T17:19:22","modified_gmt":"2023-02-24T16:19:22","slug":"polityka-cookies","status":"publish","type":"page","link":"https:\/\/sylwester-ambroziak.com\/index.php\/polityka-cookies\/","title":{"rendered":"Polityka Cookies"},"content":{"rendered":"\n<p><\/p>\n\n\n\n<p>Poni\u017csza Polityka Cookies okre\u015bla zasady zapisywania i uzyskiwania dost\u0119pu do danych na Urz\u0105dzeniach U\u017cytkownik\u00f3w korzystaj\u0105cych z Serwisu do cel\u00f3w \u015bwiadczenia us\u0142ug drog\u0105 elektroniczn\u0105 przez Administratora Serwisu.<br>\u00a7 1 Definicje<\/p>\n\n\n\n<pre class=\"wp-block-preformatted\">Serwis - serwis internetowy dzia\u0142aj\u0105cy pod adresem http:\/\/sylwester-ambroziak.com\/\n\nSerwis zewn\u0119trzny - serwis internetowe partner\u00f3w, us\u0142ugodawc\u00f3w lub us\u0142ugobiorc\u00f3w Administratora\n\nAdministrator - Sylwester Ambroziak\n\nU\u017cytkownik - osba fizyczna, dla kt\u00f3rej Administrator \u015bwiadczy us\u0142ugi drog\u0105 elektroniczna za po\u015brednictwem Serwisu.\n\nUrz\u0105dzenie - elektroniczne urz\u0105dzenie wraz z oprogramowaniem, za po\u015brednictwem, kt\u00f3rego U\u017cytkownik uzyskuje dost\u0119p do Serwisu\n\nCookies (ciasteczka) - dane tekstowe gromadzone w formie plik\u00f3w zamieszczanych na Urz\u0105dzeniu U\u017cytkownika<\/pre>\n\n\n\n<p>\u00a7 2 Rodzaje Cookies<\/p>\n\n\n\n<pre class=\"wp-block-preformatted\">Cookies wewn\u0119trzne - pliki zamieszczane i odczytywane z Urz\u0105dzenia U\u017cytkownika przez system teleinformatyczny Serwisu\n\nCookies zewn\u0119trzne - pliki zamieszczane i odczytywane z Urz\u0105dzenia U\u017cytkownika przez systemy teleinformatyczne Serwis\u00f3w zewn\u0119trznych\n\nCookies sesyjne - pliki zamieszczane i odczytywane z Urz\u0105dzenia U\u017cytkownika przez Serwis lub Serwisy zewn\u0119trzne podczas jednej sesji danego Urz\u0105dzenia. Po zako\u0144czeniu sesji pliki s\u0105 usuwane z Urz\u0105dzenia U\u017cytkownika.\n\nCookies trwa\u0142e - pliki zamieszczane i odczytywane z Urz\u0105dzenia U\u017cytkownika przez Serwis lub Serwisy zewn\u0119trzne do momentu ich r\u0119cznego usuni\u0119cia. Pliki nie s\u0105 usuwane automatycznie po zako\u0144czeniu sesji Urz\u0105dzenia chyba \u017ce konfiguracja Urz\u0105dzenia U\u017cytkownika jest ustawiona na tryb usuwanie plik\u00f3w Cookie po zako\u0144czeniu sesji Urz\u0105dzenia.<\/pre>\n\n\n\n<p>\u00a7 3 Bezpiecze\u0144stwo<\/p>\n\n\n\n<pre class=\"wp-block-preformatted\">Mechanizmy sk\u0142adowania i odczytu - Mechanizmy sk\u0142adowania i odczytu Cookies nie pozwalaj\u0105 na pobierania jakichkolwiek danych osobowych ani \u017cadnych informacji poufnych z Urz\u0105dzenia U\u017cytkownika. Przeniesienie na Urz\u0105dzenie U\u017cytkownika wirus\u00f3w, koni troja\u0144skich oraz innych robak\u00f3w jest praktycznie niemo\u017cliwe.\n\nCookie wewn\u0119trzne - zastosowane przez Administratora Cookie wewn\u0119trzne s\u0105 bezpieczne dla Urz\u0105dze\u0144 U\u017cytkownik\u00f3w\n\nCookie zewn\u0119trzne - za bezpiecze\u0144stwo plik\u00f3w Cookie pochodz\u0105cych od partner\u00f3w Serwisu Administrator nie ponosi odpowiedzialno\u015bci. Lista partner\u00f3w zamieszczona jest w dalszej cz\u0119\u015bci Polityki Cookie.<\/pre>\n\n\n\n<p>\u00a7 4 Cele do kt\u00f3rych wykorzystywane s\u0105 pliki Cookie<\/p>\n\n\n\n<pre class=\"wp-block-code\"><code>Dane statystyczne - Administrator oraz Serwisy zewn\u0119trzne wykorzystuje pliki Cookie do zbierania i przetwarzania danych statystycznych takich jak np. statystyki odwiedzin, statystyki Urz\u0105dze\u0144 U\u017cytkownik\u00f3w czy statystyki zachowa\u0144 u\u017cytkownik\u00f3w. Dane te zbierane s\u0105 w celu analizy i ulepszania Serwisu.\n\nSerwowanie us\u0142ug multimedialnych - Administrator oraz Serwisy zewn\u0119trzne wykorzystuje pliki Cookie do serwowania U\u017cytkownikom us\u0142ug multimedialnych.<\/code><\/pre>\n\n\n\n<p>\u00a7 5 Serwisy zewn\u0119trzne<\/p>\n\n\n\n<p>Administrator wsp\u00f3\u0142pracuje z nast\u0119puj\u0105cymi serwisami zewn\u0119trznymi, kt\u00f3re mog\u0105 zamieszcza\u0107 pliki Cookie na Urz\u0105dzeniach U\u017cytkownika:<\/p>\n\n\n\n<pre class=\"wp-block-preformatted\">Google Analytics\n\nVimeo<\/pre>\n\n\n\n<p>\u00a7 6 Mo\u017cliwo\u015bci okre\u015blania warunk\u00f3w przechowywania i uzyskiwania dost\u0119pu na Urz\u0105dzeniach U\u017cytkownika przez Serwis i Serwisy zewn\u0119trzne<\/p>\n\n\n\n<pre class=\"wp-block-preformatted\">U\u017cytkownik mo\u017ce w dowolnym momencie, samodzielnie zmieni\u0107 ustawienia dotycz\u0105ce zapisywania, usuwania oraz dost\u0119pu do danych zapisanych plik\u00f3w Cookies\n\nInformacje o sposobie wy\u0142\u0105czenia plik\u00f3w Cookie w najpopularniejszych przegl\u0105darkach komputerowych i urz\u0105dze\u0144 mobilnych dost\u0119pna s\u0105 na stronie: <a href=\"https:\/\/www.google.com\/search?client=firefox-b-d&amp;q=jak+wy%C5%82%C4%85czy%C4%87+cookie.\">jak wy\u0142\u0105czy\u0107 cookie.<\/a>\n\nU\u017cytkownik mo\u017ce w dowolnym momencie usun\u0105\u0107 wszelkie zapisane do tej pory pliki Cookie korzystaj\u0105c z narz\u0119dzi Urz\u0105dzenia U\u017cytkownika za po\u015brednictwem kt\u00f3rego U\u017cytkownik korzysta z us\u0142ug Serwisu.<\/pre>\n\n\n\n<p>\u00a7 7 Wy\u0142\u0105czenie odpowiedzialno\u015bci<\/p>\n\n\n\n<pre class=\"wp-block-preformatted\">Administrator stosuje wszelkie mo\u017cliwe \u015brodki w celu zapewnienia bezpiecze\u0144stwa danych umieszczanych w plikach Cookie. Nale\u017cy jednak zwr\u00f3ci\u0107 uwag\u0119, \u017ce zapewnienie bezpiecze\u0144stwa tych danych zale\u017cy od obu stron, w tym dzia\u0142alno\u015bci U\u017cytkownika oraz stanu zabezpiecze\u0144 urz\u0105dzenia z kt\u00f3rego korzysta.\nAdministrator nie bierze odpowiedzialno\u015bci za przechwycenie danych zawartych w plikach Cookie, podszycie si\u0119 pod sesj\u0119 U\u017cytkownika lub ich usuni\u0119cie, na skutek \u015bwiadomej lub nie\u015bwiadomej dzia\u0142alno\u015b\u0107 U\u017cytkownika, wirus\u00f3w, koni troja\u0144skich i innego oprogramowania szpieguj\u0105cego, kt\u00f3rymi mo\u017ce by\u0107 zainfekowane Urz\u0105dzenie U\u017cytkownika.\nU\u017cytkownicy w celu zabezpieczenia si\u0119 przed wskazanymi w punkcie poprzednim zagro\u017ceniami powinni stosowa\u0107 si\u0119 do zasad cyberbezpiecze\u0144stwa w sieci.\nUs\u0142ugi \u015bwiadczone przez podmioty trzecie s\u0105 poza kontrol\u0105 Administratora. Podmioty te mog\u0105 w ka\u017cdej chwili zmieni\u0107 swoje warunki \u015bwiadczenia us\u0142ug, cel oraz wykorzystanie plik\u00f3w cookie. Administrator nie odpowiada na tyle na ile pozwala na to prawo za dzia\u0142anie plik\u00f3w cookies u\u017cywanych przez serwisy partnerskie. U\u017cytkownicy w ka\u017cdej chwili mog\u0105 samodzielnie zarz\u0105dza\u0107 zezwoleniami i ustawieniami plik\u00f3w cookie dla ka\u017cdej dowolnej witryny.<\/pre>\n\n\n\n<p>\u00a7 8 Wymagania Serwisu<\/p>\n\n\n\n<pre class=\"wp-block-preformatted\">Ograniczenie zapisu i dost\u0119pu do plik\u00f3w Cookie na Urz\u0105dzeniu U\u017cytkownika mo\u017ce spowodowa\u0107 nieprawid\u0142owe dzia\u0142anie niekt\u00f3rych funkcji Serwisu.\n\nAdministrator nie ponosi \u017cadnej odpowiedzialno\u015bci za nieprawid\u0142owo dzia\u0142aj\u0105ce funkcje Serwisu w przypadku gdy U\u017cytkownik ograniczy w jakikolwiek spos\u00f3b mo\u017cliwo\u015b\u0107 zapisywania i odczytu plik\u00f3w Cookie.<\/pre>\n\n\n\n<p>\u00a7 9 Zmiany w Polityce Cookie<\/p>\n\n\n\n<pre class=\"wp-block-preformatted\">Administrator zastrzega sobie prawo do dowolnej zmiany niniejszej Polityki Cookie bez konieczno\u015bci informowania o tym u\u017cytkownik\u00f3w.\n\nWprowadzone zmiany w Polityce Cookie zawsze b\u0119d\u0105 publikowane na tej stronie.\n\nWprowadzone zmiany wchodz\u0105 w \u017cycie w dniu publikacji Polityki Cookie.<\/pre>\n","protected":false},"excerpt":{"rendered":"<p>Poni\u017csza Polityka Cookies okre\u015bla zasady zapisywania i uzyskiwania dost\u0119pu do danych na Urz\u0105dzeniach U\u017cytkownik\u00f3w korzystaj\u0105cych z Serwisu do cel\u00f3w \u015bwiadczenia us\u0142ug drog\u0105 elektroniczn\u0105 przez Administratora Serwisu.\u00a7 1 Definicje Serwis &#8211; serwis internetowy dzia\u0142aj\u0105cy pod adresem http:\/\/sylwester-ambroziak.com\/ Serwis zewn\u0119trzny &#8211; serwis internetowe partner\u00f3w, us\u0142ugodawc\u00f3w lub us\u0142ugobiorc\u00f3w Administratora Administrator &#8211; Sylwester Ambroziak U\u017cytkownik &#8211; osba fizyczna, dla &hellip; <a href=\"https:\/\/sylwester-ambroziak.com\/index.php\/polityka-cookies\/\" class=\"more-link\">Czytaj dalej <span class=\"screen-reader-text\">Polityka Cookies<\/span><\/a><\/p>\n","protected":false},"author":1,"featured_media":0,"parent":0,"menu_order":0,"comment_status":"closed","ping_status":"closed","template":"","meta":{"footnotes":""},"class_list":["post-2346","page","type-page","status-publish","hentry"],"_links":{"self":[{"href":"https:\/\/sylwester-ambroziak.com\/index.php\/wp-json\/wp\/v2\/pages\/2346","targetHints":{"allow":["GET"]}}],"collection":[{"href":"https:\/\/sylwester-ambroziak.com\/index.php\/wp-json\/wp\/v2\/pages"}],"about":[{"href":"https:\/\/sylwester-ambroziak.com\/index.php\/wp-json\/wp\/v2\/types\/page"}],"author":[{"embeddable":true,"href":"https:\/\/sylwester-ambroziak.com\/index.php\/wp-json\/wp\/v2\/users\/1"}],"replies":[{"embeddable":true,"href":"https:\/\/sylwester-ambroziak.com\/index.php\/wp-json\/wp\/v2\/comments?post=2346"}],"version-history":[{"count":3,"href":"https:\/\/sylwester-ambroziak.com\/index.php\/wp-json\/wp\/v2\/pages\/2346\/revisions"}],"predecessor-version":[{"id":2350,"href":"https:\/\/sylwester-ambroziak.com\/index.php\/wp-json\/wp\/v2\/pages\/2346\/revisions\/2350"}],"wp:attachment":[{"href":"https:\/\/sylwester-ambroziak.com\/index.php\/wp-json\/wp\/v2\/media?parent=2346"}],"curies":[{"name":"wp","href":"https:\/\/api.w.org\/{rel}","templated":true}]}}