{"id":215,"date":"2018-07-21T13:33:25","date_gmt":"2018-07-21T11:33:25","guid":{"rendered":"http:\/\/sylwester-ambroziak.com\/?page_id=215"},"modified":"2020-05-20T23:48:57","modified_gmt":"2020-05-20T21:48:57","slug":"filmografia","status":"publish","type":"page","link":"https:\/\/sylwester-ambroziak.com\/index.php\/filmografia\/","title":{"rendered":"Filmografia"},"content":{"rendered":"<p>FILMOGRAFIA \/wyb\u00f3r\/<\/p>\n<p>-\u201ePegaz\u201d, relacja z wystawy w Galerii Promocyjnej i z Galerii Zapiecek, 2TVP, 6 luty 1990<\/p>\n<p>-\u201cCollage Portrait &#8211; Sylwester Ambroziak\u201d, Collage Art Magazine, 1 TVP , 1992, realizacja Marzena Grde\u0144 i Krzysztof Stanis\u0142awski<\/p>\n<p>&#8211; \u201eGaleria 37 Milion\u00f3w\u201d,Prezentacja prac Ambroziaka z Notoro Symposium 90, 2TVP, 1990, realizacja Franciszek Kuduk,<\/p>\n<p>-\u201eGaleria 37 Milion\u00f3w\u201d, Konfrontacje Artystyczne Toru\u0144 91, 2 TVP, 1991, realizacja Franciszek Kuduk<\/p>\n<p>&#8211; Reporta\u017c z wystawy \u201eWewn\u0119trznie Ci\u0119 przypominam\u201d Muzeum Rze\u017aby Wsp\u00f3\u0142czesnej CRP, Oro\u0144sko, Pracownia Wideo CRP Oro\u0144sko, 2004, \/ zapis DVD \/<\/p>\n<p>-Reporta\u017c z wystawy \u201eNiewini\u0105tka\u201d Galeria \u201eOran\u017ceria\u201d CRP, Oro\u0144sko, Pracownia Wideo CRP Oro\u0144sko, 2008 \/ zapis DVD\/<\/p>\n<p>&#8211; Relacja z wystawy \u201eRepublika Bananowa\u201d Muzeum Sztuki Wsp\u00f3\u0142czesnej MODEM Debreczyn oraz Narodowe Muzeum Sztuki Wsp\u00f3\u0142czesnej w Bukareszt, TVP Wroc\u0142aw, 2009<\/p>\n<p>&#8211; Relacja z wystawy \u201eRozbi\u00f3rka \u017belaznej Kurtyny\u201d, Kuhlhaus , Berlin Niemcy, TVP Katowice 2011<\/p>\n<p>&#8211; \u201eJedyny taki rze\u017abiarz\u201d, relacja z wystawy \u201ePola zn\u00f3w si\u0119 zazieleni\u0105\u201d, Galeria Sztuki Wsp\u00f3\u0142czesnej, Opole, TVP Opole, 25.02.2012<\/p>\n<p>&#8211; \u201eWszystko Jasne\u201d, Katarzyna Oborska-Marciniak, TVP Opole, 24.02.2012<\/p>\n<p>&#8211; Reporta\u017c z wystawy \u201eSzklane Paciorki\u201d, Muzeum Rze\u017aby Wsp\u00f3\u0142czesnej, CRP Oro\u0144sko, Pracownia Video CRP, Oro\u0144sko, 2012, \/ zapis DVD\/<\/p>\n<p>&#8211; Relacja z wystawy \u201eSzklane paciorki\u201d, Muzeum Rze\u017aby Wsp\u00f3\u0142czesnej, CRP Oro\u0144sko, TV Dami, Radom, 14.11.2012, realizacja Agnieszka M\u0105kosa<\/p>\n","protected":false},"excerpt":{"rendered":"<p>FILMOGRAFIA \/wyb\u00f3r\/ -\u201ePegaz\u201d, relacja z wystawy w Galerii Promocyjnej i z Galerii Zapiecek, 2TVP, 6 luty 1990 -\u201cCollage Portrait &#8211; Sylwester Ambroziak\u201d, Collage Art Magazine, 1 TVP , 1992, realizacja Marzena Grde\u0144 i Krzysztof Stanis\u0142awski &#8211; \u201eGaleria 37 Milion\u00f3w\u201d,Prezentacja prac Ambroziaka z Notoro Symposium 90, 2TVP, 1990, realizacja Franciszek Kuduk, -\u201eGaleria 37 Milion\u00f3w\u201d, Konfrontacje Artystyczne &hellip; <a href=\"https:\/\/sylwester-ambroziak.com\/index.php\/filmografia\/\" class=\"more-link\">Czytaj dalej <span class=\"screen-reader-text\">Filmografia<\/span><\/a><\/p>\n","protected":false},"author":1,"featured_media":0,"parent":0,"menu_order":0,"comment_status":"closed","ping_status":"closed","template":"","meta":{"footnotes":""},"class_list":["post-215","page","type-page","status-publish","hentry"],"_links":{"self":[{"href":"https:\/\/sylwester-ambroziak.com\/index.php\/wp-json\/wp\/v2\/pages\/215","targetHints":{"allow":["GET"]}}],"collection":[{"href":"https:\/\/sylwester-ambroziak.com\/index.php\/wp-json\/wp\/v2\/pages"}],"about":[{"href":"https:\/\/sylwester-ambroziak.com\/index.php\/wp-json\/wp\/v2\/types\/page"}],"author":[{"embeddable":true,"href":"https:\/\/sylwester-ambroziak.com\/index.php\/wp-json\/wp\/v2\/users\/1"}],"replies":[{"embeddable":true,"href":"https:\/\/sylwester-ambroziak.com\/index.php\/wp-json\/wp\/v2\/comments?post=215"}],"version-history":[{"count":4,"href":"https:\/\/sylwester-ambroziak.com\/index.php\/wp-json\/wp\/v2\/pages\/215\/revisions"}],"predecessor-version":[{"id":524,"href":"https:\/\/sylwester-ambroziak.com\/index.php\/wp-json\/wp\/v2\/pages\/215\/revisions\/524"}],"wp:attachment":[{"href":"https:\/\/sylwester-ambroziak.com\/index.php\/wp-json\/wp\/v2\/media?parent=215"}],"curies":[{"name":"wp","href":"https:\/\/api.w.org\/{rel}","templated":true}]}}