{"id":2065,"date":"2021-07-16T02:16:18","date_gmt":"2021-07-16T00:16:18","guid":{"rendered":"http:\/\/sylwester-ambroziak.com\/?page_id=2065"},"modified":"2021-07-16T02:16:19","modified_gmt":"2021-07-16T00:16:19","slug":"ewa-klekot-nieoswojona-czulosc-gestu","status":"publish","type":"page","link":"https:\/\/sylwester-ambroziak.com\/index.php\/ewa-klekot-nieoswojona-czulosc-gestu\/","title":{"rendered":"Ewa Klekot \u201eNieoswojona czu\u0142o\u015b\u0107 gestu\u201d"},"content":{"rendered":"\n<p><strong>Ewa Klekot <\/strong><\/p>\n\n\n\n<p><strong>\u201eNieoswojona czu\u0142o\u015b\u0107 gestu\u201d, katalog \u201eSylwester Ambroziak. Rze\u017aba\u201d, Galeria \u201eC\u201d Ciechan\u00f3w 1998<\/strong><\/p>\n\n\n\n<p>Malarz czy rze\u017abiarz, kt\u00f3ry dzisiaj decyduje si\u0119 uprawia\u0107 sztuk\u0119 figuratywn\u0105, bardziej ni\u017c kiedykolwiek u\u015bwiadamia sobie swoje zwi\u0105zki z choreografi\u0105. Je\u017celi bowiem w\u015br\u00f3d wielo\u015bci znak\u00f3w i sposob\u00f3w ekspresji, jakie podsuwa mu wsp\u00f3\u0142czesna sztuka uznaje ludzk\u0105 posta\u0107 za najbardziej znaczeniowo no\u015bny element rzeczywisto\u015bci, to dzieje si\u0119 tak dlatego, \u017ce ruch i gest cia\u0142a s\u0105 materi\u0105, z kt\u00f3rej b\u0119dzie budowa\u0142 swoje prace. Rze\u017aby Sylwestra Ambroziaka wyrastaj\u0105 w\u0142a\u015bnie z wra\u017cliwo\u015bci artysty na ekspresj\u0119 ludzkiego cia\u0142a. Zar\u00f3wno w przypadku du\u017cych pos\u0105g\u00f3w jak i mniejszych figur odlanych w metalu czy ulepionych z wosku artysta nadaje swoim pracom znaczenie przede wszystkim dzi\u0119ki starannej re\u017cyserii gestu. Prace Ambroziaka stoj\u0105 na biegunie przeciwnym do czystej formy: ich forma nie istnieje bez znacze\u0144 jakie niesie w sobie uk\u0142ad ludzkich postaci opisanych przez artyst\u0119 w br\u0105zie czy drewnie; forma znaczy w kontek\u015bcie ludzkiego cia\u0142a. Charakterystyczne zniekszta\u0142cenia, kt\u00f3rym Ambroziak poddaje cielesno\u015b\u0107 swoich bohater\u00f3w sprawiaj\u0105, \u017ce figury o wielkich g\u0142owach i twarzach bardziej przypominaj\u0105cych maski ni\u017c ludzkie fizjonomie kojarz\u0105 si\u0119 z rze\u017ab\u0105 czarnej Afryki, w kt\u00f3rej podnosz\u0105ca ekspresj\u0119 przedstawienia deformacja twarzy oraz zmiana proporcji ca\u0142ej postaci stanowi\u0105 najwa\u017cniejszy \u015brodek wyrazu. Wra\u017cenie pot\u0119guje dodatkowo fakt, \u017ce odindywidualizowane g\u0142owy-maski osadzone s\u0105 na cia\u0142ach o wyra\u017anie, cho\u0107 symbolicznie zaznaczonej p\u0142ci. W ten spos\u00f3b z jednej strony rze\u017aby Ambroziaka kojarzy\u0107 si\u0119 mog\u0105 bezpo\u015brednio ze sztuk\u0105 prymitywn\u0105, z drugiej artysta wpisuje si\u0119 w tradycj\u0119 ludowych i archaicznych inspiracji, \u017cyw\u0105 w\u015br\u00f3d europejskich malarzy i rze\u017abiarzy od czas\u00f3w, gdy akademickie wzory pi\u0119kna przesta\u0142y by\u0107 no\u015bnym artystycznie j\u0119zykiem. Jednak o ile plastyczna charakterystyka postaci ma swoje korzenie w ludowych \u015bwi\u0105tkach czy pos\u0105\u017ckach afryka\u0144skich bog\u00f3w i heros\u00f3w, to spos\u00f3b w jaki artysta podchodzi do ruchu i gestu rz\u0105dzi si\u0119 zupe\u0142nie innymi regu\u0142ami. W rze\u017abach Ambroziaka do\u015b\u0107 schematycznie potraktowana posta\u0107-znak zyskuje zaskakuj\u0105c\u0105 indywidualno\u015b\u0107 gestu. Cia\u0142o i jego ruch nios\u0105 ogromny \u0142adunek tre\u015bci emocjonalnych: okazuje si\u0119, \u017ce nieme, zwierz\u0119ce maski kryj\u0105 prawdziwie ludzk\u0105 wra\u017cliwo\u015b\u0107 bohater\u00f3w. Jej wyrazem staj\u0105 si\u0119 ciekawie przez artyst\u0119 uchwycone gesty i ruch dw\u00f3ch \u015bci\u015ble ze sob\u0105 zwi\u0105zanych cia\u0142. Cia\u0142a uwik\u0142ane s\u0105 we wzajemn\u0105 czu\u0142o\u015b\u0107 i wrogo\u015b\u0107, okazuj\u0105 rado\u015b\u0107 i rozpacz. Ten powszechnie zrozumia\u0142y j\u0119zyk ludzkich emocji staje si\u0119 jeszcze bardziej uniwersalny w\u0142a\u015bnie przez odebranie bohaterom twarzy. Figury staj\u0105 si\u0119 przez to pozbawionymi indywidualno\u015bci osobami dramatu czy obrz\u0119du, kt\u00f3ry dotyczy\u0107 mo\u017ce ka\u017cdego cz\u0142owieka. Wi\u0119kszo\u015b\u0107 prac Ambroziaka to grupy dw\u00f3ch postaci &#8211; wynika to z prostego faktu, \u017ce ludzkie emocje najcz\u0119\u015bciej maj\u0105 bardzo konkretnego adresata i podpatrywany przez artyst\u0119 j\u0119zyk gest\u00f3w najlepiej widoczny jest w dialogu, kt\u00f3ry za pomoc\u0105 ramion, bark\u00f3w i n\u00f3g prowadz\u0105 jego postaci. Spos\u00f3b w jaki ruch \u201erozpisany\u201d zostaje na dwie figury jest jedn\u0105 z mocniejszych stron rze\u017ab Ambroziaka &#8211; no\u015bny zar\u00f3wno formalnie, jak i pod wzgl\u0119dem tre\u015bci. Formalnie &#8211; poniewa\u017c to w\u0142a\u015bnie wzajemne uzale\u017cnienie uchwyconych w ruchu figur nadaje jedno\u015b\u0107 i sp\u00f3jno\u015b\u0107 rze\u017abiarskiej bryle. Tre\u015bciowo &#8211; bo tematem sztuki Sylwestra Ambroziaka jest dynamika ludzkich zwi\u0105zk\u00f3w, kt\u00f3r\u0105 w\u0142a\u015bnie ekspresyjny ruch i gest jego postaci opisuje. Skomplikowana, rozcz\u0142onkowana bry\u0142a o niejednorodnej powierzchni i deformacje postaci sk\u0142adaj\u0105 si\u0119 na trudn\u0105, ale pe\u0142n\u0105 si\u0142y wyrazu estetyk\u0119. Artysta konsekwentnie unika wizualnych \u0142atwizn oswojonego pi\u0119kna i wciela w \u017cycie zasady podobne do tych, kt\u00f3rymi kierowali si\u0119 buntownicy spod znaku Nowych Dzikich. Paradoks rze\u017ab Ambroziaka polega jednak na tym, \u017ce pomimo twardej i uparcie trudnej formy sam ich gest jest mi\u0119kki, pe\u0142en zaskakuj\u0105cej czu\u0142o\u015bci. Inaczej ni\u017c niemieccy Dzicy, Ambroziak nie opowiada w swoich pracach o bestii drzemi\u0105cej w cz\u0142owieku, ale pokazuje, \u017ce w samotnym stworzeniu ukrytym za budz\u0105c\u0105 groz\u0119 mask\u0105 kryje si\u0119 cz\u0142owiek.&nbsp;<\/p>\n","protected":false},"excerpt":{"rendered":"<p>Ewa Klekot \u201eNieoswojona czu\u0142o\u015b\u0107 gestu\u201d, katalog \u201eSylwester Ambroziak. Rze\u017aba\u201d, Galeria \u201eC\u201d Ciechan\u00f3w 1998 Malarz czy rze\u017abiarz, kt\u00f3ry dzisiaj decyduje si\u0119 uprawia\u0107 sztuk\u0119 figuratywn\u0105, bardziej ni\u017c kiedykolwiek u\u015bwiadamia sobie swoje zwi\u0105zki z choreografi\u0105. Je\u017celi bowiem w\u015br\u00f3d wielo\u015bci znak\u00f3w i sposob\u00f3w ekspresji, jakie podsuwa mu wsp\u00f3\u0142czesna sztuka uznaje ludzk\u0105 posta\u0107 za najbardziej znaczeniowo no\u015bny element rzeczywisto\u015bci, to &hellip; <a href=\"https:\/\/sylwester-ambroziak.com\/index.php\/ewa-klekot-nieoswojona-czulosc-gestu\/\" class=\"more-link\">Czytaj dalej <span class=\"screen-reader-text\">Ewa Klekot \u201eNieoswojona czu\u0142o\u015b\u0107 gestu\u201d<\/span><\/a><\/p>\n","protected":false},"author":1,"featured_media":0,"parent":0,"menu_order":0,"comment_status":"closed","ping_status":"closed","template":"","meta":{"footnotes":""},"class_list":["post-2065","page","type-page","status-publish","hentry"],"_links":{"self":[{"href":"https:\/\/sylwester-ambroziak.com\/index.php\/wp-json\/wp\/v2\/pages\/2065","targetHints":{"allow":["GET"]}}],"collection":[{"href":"https:\/\/sylwester-ambroziak.com\/index.php\/wp-json\/wp\/v2\/pages"}],"about":[{"href":"https:\/\/sylwester-ambroziak.com\/index.php\/wp-json\/wp\/v2\/types\/page"}],"author":[{"embeddable":true,"href":"https:\/\/sylwester-ambroziak.com\/index.php\/wp-json\/wp\/v2\/users\/1"}],"replies":[{"embeddable":true,"href":"https:\/\/sylwester-ambroziak.com\/index.php\/wp-json\/wp\/v2\/comments?post=2065"}],"version-history":[{"count":1,"href":"https:\/\/sylwester-ambroziak.com\/index.php\/wp-json\/wp\/v2\/pages\/2065\/revisions"}],"predecessor-version":[{"id":2066,"href":"https:\/\/sylwester-ambroziak.com\/index.php\/wp-json\/wp\/v2\/pages\/2065\/revisions\/2066"}],"wp:attachment":[{"href":"https:\/\/sylwester-ambroziak.com\/index.php\/wp-json\/wp\/v2\/media?parent=2065"}],"curies":[{"name":"wp","href":"https:\/\/api.w.org\/{rel}","templated":true}]}}