{"id":2020,"date":"2021-07-16T01:41:19","date_gmt":"2021-07-15T23:41:19","guid":{"rendered":"http:\/\/sylwester-ambroziak.com\/?page_id=2020"},"modified":"2021-07-16T01:41:20","modified_gmt":"2021-07-15T23:41:20","slug":"pawel-kozlowski-tworzywo-nadaje-sens","status":"publish","type":"page","link":"https:\/\/sylwester-ambroziak.com\/index.php\/pawel-kozlowski-tworzywo-nadaje-sens\/","title":{"rendered":"Pawe\u0142 Koz\u0142owski \u201eTworzywo nadaje sens\u201d"},"content":{"rendered":"\n<p><strong>Pawe\u0142 Koz\u0142owski<\/strong><\/p>\n\n\n\n<p><strong> \u201eTworzywo nadaje sens\u201d (EXIT, no. 2\/2007)<\/strong><\/p>\n\n\n\n<p>Sylwester Ambroziak wr\u00f3ci\u0142 do Galerii Promocyjnej. Tutaj odby\u0142a si\u0119 kiedy\u015b otwarta<br>inauguracja jego tw\u00f3rczo\u015bci. By\u0142o to W 1990 roku. Debiutowa\u0142 co prawda wcze\u015bniej, jeszcze<br>w czasie studi\u00f3w, ale b\u0105d\u017a by\u0142 wtedy uczestnikiem wystaw zbiorowych, b\u0105d\u017a wystawia\u0142<br>osobno (i uprawia\u0142 performance), lecz w miejscach \u015brodowiska uczelnianego, nale\u017c\u0105cych do<br>kr\u0119gu warszawskiej Akademii Sztuk Pi\u0119knych. Nie ma znaczenia czy marcowy (2007 roku)<br>jego powr\u00f3t do sal przy Rynku Starego Miasta jest przypadkiem, czy konsekwencj\u0105<br>\u015bwiadomego wyboru. Nie znam intencji autora. W ka\u017cdym razie w\u00f3wczas, gdy kilkana\u015bcie lat<br>temu widzia\u0142em pierwszy raz jego rze\u017ab\u0119 i gdy p\u00f3\u017aniej ogl\u0105da\u0142em kolejne dzie\u0142a i nast\u0119puj\u0105ce<br>po sobie wystawy mia\u0142em \u015bwiadomo\u015b\u0107, ze stykam si\u0119 z tw\u00f3rc\u0105 uformowanym. Z rze\u017abiarzem,<br>kt\u00f3ry przy pomocy sztuki wyra\u017ca to, co dla niego jest wa\u017cne. Robi to samodzielnie, ma &#8211; co<br>uwa\u017cam za szczeg\u00f3lnie cenne &#8211; artystyczny \u015bwiatopogl\u0105d, umiej\u0119tno\u015bci warsztatowe, nie<br>ulega konformistycznym nastrojom i nie dostosowuje si\u0119 do sezonowych zalece\u0144. Posiada<br>ponadto ow\u0105 reszt\u0119, kt\u00f3ra cho\u0107 nie jest wszystkim, to wsz\u0119dzie powinna by\u0107 obecna: talent<br>oraz wytrwa\u0142o\u015b\u0107 i pracowito\u015b\u0107.<br>Zadawa\u0142em sobie pytanie o przysz\u0142o\u015b\u0107, co dalej? Skoro tw\u00f3rczo\u015b\u0107 Ambroziaka jest tak<br>wyra\u017anie okre\u015blona, to na czym mo\u017ce polega\u0107 jej rozw\u00f3j, gdzie znajduj\u0105 si\u0119 W niej spi\u0119cia,<br>gdzie tkwi\u0105 potencje jej wewn\u0119trznej dynamiki? U Ambroziaka nie liczy si\u0119 elastyczno\u015b\u0107<br>nadgarstka czy zr\u0119czno\u015b\u0107 palc\u00f3w, wa\u017cne s\u0105 emocje, dramat b\u0119d\u0105cy osnow\u0105 sztuki. A tego<br>wszystkiego nie mo\u017cna po prostu powiela\u0107, ani z dnia na dzie\u0144 w ca\u0142o\u015bci odrzuci\u0107.<br>Autentyzm w tw\u00f3rczo\u015bci odnosi si\u0119 bowiem nie tylko do dzie\u0142a, ma przede wszystkim<br>wymiar egzystencjalny, dotyka sensu bycia artyst\u0105 i cz\u0142owiekiem. Nad tym si\u0119<br>zastanawia\u0142em, to s\u0105 te pytania, o kt\u00f3rych my\u015bla\u0142em przy okazji ogl\u0105dania kolejnych dzie\u0142<br>rze\u017abiarza i na kt\u00f3re odpowiedzi mnie zaciekawia\u0142y.<br>Ta wystawa, powr\u00f3t do swojej Galerii Promocyjnej zawiera pocz\u0105tek odpowiedzi.<br>Ambroziak zmieni\u0142 tworzywo. Zachowa\u0142 form\u0119, zachowa\u0142 naoczno\u015b\u0107, ale wybieraj\u0105c nowy<br>materia\u0142 ca\u0142ej serii nowych rze\u017ab nada\u0142 zmieniony sens. Tworzywo okaza\u0142o si\u0119 najwa\u017cniejsze,<br>wzbogaca narracj\u0119 ca\u0142ej tw\u00f3rczo\u015bci.<br>Wcze\u015bniej pos\u0142ugiwa\u0142 si\u0119 drewnem i metalem, czasem \u0142\u0105czy\u0142 je ze sob\u0105, dodawa\u0142<br>jeszcze inne elementy. Na powierzchni rze\u017ab zachowywa\u0142 \u015blady swoich zmaga\u0144 z<br>tworzywem, z przekszta\u0142caniem materia\u0142u. Widoczny i utrwalony by\u0142 trud wy\u0142aniania si\u0119<br>dzie\u0142a. Wyrze\u017abione postacie zosta\u0142y odindywidualizowane, ale odci\u015bni\u0119te w nich znaki<br>procesu tw\u00f3rczego nadawa\u0142y im cechy indywidualne pochodz\u0105ce ze stanu ducha autora.<br>Teraz tworzywem jest silikon, w jednolitym, szarym, zielonym lub r\u00f3\u017cowym, zawsze<br>stonowanym kolorze. Czasem niekt\u00f3re figury maj\u0105 namalowane jaskraw\u0105 farba usta lub inne<br>fragmenty swego cia\u0142a. To nowe tworzywo, \u201enowoczesne\u201d, nadaje now\u0105 tre\u015b\u0107<br>uniwersalizmowi symbolicznych postaci pokazywanych przez Ambroziaka. Poprzednio jego<br>rze\u017aby skierowywa\u0142y nasze my\u015bli gdzie\u015b w przesz\u0142o\u015b\u0107, do mitycznych pocz\u0105tk\u00f3w. Szuka\u0142y<br>tego, co jest nam wsp\u00f3lne, odnajdywa\u0142y go w czasie, kt\u00f3ry by\u0142 \u201ekiedy\u015b\u201d i kt\u00f3ry trwa W nas<br>nadal. Ujawnia si\u0119 w fundamentalnych przejawach rozwini\u0119tego \u017cycia: mi\u0142o\u015bci, walki,<br>samotno\u015bci i wsp\u00f3lnoty. To si\u0119 teraz zmieni\u0142o, nowe silikonowo &#8211; gumowe rze\u017aby nabieraj\u0105<br>cech innego rodzaju uniwersalizmu. Mam wra\u017cenie, \u017ce pochodzi on z kosmosu, a nie z<br>przesz\u0142o\u015bci. Figury, zw\u0142aszcza Wiele figur ma\u0142ych przychodz\u0105 \u201esk\u0105d\u015b\u201d, nie z prehistorii, ale z<br>g\u0142\u0119bi odleg\u0142ej, niewidocznej przestrzeni. Uniwersalizm Ambroziaka zd\u0105\u017ca teraz do<br>kosmologii, oddala si\u0119 od ziemskiej mitycznej przesz\u0142o\u015bci. Nowe rze\u017aby staj\u0105 si\u0119 cz\u0119\u015bci\u0105<br>kontekstu biologicznego, wychodz\u0105 ze \u015bwiata mitu i kulturowych uniwersali\u00f3w, Wchodz\u0105 W<br>\u015bwiat biologicznej energii kosmosu, ludzi i istot do nich zbli\u017conych. S\u0105 r\u00f3\u017cnej skali,<br>przerastaj\u0105ce wielko\u015b\u0107 doros\u0142ego cz\u0142owieka i mniejsze. Wi\u0105\u017c\u0105 si\u0119 ze sob\u0105 gestami. Mo\u017cna je<br>ogl\u0105da\u0107 oddzielnie, jako osobne rzeczy, jednak wa\u017cna jest kompozycja ca\u0142o\u015bci ekspozycji.<br>Zawsze ona by\u0142a cz\u0119\u015bci\u0105 sensu tej tw\u00f3rczo\u015bci, teraz jednak nabiera wi\u0119kszego znaczenia.<br>Ambroziak pokazuje relacje mi\u0119dzy postaciami, ich zbli\u017cenia i zwi\u0105zane z nimi dramaty.<br>Silikonowe tworzywo rze\u017ab zaciera \u015blady fizycznego wysi\u0142ku rze\u017abiarza, niweluje odci\u015bni\u0119ty<br>w materiale jego trud. Zast\u0119puje go anonimowo\u015bci\u0105 produkcji, zachowywanymi W gumie<br>odbiciami formy i jej spoiwami. Nie wida\u0107 r\u0119ki tw\u00f3rcy. W g\u0142owach niekt\u00f3rych widz\u00f3w<br>pojawiaj\u0105 si\u0119 pytania o odleg\u0142e pochodzenie tych postaci, o to, co my, teraz i tutaj, mamy z<br>nimi wsp\u00f3lnego? Pytania podobne do poprzednich, lecz nie takie same jak kiedy\u015b.<br>Obecny etap tw\u00f3rczo\u015bci Sylwestra Ambroziaka jest kontynuacj\u0105 przesz\u0142o\u015bci, ale tak\u017ce<br>r\u00f3\u017cni si\u0119 od niej. Dzi\u0119ki nowemu tworzywu, kt\u00f3re nadaje jej nowy sens.<\/p>\n","protected":false},"excerpt":{"rendered":"<p>Pawe\u0142 Koz\u0142owski \u201eTworzywo nadaje sens\u201d (EXIT, no. 2\/2007) Sylwester Ambroziak wr\u00f3ci\u0142 do Galerii Promocyjnej. Tutaj odby\u0142a si\u0119 kiedy\u015b otwartainauguracja jego tw\u00f3rczo\u015bci. By\u0142o to W 1990 roku. Debiutowa\u0142 co prawda wcze\u015bniej, jeszczew czasie studi\u00f3w, ale b\u0105d\u017a by\u0142 wtedy uczestnikiem wystaw zbiorowych, b\u0105d\u017a wystawia\u0142osobno (i uprawia\u0142 performance), lecz w miejscach \u015brodowiska uczelnianego, nale\u017c\u0105cych dokr\u0119gu warszawskiej Akademii Sztuk &hellip; <a href=\"https:\/\/sylwester-ambroziak.com\/index.php\/pawel-kozlowski-tworzywo-nadaje-sens\/\" class=\"more-link\">Czytaj dalej <span class=\"screen-reader-text\">Pawe\u0142 Koz\u0142owski \u201eTworzywo nadaje sens\u201d<\/span><\/a><\/p>\n","protected":false},"author":1,"featured_media":0,"parent":0,"menu_order":0,"comment_status":"closed","ping_status":"closed","template":"","meta":{"footnotes":""},"class_list":["post-2020","page","type-page","status-publish","hentry"],"_links":{"self":[{"href":"https:\/\/sylwester-ambroziak.com\/index.php\/wp-json\/wp\/v2\/pages\/2020","targetHints":{"allow":["GET"]}}],"collection":[{"href":"https:\/\/sylwester-ambroziak.com\/index.php\/wp-json\/wp\/v2\/pages"}],"about":[{"href":"https:\/\/sylwester-ambroziak.com\/index.php\/wp-json\/wp\/v2\/types\/page"}],"author":[{"embeddable":true,"href":"https:\/\/sylwester-ambroziak.com\/index.php\/wp-json\/wp\/v2\/users\/1"}],"replies":[{"embeddable":true,"href":"https:\/\/sylwester-ambroziak.com\/index.php\/wp-json\/wp\/v2\/comments?post=2020"}],"version-history":[{"count":1,"href":"https:\/\/sylwester-ambroziak.com\/index.php\/wp-json\/wp\/v2\/pages\/2020\/revisions"}],"predecessor-version":[{"id":2021,"href":"https:\/\/sylwester-ambroziak.com\/index.php\/wp-json\/wp\/v2\/pages\/2020\/revisions\/2021"}],"wp:attachment":[{"href":"https:\/\/sylwester-ambroziak.com\/index.php\/wp-json\/wp\/v2\/media?parent=2020"}],"curies":[{"name":"wp","href":"https:\/\/api.w.org\/{rel}","templated":true}]}}