{"id":2005,"date":"2021-07-16T01:20:27","date_gmt":"2021-07-15T23:20:27","guid":{"rendered":"http:\/\/sylwester-ambroziak.com\/?page_id=2005"},"modified":"2021-07-16T01:20:29","modified_gmt":"2021-07-15T23:20:29","slug":"magdalena-wicherkiewicz-z-dzieciecego-pokoju","status":"publish","type":"page","link":"https:\/\/sylwester-ambroziak.com\/index.php\/magdalena-wicherkiewicz-z-dzieciecego-pokoju\/","title":{"rendered":"Magdalena Wicherkiewicz  \u201eZ dzieci\u0119cego pokoju\u201d"},"content":{"rendered":"\n<p><strong>Magdalena Wicherkiewicz<\/strong><\/p>\n\n\n\n<p><strong> \u201eZ dzieci\u0119cego pokoju\u201d\u00a0 \u201eEXIT\u201d 1(85) 2011, str.5724 \u2013 5727<\/strong><\/p>\n\n\n\n<p><em>&nbsp;&nbsp;&nbsp;&nbsp;&nbsp;&nbsp;&nbsp;&nbsp;&nbsp;&nbsp;&nbsp; Widzialno\u015b\u0107 jest pu\u0142apk\u0105<\/em>.<\/p>\n\n\n\n<p>&nbsp;&nbsp;&nbsp;&nbsp;&nbsp;&nbsp;&nbsp;&nbsp;&nbsp;&nbsp;&nbsp;&nbsp;&nbsp;&nbsp;&nbsp; Michel Foucault<\/p>\n\n\n\n<p>Tym razem Sylwester Ambroziak o\u017cywi\u0142 swoje minotaury. Tak okre\u015bla \u201elalki\u201d, kt\u00f3re powstaj\u0105 od kilkunastu lat, w r\u00f3\u017cnych materia\u0142ach: drewnie, br\u0105zie, silikonie, ceramice, w rysunku, w r\u00f3\u017cnych wielko\u015bciach: jako drobne figurki i du\u017ce, ludzkich rozmiar\u00f3w obiekty. Surowe, przyci\u0119\u017ckie, niezgrabne\u2026 Teraz \u2013 zyska\u0142y wirtualn\u0105 niematerialno\u015b\u0107: sta\u0142y si\u0119 bohaterami animacji. Minotaur &#8211;&nbsp; \u201ezwierzo-cz\u0142owiek\u201d. A mo\u017ce po prostu \u2013 metafora cz\u0142owieka, \u201eludzkiego zwierz\u0119cia\u201d&nbsp; (pozorna sprzeczno\u015b\u0107 tego wyra\u017cenia wskazuje jednak na prawd\u0119 o naszej istocie).<\/p>\n\n\n\n<p>Sylwester Ambroziak inscenizuje z udzia\u0142em minotaur\u00f3w ma\u0142e sytuacyjne, rze\u017abiarskie laboratoria, sytuuj\u0105ce si\u0119 gdzie\u015b pomi\u0119dzy mitem, przypowie\u015bci\u0105, skr\u00f3tem, parabol\u0105\u2026 Bo dzi\u0119ki Minotaurom mo\u017cna opowiedzie\u0107 o tym, o czym mo\u017ce trudno m\u00f3wi\u0107 wprost: o instynktach, nami\u0119tno\u015bciach, l\u0119ku, przera\u017ceniu, tajemnicy. Wszystkim tym, co nie zawsze jasne, bezpieczne i maj\u0105ce szcz\u0119\u015bliwe zako\u0144czenie. Tym razem \u2013 tak\u017ce\u2026<\/p>\n\n\n\n<p>\u201ePok\u00f3j\u201d to zwi\u0119z\u0142a, narracyjna animacja. O przebudzeniu, wstawaniu na nogi, zdobywaniu samodzielno\u015bci i nieudanej pr\u00f3bie wydostania si\u0119 z tytu\u0142owego pomieszczenia. Prostocie opowie\u015bci towarzyszy kilka niejednoznacznych i niepokoj\u0105cych trop\u00f3w: minotanury maj\u0105 dzieci\u0119ce proporcje (podobnie, jak w kilku ostatnich realizacjach), ich twarze s\u0105 nieme i niewidz\u0105ce, a miejsce, w kt\u00f3rym si\u0119 znajduj\u0105 jest jak panoptikon, o \u015bcianach pokrytymi fenickimi lustrami, ze \u015bwiat\u0142em migocz\u0105cym jak przy pracy projektora albo wi\u0119ziennego reflektora \u2013 szperacza.<\/p>\n\n\n\n<p>\u201ePok\u00f3j\u201d to do\u015b\u0107 ponura opowie\u015b\u0107 o niemo\u017cno\u015bci wydostania si\u0119 z wyrafinowanej pu\u0142apki, kt\u00f3ra stwarza pozory bezpiecznego miejsca \u2013 pokoju.&nbsp; To historia zamkni\u0119cia, porzucenia, uwi\u0119zienia<br>i nadzoru. Tak\u017ce wizja fiaska komunikacji: niewidzenia, niemowy, nies\u0142yszenia.. Odniesie\u0144 mo\u017cna znale\u017a\u0107 wiele. Po raz kolejny Sylwester Ambroziak stawia nas wobec niepokoj\u0105cego niedopowiedzenia, tajemnicy.<\/p>\n","protected":false},"excerpt":{"rendered":"<p>Magdalena Wicherkiewicz \u201eZ dzieci\u0119cego pokoju\u201d\u00a0 \u201eEXIT\u201d 1(85) 2011, str.5724 \u2013 5727 &nbsp;&nbsp;&nbsp;&nbsp;&nbsp;&nbsp;&nbsp;&nbsp;&nbsp;&nbsp;&nbsp; Widzialno\u015b\u0107 jest pu\u0142apk\u0105. &nbsp;&nbsp;&nbsp;&nbsp;&nbsp;&nbsp;&nbsp;&nbsp;&nbsp;&nbsp;&nbsp;&nbsp;&nbsp;&nbsp;&nbsp; Michel Foucault Tym razem Sylwester Ambroziak o\u017cywi\u0142 swoje minotaury. Tak okre\u015bla \u201elalki\u201d, kt\u00f3re powstaj\u0105 od kilkunastu lat, w r\u00f3\u017cnych materia\u0142ach: drewnie, br\u0105zie, silikonie, ceramice, w rysunku, w r\u00f3\u017cnych wielko\u015bciach: jako drobne figurki i du\u017ce, ludzkich rozmiar\u00f3w obiekty. Surowe, przyci\u0119\u017ckie, &hellip; <a href=\"https:\/\/sylwester-ambroziak.com\/index.php\/magdalena-wicherkiewicz-z-dzieciecego-pokoju\/\" class=\"more-link\">Czytaj dalej <span class=\"screen-reader-text\">Magdalena Wicherkiewicz  \u201eZ dzieci\u0119cego pokoju\u201d<\/span><\/a><\/p>\n","protected":false},"author":1,"featured_media":0,"parent":0,"menu_order":0,"comment_status":"closed","ping_status":"closed","template":"","meta":{"footnotes":""},"class_list":["post-2005","page","type-page","status-publish","hentry"],"_links":{"self":[{"href":"https:\/\/sylwester-ambroziak.com\/index.php\/wp-json\/wp\/v2\/pages\/2005","targetHints":{"allow":["GET"]}}],"collection":[{"href":"https:\/\/sylwester-ambroziak.com\/index.php\/wp-json\/wp\/v2\/pages"}],"about":[{"href":"https:\/\/sylwester-ambroziak.com\/index.php\/wp-json\/wp\/v2\/types\/page"}],"author":[{"embeddable":true,"href":"https:\/\/sylwester-ambroziak.com\/index.php\/wp-json\/wp\/v2\/users\/1"}],"replies":[{"embeddable":true,"href":"https:\/\/sylwester-ambroziak.com\/index.php\/wp-json\/wp\/v2\/comments?post=2005"}],"version-history":[{"count":1,"href":"https:\/\/sylwester-ambroziak.com\/index.php\/wp-json\/wp\/v2\/pages\/2005\/revisions"}],"predecessor-version":[{"id":2006,"href":"https:\/\/sylwester-ambroziak.com\/index.php\/wp-json\/wp\/v2\/pages\/2005\/revisions\/2006"}],"wp:attachment":[{"href":"https:\/\/sylwester-ambroziak.com\/index.php\/wp-json\/wp\/v2\/media?parent=2005"}],"curies":[{"name":"wp","href":"https:\/\/api.w.org\/{rel}","templated":true}]}}