{"id":2,"date":"2018-07-06T10:49:57","date_gmt":"2018-07-06T08:49:57","guid":{"rendered":"http:\/\/sylwester-ambroziak.com\/?page_id=2"},"modified":"2026-03-21T09:16:35","modified_gmt":"2026-03-21T08:16:35","slug":"home","status":"publish","type":"page","link":"https:\/\/sylwester-ambroziak.com\/","title":{"rendered":"Home"},"content":{"rendered":"\n<figure class=\"wp-block-image size-large is-resized\"><img loading=\"lazy\" decoding=\"async\" width=\"912\" height=\"554\" src=\"https:\/\/sylwester-ambroziak.com\/wp-content\/uploads\/2026\/02\/masp_obliczarzezby.jpg\" alt=\"\" class=\"wp-image-2715\" style=\"width:544px;height:388px\" srcset=\"https:\/\/sylwester-ambroziak.com\/wp-content\/uploads\/2026\/02\/masp_obliczarzezby.jpg 912w, https:\/\/sylwester-ambroziak.com\/wp-content\/uploads\/2026\/02\/masp_obliczarzezby-300x182.jpg 300w, https:\/\/sylwester-ambroziak.com\/wp-content\/uploads\/2026\/02\/masp_obliczarzezby-768x467.jpg 768w\" sizes=\"auto, (max-width: 912px) 100vw, 912px\" \/><\/figure>\n\n\n\n<p>FIGURA \u2013 PRZESTRZE\u0143 \u2013 PROCES<br>Pa\u0142ac Czapskich, ASP w&nbsp;Warszawie<br>ul.&nbsp;Krakowskie Przedmie\u015bcie 5<br>wernisa\u017c: 17 pa\u017adziernika 2025, godz.&nbsp;18:00<br>17 pa\u017adziernika 2025 \u2013 31 maja 2026<br>wystawa czynna: wt.-niedz. 12:00-19:00<br>oprowadzanie kuratorskie: niedziela 19 pa\u017adziernika 2025, godz.&nbsp;12:00<br><a href=\"https:\/\/asp.waw.pl\/17-pazdziernika-otwieramy-wystawe-figura-przestrzen-proces-rzezba-z-kolekcji-muzeum-asp-w-warszawie\/\">Czytaj wi\u0119cej<\/a><\/p>\n\n\n\n<figure class=\"wp-block-image size-large is-resized\"><img loading=\"lazy\" decoding=\"async\" width=\"532\" height=\"768\" src=\"https:\/\/sylwester-ambroziak.com\/wp-content\/uploads\/2025\/05\/20250414114158_1_ambroziak_plakat.jpg\" alt=\"\" class=\"wp-image-2692\" style=\"width:328px;height:473px\" srcset=\"https:\/\/sylwester-ambroziak.com\/wp-content\/uploads\/2025\/05\/20250414114158_1_ambroziak_plakat.jpg 532w, https:\/\/sylwester-ambroziak.com\/wp-content\/uploads\/2025\/05\/20250414114158_1_ambroziak_plakat-208x300.jpg 208w\" sizes=\"auto, (max-width: 532px) 100vw, 532px\" \/><\/figure>\n\n\n\n<p>HOMO LUDENS<br>Miejski O\u015brodek Sztuki<br>ul. Pomorska 73, 66-400 Gorz\u00f3w Wlkp.<br>Otwarcie: 9.05.2025 godz. 18:00<br>wystawa czynna do 15.06.2025<br><a href=\"https:\/\/mosart.pl\/galeriabwa-aktualnie\/detail,nID,6819\">Czytaj wi\u0119cej<\/a><br><a href=\"https:\/\/dela.art\/pl\/sylwester-ambroziak-homo-ludens\/\">info<\/a><\/p>\n\n\n\n<div class=\"wp-block-columns is-layout-flex wp-container-core-columns-is-layout-9d6595d7 wp-block-columns-is-layout-flex\">\n<div class=\"wp-block-column is-layout-flow wp-block-column-is-layout-flow\">\n<figure class=\"wp-block-image size-large is-resized\"><img loading=\"lazy\" decoding=\"async\" width=\"641\" height=\"913\" src=\"http:\/\/sylwester-ambroziak.com\/wp-content\/uploads\/2024\/12\/SZ-U-M.jpg\" alt=\"\" class=\"wp-image-2624\" style=\"width:327px;height:465px\" srcset=\"https:\/\/sylwester-ambroziak.com\/wp-content\/uploads\/2024\/12\/SZ-U-M.jpg 641w, https:\/\/sylwester-ambroziak.com\/wp-content\/uploads\/2024\/12\/SZ-U-M-211x300.jpg 211w\" sizes=\"auto, (max-width: 641px) 100vw, 641px\" \/><\/figure>\n\n\n\n<p>Ekspresja Uciele\u015bniona<br>Galeria SZOKART<br>Plac Cyryla Ratajskiego 1. 61-726 Pozna\u0144<br>07.12.2024 do 15.01.2025r.<br><a href=\"https:\/\/szokart.com\/wystawa-ekspresja-ucielesniona\/\">Czytaj wi\u0119cej<\/a><br><a href=\"http:\/\/sylwester-ambroziak.com\/index.php\/ekspresja-ucielesniona-poznan\/\">Foto<\/a><\/p>\n<\/div>\n\n\n\n<div class=\"wp-block-column is-layout-flow wp-block-column-is-layout-flow\">\n<figure class=\"wp-block-video\"><video height=\"480\" style=\"aspect-ratio: 272 \/ 480;\" width=\"272\" controls src=\"http:\/\/sylwester-ambroziak.com\/wp-content\/uploads\/2024\/12\/IMG_2206-a.mp4\"><\/video><\/figure>\n\n\n\n<p><\/p>\n<\/div>\n<\/div>\n\n\n\n<figure class=\"wp-block-image size-large is-resized\"><img loading=\"lazy\" decoding=\"async\" width=\"993\" height=\"468\" src=\"http:\/\/sylwester-ambroziak.com\/wp-content\/uploads\/2023\/06\/TDIII_ZAPROSZENIE_PRINT_WERNISAZ-01.jpg\" alt=\"\" class=\"wp-image-2584\" style=\"width:375px;height:228px\" srcset=\"https:\/\/sylwester-ambroziak.com\/wp-content\/uploads\/2023\/06\/TDIII_ZAPROSZENIE_PRINT_WERNISAZ-01.jpg 993w, https:\/\/sylwester-ambroziak.com\/wp-content\/uploads\/2023\/06\/TDIII_ZAPROSZENIE_PRINT_WERNISAZ-01-300x141.jpg 300w, https:\/\/sylwester-ambroziak.com\/wp-content\/uploads\/2023\/06\/TDIII_ZAPROSZENIE_PRINT_WERNISAZ-01-768x362.jpg 768w\" sizes=\"auto, (max-width: 993px) 100vw, 993px\" \/><\/figure>\n\n\n\n<p><\/p>\n\n\n\n<p>Tw\u00f3rczy Dotyk III<br>Je\u017cyckie Centrum Kultury<br>ul. Jackowskiego 5-7, 60-508 Pozna\u0144<br>Wernisa\u017c zaplanowany jest na 23 czerwca 2023 r., godz. 19.00<br>finisa\u017c oraz prezentacja katalogu z wystawy odb\u0119dzie si\u0119 28 lipca 2023 r. o godz. 19.00<br><a href=\"https:\/\/jck-poznan.pl\/2023\/06\/09\/tworczy-dotyk-iii\/\">Czytaj wi\u0119cej<\/a><\/p>\n\n\n\n<figure class=\"wp-block-image size-large is-resized\"><img loading=\"lazy\" decoding=\"async\" width=\"962\" height=\"721\" src=\"http:\/\/sylwester-ambroziak.com\/wp-content\/uploads\/2023\/03\/image002.jpg\" alt=\"\" class=\"wp-image-2360\" style=\"width:375px;height:280px\" srcset=\"https:\/\/sylwester-ambroziak.com\/wp-content\/uploads\/2023\/03\/image002.jpg 962w, https:\/\/sylwester-ambroziak.com\/wp-content\/uploads\/2023\/03\/image002-300x225.jpg 300w, https:\/\/sylwester-ambroziak.com\/wp-content\/uploads\/2023\/03\/image002-768x576.jpg 768w\" sizes=\"auto, (max-width: 962px) 100vw, 962px\" \/><\/figure>\n\n\n\n<p><\/p>\n\n\n\n<p>Cia\u0142o obce \/ Cia\u0142o w\u0142asne<br>Wystawa prac z kolekcji Miejskiej Galerii Sztuki w \u0141odzi<br>Galeria Re:Medium, \u0141\u00f3d\u017a, ul. Piotrkowska 113<br>18.03 \u2013 23.04.2023<br>Wernisa\u017c 17.03 o godzinie 18:00 <br><a href=\"https:\/\/mgslodz.pl\/wystawy\/-492.html\">Czytaj wi\u0119cej<\/a><\/p>\n\n\n\n<figure class=\"wp-block-image size-large is-resized\"><img loading=\"lazy\" decoding=\"async\" width=\"950\" height=\"712\" src=\"http:\/\/sylwester-ambroziak.com\/wp-content\/uploads\/2023\/03\/crp-wystawa-2023-1.jpg\" alt=\"\" class=\"wp-image-2392\" style=\"width:388px;height:291px\" srcset=\"https:\/\/sylwester-ambroziak.com\/wp-content\/uploads\/2023\/03\/crp-wystawa-2023-1.jpg 950w, https:\/\/sylwester-ambroziak.com\/wp-content\/uploads\/2023\/03\/crp-wystawa-2023-1-300x225.jpg 300w, https:\/\/sylwester-ambroziak.com\/wp-content\/uploads\/2023\/03\/crp-wystawa-2023-1-768x576.jpg 768w\" sizes=\"auto, (max-width: 950px) 100vw, 950px\" \/><\/figure>\n\n\n\n<p>17 kilometr\u00f3w w&nbsp;linii prostej od&nbsp;Radomia \u2013 rewizyta<br>Rze\u017aba z&nbsp;kolekcji Mazowieckiego Centrum Sztuki Wsp\u00f3\u0142czesnej Elektrownia w&nbsp;Radomiu<br>Centrum Rze\u017aby Polskiej, Oro\u0144sko <br>04.03.2023 <strong>&#8211; <\/strong>02.04.2023<br><a href=\"https:\/\/rzezba-oronsko.pl\/wystawy\/17-kilometrow-w-linii-prostej-od-radomia-rewizyta\/\">Czytaj wi\u0119cej<\/a><\/p>\n\n\n\n<p><\/p>\n\n\n\n<figure class=\"wp-block-image size-large is-resized\"><a href=\"http:\/\/pai.media.pl\/pai_wiadomosci.php?id=21082%2F\/\" target=\"_blank\" rel=\"noreferrer noopener\"><img loading=\"lazy\" decoding=\"async\" src=\"http:\/\/sylwester-ambroziak.com\/wp-content\/uploads\/2022\/06\/nordart-2022-731x1024.jpg\" alt=\"NordArt 2022 Pawilon Polski\" width=\"322\" height=\"450\"><\/a><\/figure>\n\n\n\n<p class=\"aktual\">NordArt 2022 Pawilon Polski<br>Filmy i rze\u017aby<br>B\u00fcdelsdorf, Niemcy 04.06\u201309.10.2022<br><a href=\"\/index.php\/nordart-2022-2\/\">Foto<\/a><br><a href=\"http:\/\/wspolnotapolska.org.pl\/wiadomosci.php?id=7961\">Czytaj wi\u0119cej<\/a><br> <a href=\"https:\/\/csw.torun.pl\/wystawy-2\/wystawa-sylwester-ambroziak-niewinnosc-34046\/\" target=\"_blank\" rel=\"noreferrer noopener\"><\/a><\/p>\n\n\n\n<figure class=\"wp-block-image\"><a href=\"https:\/\/www.bwakielce.art.pl\/event\/niewinnosc\" target=\"_blank\" rel=\"noreferrer noopener\"><img decoding=\"async\" src=\"http:\/\/sylwester-ambroziak.com\/wp-content\/uploads\/2021\/04\/bwa_niewinnosc_3.gif\" alt=\"\"\/><\/a><\/figure>\n\n\n\n<p class=\"aktual\">Niewinno\u015b\u0107<br>Filmy i rze\u017aby<br>BWA Kielce 19.03\u201327.05.2021<br><a href=\"https:\/\/www.youtube.com\/watch?v=belTB-Tgkus\" target=\"_blank\" rel=\"noreferrer noopener\">Wirtualne zwiedzanie<\/a><br><a href=\"\/index.php\/niewinnosc-bwa-kielce\/\" target=\"_top\" rel=\"noreferrer noopener\">Foto<\/a><br><a href=\"http:\/\/sylwester-ambroziak.com\/index.php\/stanislawa-zacharko-lagowska-do-wystawy-niewinnosc-kielce-2021\/\" target=\"_top\" rel=\"noreferrer noopener\">Czytaj wi\u0119cej<\/a><br>\n<a href=\"https:\/\/csw.torun.pl\/wystawy-2\/wystawa-sylwester-ambroziak-niewinnosc-34046\/\" target=\"_blank\" rel=\"noreferrer noopener\"><\/a><\/p>\n\n\n\n<figure class=\"wp-block-image is-resized\"><a href=\"https:\/\/csw.torun.pl\/wystawy-2\/wystawa-sylwester-ambroziak-niewinnosc-34046\/\" target=\"_blank\" rel=\"noreferrer noopener\"><img loading=\"lazy\" decoding=\"async\" width=\"711\" height=\"1024\" src=\"http:\/\/sylwester-ambroziak.com\/wp-content\/uploads\/2021\/02\/plakat_wysylka-711x1024.jpg\" alt=\"\" class=\"wp-image-1739\" style=\"width:270px;height:389px\" srcset=\"https:\/\/sylwester-ambroziak.com\/wp-content\/uploads\/2021\/02\/plakat_wysylka-711x1024.jpg 711w, https:\/\/sylwester-ambroziak.com\/wp-content\/uploads\/2021\/02\/plakat_wysylka-208x300.jpg 208w, https:\/\/sylwester-ambroziak.com\/wp-content\/uploads\/2021\/02\/plakat_wysylka-768x1107.jpg 768w, https:\/\/sylwester-ambroziak.com\/wp-content\/uploads\/2021\/02\/plakat_wysylka-1066x1536.jpg 1066w, https:\/\/sylwester-ambroziak.com\/wp-content\/uploads\/2021\/02\/plakat_wysylka-1421x2048.jpg 1421w, https:\/\/sylwester-ambroziak.com\/wp-content\/uploads\/2021\/02\/plakat_wysylka-scaled.jpg 1777w\" sizes=\"auto, (max-width: 711px) 100vw, 711px\" \/><\/a><\/figure>\n\n\n\n<p class=\"aktual\">Niewinno\u015b\u0107<br>Filmy i rze\u017aby<br>CSW Toru\u0144 22.01\u201321.03.2021<br><a href=\"https:\/\/zwiedzaj.csw.torun.pl\/tours\/202101220321-ambroziak.html\" target=\"_blank\" rel=\"noreferrer noopener\">Wirtualne zwiedzanie<\/a><br><a href=\"\/index.php\/niewinnosc-torun-2021\/\" target=\"_top\" rel=\"noreferrer noopener\">Foto<\/a><br><a href=\"http:\/\/sylwester-ambroziak.com\/index.php\/tekst-do-wystawy-niewinnosc-torun-2021\/\" target=\"_top\" rel=\"noreferrer noopener\">Czytaj wi\u0119cej<\/a><br><\/p>\n\n\n\n<p><\/p>\n","protected":false},"excerpt":{"rendered":"","protected":false},"author":1,"featured_media":0,"parent":0,"menu_order":0,"comment_status":"closed","ping_status":"open","template":"","meta":{"footnotes":""},"class_list":["post-2","page","type-page","status-publish","hentry"],"_links":{"self":[{"href":"https:\/\/sylwester-ambroziak.com\/index.php\/wp-json\/wp\/v2\/pages\/2","targetHints":{"allow":["GET"]}}],"collection":[{"href":"https:\/\/sylwester-ambroziak.com\/index.php\/wp-json\/wp\/v2\/pages"}],"about":[{"href":"https:\/\/sylwester-ambroziak.com\/index.php\/wp-json\/wp\/v2\/types\/page"}],"author":[{"embeddable":true,"href":"https:\/\/sylwester-ambroziak.com\/index.php\/wp-json\/wp\/v2\/users\/1"}],"replies":[{"embeddable":true,"href":"https:\/\/sylwester-ambroziak.com\/index.php\/wp-json\/wp\/v2\/comments?post=2"}],"version-history":[{"count":21,"href":"https:\/\/sylwester-ambroziak.com\/index.php\/wp-json\/wp\/v2\/pages\/2\/revisions"}],"predecessor-version":[{"id":2879,"href":"https:\/\/sylwester-ambroziak.com\/index.php\/wp-json\/wp\/v2\/pages\/2\/revisions\/2879"}],"wp:attachment":[{"href":"https:\/\/sylwester-ambroziak.com\/index.php\/wp-json\/wp\/v2\/media?parent=2"}],"curies":[{"name":"wp","href":"https:\/\/api.w.org\/{rel}","templated":true}]}}