{"id":1848,"date":"2021-04-23T22:38:33","date_gmt":"2021-04-23T20:38:33","guid":{"rendered":"http:\/\/sylwester-ambroziak.com\/?page_id=1848"},"modified":"2021-04-24T23:14:22","modified_gmt":"2021-04-24T21:14:22","slug":"tekst-do-wystawy-niewinnosc-torun-2021","status":"publish","type":"page","link":"https:\/\/sylwester-ambroziak.com\/index.php\/tekst-do-wystawy-niewinnosc-torun-2021\/","title":{"rendered":"Krzysztof Stanis\u0142awski, tekst do wystawy &#8222;Niewinno\u015b\u0107&#8221;, Toru\u0144 2021"},"content":{"rendered":"\n<p><strong>Kurator:<\/strong> Wac\u0142aw Kuczma<br><strong>Koordynacja:<\/strong> Renata Sargalska, Mateusz Kozieradzki<br><strong>Produkcja wystawy:<\/strong> Wojciech Ruminski<br>&nbsp;<\/p>\n\n\n\n<p>Sylwester Ambroziak jest jednym z najwybitniejszych wsp\u00f3\u0142czesnych polskich rze\u017abiarzy. Ju\u017c od 30 lat bardzo aktywnie wystawia, regularnie zaskakuj\u0105c publiczno\u015b\u0107 i krytyk\u0119 nowymi pomys\u0142ami i zastosowanymi technologiami.<br>Od pocz\u0105tku by\u0142 artyst\u0105 osobnym i pewnie ju\u017c takim pozostanie. Od pocz\u0105tku te\u017c klarownie ustali\u0142 pewien kanon, typ bohatera swoich prac, a tak\u017ce zakres poruszanych temat\u00f3w. S\u0105 to kwestie uniwersalne, nawi\u0105zuj\u0105ce silnie do tradycji europejskiej sztuki, ale i nieoboj\u0119tne na popkulturowe znamiona naszych czas\u00f3w, oraz anga\u017cuj\u0105ce si\u0119 w najwa\u017cniejsze wsp\u00f3\u0142czesne problemy \u2013 natury ju\u017c nie tylko filozoficznej, religijnej czy politycznej, jak na pocz\u0105tku, ale tak\u017ce etycznej i spo\u0142ecznej. Warto o tym pami\u0119ta\u0107, ogl\u0105daj\u0105c jego figury o charakterystycznych negroidalnych, zdeformowanych twarzach, o coraz wi\u0119kszych rozmiarach, zdaj\u0105cych si\u0119 rozbija\u0107 mury galerii i muze\u00f3w, w kt\u00f3rych s\u0105 prezentowane.<br>\u00a0<br>Na wystawie <em>Niewinno\u015b\u0107<\/em> prezentujemy trzy grupy rze\u017ab oraz filmy animowane. W wyj\u0105tkowej przestrzeni sali kolumnowej CSW, maj\u0105cej wysoko\u015b\u0107 7,26 metra, zosta\u0142y podwieszone rze\u017aby z cyklu <em>Opuszczone<\/em> (2010\u201311). To dzie\u0142o zupe\u0142nie odr\u0119bne w ca\u0142ej tw\u00f3rczo\u015bci artysty; projekt oryginalny i nowoczesny, wykorzystuj\u0105cy tradycyjny warsztat rze\u017abiarski w po\u0142\u0105czeniu z ruchem oraz multimediami (audio i wideo).<br>Figury, przedstawiaj\u0105ce istoty dzieci\u0119ce, s\u0105 zestawione w pary. Ukazane w przysiadzie, stykaj\u0105 si\u0119 ze sob\u0105 plecami, co konotuje zar\u00f3wno ich odwr\u00f3cenie od siebie, jak i wzajemne wspieranie. Nieokre\u015blone d\u017awi\u0119ki, troch\u0119 przypominaj\u0105ce p\u0142acz, wo\u0142anie dziecka, troch\u0119 odg\u0142osy zwierz\u0119cia, wydobywaj\u0105ce si\u0119 z g\u0142o\u015bnik\u00f3w, pot\u0119guj\u0105 wra\u017cenie wyobcowania.<br>\u00a0<br>To jak dot\u0105d najwybitniejsze pod wzgl\u0119dem artystycznym i mocy oddzia\u0142ywania dzie\u0142o Sylwestra Ambroziaka. Dzie\u0142o rze\u017abiarskie i multimedialne, atakuj\u0105ce nasze zmys\u0142y kompleksowo, dzie\u0142o pe\u0142ne.<br>Dope\u0142nieniem tej grupy podwieszonych prac s\u0105 <em>Opuszczone (kl\u0119cz\u0105ce)<\/em> \u2013 dwie czarne rze\u017aby o monumentalnych rozmiarach, przedstawiaj\u0105ce kl\u0119cz\u0105cych, z\u0142\u0105czonych g\u0142owami malc\u00f3w, oraz rze\u017aba le\u017c\u0105ca, o podobnych wymiarach i barwie. Dramat, jaki rozgrywa si\u0119 pomi\u0119dzy figurami, to dramat z\u0142\u0105czenia i roz\u0142\u0105czenia. Dwie figury stanowi\u0105 jedno\u015b\u0107, gdy\u017c ich g\u0142owy s\u0105 z\u0142\u0105czone. To bli\u017aniaki syjamskie. \u017byj\u0105 razem, ale ich dalsza egzystencja b\u0119dzie mo\u017cliwa dopiero po chirurgicznym roz\u0142\u0105czeniu. Pr\u0105 w przeciwstawnych kierunkach, cho\u0107 nie mog\u0105 si\u0119 samodzielnie rozdzieli\u0107. A nawet, gdyby tego dokonali, oznacza\u0142oby to \u015bmier\u0107 obu (to ch\u0142opcy). Trzecia posta\u0107 le\u017cy obok, niedaleko, na boku, jest ju\u017c osobno, ale chyba ju\u017c bez \u017cycia. By\u0107 mo\u017ce by\u0142a dope\u0142nieniem, trojaczkiem, ale urodzi\u0142a si\u0119 oddzielnie, co normalnie by\u0142oby dla\u0144 szcz\u0119\u015bliw\u0105 okoliczno\u015bci\u0105, ale w tej kompozycji ma wymiar ostateczny \u2013 osobno to znaczy bez \u017cycia, w niebycie.<br>\u00a0<br>Trzeci\u0105 grup\u0105 rze\u017ab Ambroziaka na wystawie jest <em>Piaskownica<\/em> (2018): instalacja oparta o konstrukcj\u0119 stalow\u0105, na kt\u00f3rej, niczym na scenie, umieszczona jest tytu\u0142owa piaskownica z prawdziwym piaskiem. Artysta umie\u015bci\u0142 w niej kilkoro siedz\u0105cych bobas\u00f3w, kt\u00f3re si\u0119 tam nie bawi\u0105, lecz s\u0105 w niej uwi\u0119zione, a nad stalowym ogrodzeniem kto\u015b umie\u015bci\u0142 zwoje drutu kolczastego.<br>\u00a0<br>Po raz pierwszy jednak nie rze\u017aby i instalacje s\u0105 najwa\u017cniejsze na wystawie Ambroziaka, lecz jego filmy. Artysta zajmuje si\u0119 tworzeniem eksperymentalnych animacji ju\u017c od 10 lat. Animacje s\u0105 \u015bci\u015ble zwi\u0105zane z jego rze\u017abami, bo faktycznie mamy do czynienia z o\u017cywionymi projektami rze\u017abiarskimi, kt\u00f3re \u201egraj\u0105\u201d w filmach.<br>Grupom rze\u017ab Ambroziaka towarzysz\u0105 projekcje na wielkoformatowych ekranach w sali kolumnowej CSW. Pokazujemy nast\u0119puj\u0105ce filmy: <em>Pok\u00f3j<\/em>, <em>Baranek<\/em>, <em>Mesjasz<\/em>, <em>\u0141\u0105ka<\/em>,<em> Sen<\/em> oraz <em>Niewinne<\/em>. Ostatni z nich mia\u0142 oficjaln\u0105 premier\u0119 na naszej wystawie i do jego tytu\u0142u nawi\u0105zuje r\u00f3wnie\u017c tytu\u0142 ca\u0142ej ekspozycji.<\/p>\n\n\n\n<p class=\"has-text-align-right\">Krzysztof Stanis\u0142awski<\/p>\n","protected":false},"excerpt":{"rendered":"<p>Kurator: Wac\u0142aw KuczmaKoordynacja: Renata Sargalska, Mateusz KozieradzkiProdukcja wystawy: Wojciech Ruminski&nbsp; Sylwester Ambroziak jest jednym z najwybitniejszych wsp\u00f3\u0142czesnych polskich rze\u017abiarzy. Ju\u017c od 30 lat bardzo aktywnie wystawia, regularnie zaskakuj\u0105c publiczno\u015b\u0107 i krytyk\u0119 nowymi pomys\u0142ami i zastosowanymi technologiami.Od pocz\u0105tku by\u0142 artyst\u0105 osobnym i pewnie ju\u017c takim pozostanie. Od pocz\u0105tku te\u017c klarownie ustali\u0142 pewien kanon, typ bohatera swoich &hellip; <a href=\"https:\/\/sylwester-ambroziak.com\/index.php\/tekst-do-wystawy-niewinnosc-torun-2021\/\" class=\"more-link\">Czytaj dalej <span class=\"screen-reader-text\">Krzysztof Stanis\u0142awski, tekst do wystawy &#8222;Niewinno\u015b\u0107&#8221;, Toru\u0144 2021<\/span><\/a><\/p>\n","protected":false},"author":1,"featured_media":0,"parent":0,"menu_order":0,"comment_status":"closed","ping_status":"closed","template":"","meta":{"footnotes":""},"class_list":["post-1848","page","type-page","status-publish","hentry"],"_links":{"self":[{"href":"https:\/\/sylwester-ambroziak.com\/index.php\/wp-json\/wp\/v2\/pages\/1848","targetHints":{"allow":["GET"]}}],"collection":[{"href":"https:\/\/sylwester-ambroziak.com\/index.php\/wp-json\/wp\/v2\/pages"}],"about":[{"href":"https:\/\/sylwester-ambroziak.com\/index.php\/wp-json\/wp\/v2\/types\/page"}],"author":[{"embeddable":true,"href":"https:\/\/sylwester-ambroziak.com\/index.php\/wp-json\/wp\/v2\/users\/1"}],"replies":[{"embeddable":true,"href":"https:\/\/sylwester-ambroziak.com\/index.php\/wp-json\/wp\/v2\/comments?post=1848"}],"version-history":[{"count":2,"href":"https:\/\/sylwester-ambroziak.com\/index.php\/wp-json\/wp\/v2\/pages\/1848\/revisions"}],"predecessor-version":[{"id":1973,"href":"https:\/\/sylwester-ambroziak.com\/index.php\/wp-json\/wp\/v2\/pages\/1848\/revisions\/1973"}],"wp:attachment":[{"href":"https:\/\/sylwester-ambroziak.com\/index.php\/wp-json\/wp\/v2\/media?parent=1848"}],"curies":[{"name":"wp","href":"https:\/\/api.w.org\/{rel}","templated":true}]}}