{"id":1843,"date":"2021-04-23T22:16:59","date_gmt":"2021-04-23T20:16:59","guid":{"rendered":"http:\/\/sylwester-ambroziak.com\/?page_id=1843"},"modified":"2021-04-23T22:18:12","modified_gmt":"2021-04-23T20:18:12","slug":"stanislawa-zacharko-lagowska-do-wystawy-niewinnosc-kielce-2021","status":"publish","type":"page","link":"https:\/\/sylwester-ambroziak.com\/index.php\/stanislawa-zacharko-lagowska-do-wystawy-niewinnosc-kielce-2021\/","title":{"rendered":"Stanis\u0142awa Zacharko-\u0141agowska, do wystawy &#8222;Niewinno\u015b\u0107&#8221;, Kielce 2021"},"content":{"rendered":"\n<p>Hominidy Sylwestra Ambroziaka: ich jajowate, nieproporcjonalnie du\u017ce g\u0142owy, beznose, g\u0142adkie, nieruchome zwierz\u0119co-ludzkie twarze z szeroko rozstawionymi wypuk\u0142ymi, okr\u0105g\u0142ymi oczami i \u0142akomymi ustami, kr\u0119pe sylwetki i d\u0142ugie, ma\u0142pie r\u0119ce, a tak\u017ce emanuj\u0105ca z ich cia\u0142 skondensowana, prymitywna energia, budz\u0105 skojarzenia z pierwotno\u015bci\u0105 i zwierz\u0119co\u015bci\u0105 kierowan\u0105 instynktem. M\u0119skie, ze stercz\u0105cymi pot\u0119\u017cnymi fallusami, rzadsze \u2013 \u017ce\u0144skie, i te niby-dzieci\u0119ce, drobniejsze i bezp\u0142ciowe, samotne lub splecione w mi\u0142osnym u\u015bcisku czy zaciek\u0142ej walce, pojedyncze lub w du\u017cych grupach, a nawet w stadach, komunikuj\u0105 si\u0119 ze sob\u0105 \u2013 i z odbiorcami &#8211; zadziwiaj\u0105co precyzyjn\u0105, i r\u00f3wnie zadziwiaj\u0105co ludzk\u0105, mow\u0105 cia\u0142a. Szcz\u0105tkowa, wyra\u017cana tylko uk\u0142adem ust, mimika bezmy\u015blnych, oboj\u0119tnych, jakby lekko zdziwionych twarzy, kontrastuje z wyrazist\u0105 ekspresj\u0105 gest\u00f3w i gwa\u0142towno\u015bci\u0105 ruch\u00f3w spr\u0119\u017cystych cia\u0142.<\/p>\n\n\n\n<p>&nbsp;Ich widok z jednej strony budzi g\u0142\u0119boko zakorzenione w ludzkiej pod\u015bwiadomo\u015bci l\u0119k przed obcym i niech\u0119\u0107 do innego, lecz z drugiej, uczucie pewnego rodzaju gatunkowej blisko\u015bci, wywo\u0142anej wyczuwalnym autentyzmem prymarnych ludzkich odruch\u00f3w i instynktownych reakcji. Odnosi si\u0119 wra\u017cenie, \u017ce artysta celowo pozbawia je podstawowych indywidualnych cech: zr\u00f3\u017cnicowanych rys\u00f3w twarzy, sylwetek czy chocia\u017cby ubioru, w\u0142a\u015bnie po to, by m\u00f3c obna\u017ca\u0107 i jak najbardziej czytelnie ukazywa\u0107 prawdziw\u0105 natur\u0119 cz\u0142owieka: t\u0119 uniwersaln\u0105, wsp\u00f3ln\u0105 wszystkim na poziomie zbiorowej pod\u015bwiadomo\u015bci, nie zak\u0142\u00f3can\u0105 jednostkowymi sytuacjami i nie zatart\u0105 kulturowymi maskami.&nbsp;&nbsp;<\/p>\n\n\n\n<p>&nbsp; Podstawowe prawdy o kondycji i o dramacie ludzkiej egzystencji, obci\u0105\u017conej dziedzictwem ewolucji, uwik\u0142anej w przemijalno\u015b\u0107 czasu i materii, i jednocze\u015bnie rozpaczliwie pragn\u0105cej nada\u0107 sens swemu istnieniu, Sylwester Ambroziak definiuje doskonale adekwatn\u0105 do nich figuratywn\u0105 form\u0105 swoich rze\u017ab, cz\u0119sto dodatkowo wchodz\u0105cych ze sob\u0105 w znaczeniowe relacje w ramach z\u0142o\u017conych, przestrzennych instalacji. Wykonane najcz\u0119\u015bciej z optycznie i fizycznie ci\u0119\u017ckich materia\u0142\u00f3w: br\u0105zu, drewna i ceramiki, zawsze dynamicznie kszta\u0142towane i zawsze znakomicie zr\u00f3wnowa\u017cone kompozycyjnie, wiele o bardzo du\u017cych rozmiarach i niewielkie, w wyrafinowanych strukturach faktury powierzchni maj\u0105 zapisane, nasycone wzmo\u017conymi emocjami, &nbsp;\u015blady dialogu \u2013 cz\u0119sto na kraw\u0119dzi walki &#8211; &nbsp;artysty z materi\u0105. &nbsp;Artysty, kt\u00f3ry coraz cz\u0119\u015bciej si\u0119ga tak\u017ce po nowocze\u015bniejsze \u015brodki wyrazu: daj\u0105ce nowe mo\u017cliwo\u015bci odlewy z tworzyw sztucznych i &nbsp;perfekcyjnie realizowane technicznie filmy animowane, pe\u0142ne niepokoj\u0105cych, traumatycznych odniesie\u0144.<\/p>\n\n\n\n<p>I jakkolwiek ponadczasowe przes\u0142anie sztuki Sylwestra Ambroziaka ci\u0105gle pozostaje niezmienne \u2013 dociera ona do jeszcze g\u0142\u0119bszych warstw ludzkiej wra\u017cliwo\u015bci, tych wyczulonych nie tylko na tre\u015b\u0107 \u2013 tak\u017ce&nbsp; &nbsp;na &nbsp;formaln\u0105 i artystyczn\u0105 doskona\u0142o\u015b\u0107 dzie\u0142a sztuki.<\/p>\n\n\n\n<p>&nbsp;&nbsp;&nbsp;&nbsp;&nbsp;&nbsp;&nbsp;&nbsp;&nbsp;&nbsp;&nbsp;&nbsp;&nbsp;&nbsp;&nbsp;&nbsp;&nbsp;&nbsp;&nbsp;&nbsp;&nbsp;&nbsp;&nbsp;&nbsp;&nbsp;&nbsp;&nbsp;&nbsp;&nbsp;&nbsp;&nbsp;&nbsp;&nbsp;&nbsp;&nbsp;&nbsp;&nbsp;&nbsp;&nbsp;&nbsp;&nbsp;&nbsp;&nbsp;&nbsp;&nbsp;&nbsp;&nbsp;&nbsp;&nbsp;&nbsp;&nbsp;&nbsp;&nbsp;&nbsp;&nbsp;&nbsp;&nbsp;&nbsp;&nbsp;&nbsp;&nbsp;&nbsp;&nbsp;&nbsp;&nbsp;&nbsp;&nbsp;&nbsp;&nbsp;&nbsp;&nbsp;&nbsp;&nbsp;&nbsp;&nbsp;&nbsp;&nbsp;&nbsp;&nbsp;&nbsp;&nbsp;&nbsp;&nbsp;&nbsp;&nbsp;&nbsp;&nbsp;&nbsp;&nbsp;&nbsp;&nbsp;&nbsp;&nbsp; &nbsp;&nbsp;&nbsp;&nbsp;&nbsp;&nbsp;&nbsp;&nbsp;&nbsp;&nbsp;&nbsp;&nbsp;&nbsp;&nbsp;&nbsp;&nbsp;&nbsp;&nbsp;&nbsp;&nbsp;&nbsp;&nbsp;&nbsp; Stanis\u0142awa Zacharko-\u0141agowska<\/p>\n","protected":false},"excerpt":{"rendered":"<p>Hominidy Sylwestra Ambroziaka: ich jajowate, nieproporcjonalnie du\u017ce g\u0142owy, beznose, g\u0142adkie, nieruchome zwierz\u0119co-ludzkie twarze z szeroko rozstawionymi wypuk\u0142ymi, okr\u0105g\u0142ymi oczami i \u0142akomymi ustami, kr\u0119pe sylwetki i d\u0142ugie, ma\u0142pie r\u0119ce, a tak\u017ce emanuj\u0105ca z ich cia\u0142 skondensowana, prymitywna energia, budz\u0105 skojarzenia z pierwotno\u015bci\u0105 i zwierz\u0119co\u015bci\u0105 kierowan\u0105 instynktem. M\u0119skie, ze stercz\u0105cymi pot\u0119\u017cnymi fallusami, rzadsze \u2013 \u017ce\u0144skie, i te &hellip; <a href=\"https:\/\/sylwester-ambroziak.com\/index.php\/stanislawa-zacharko-lagowska-do-wystawy-niewinnosc-kielce-2021\/\" class=\"more-link\">Czytaj dalej <span class=\"screen-reader-text\">Stanis\u0142awa Zacharko-\u0141agowska, do wystawy &#8222;Niewinno\u015b\u0107&#8221;, Kielce 2021<\/span><\/a><\/p>\n","protected":false},"author":1,"featured_media":0,"parent":0,"menu_order":0,"comment_status":"closed","ping_status":"closed","template":"","meta":{"footnotes":""},"class_list":["post-1843","page","type-page","status-publish","hentry"],"_links":{"self":[{"href":"https:\/\/sylwester-ambroziak.com\/index.php\/wp-json\/wp\/v2\/pages\/1843","targetHints":{"allow":["GET"]}}],"collection":[{"href":"https:\/\/sylwester-ambroziak.com\/index.php\/wp-json\/wp\/v2\/pages"}],"about":[{"href":"https:\/\/sylwester-ambroziak.com\/index.php\/wp-json\/wp\/v2\/types\/page"}],"author":[{"embeddable":true,"href":"https:\/\/sylwester-ambroziak.com\/index.php\/wp-json\/wp\/v2\/users\/1"}],"replies":[{"embeddable":true,"href":"https:\/\/sylwester-ambroziak.com\/index.php\/wp-json\/wp\/v2\/comments?post=1843"}],"version-history":[{"count":1,"href":"https:\/\/sylwester-ambroziak.com\/index.php\/wp-json\/wp\/v2\/pages\/1843\/revisions"}],"predecessor-version":[{"id":1844,"href":"https:\/\/sylwester-ambroziak.com\/index.php\/wp-json\/wp\/v2\/pages\/1843\/revisions\/1844"}],"wp:attachment":[{"href":"https:\/\/sylwester-ambroziak.com\/index.php\/wp-json\/wp\/v2\/media?parent=1843"}],"curies":[{"name":"wp","href":"https:\/\/api.w.org\/{rel}","templated":true}]}}