{"id":160,"date":"2018-07-20T22:28:23","date_gmt":"2018-07-20T20:28:23","guid":{"rendered":"http:\/\/sylwester-ambroziak.com\/?page_id=160"},"modified":"2026-02-12T23:27:44","modified_gmt":"2026-02-12T22:27:44","slug":"biografia","status":"publish","type":"page","link":"https:\/\/sylwester-ambroziak.com\/index.php\/biografia\/","title":{"rendered":"Biografia"},"content":{"rendered":"\n<p>Artysta multimedialny, zajmuje si\u0119&nbsp; rze\u017ab\u0105, rysunkiem,&nbsp; instalacj\u0105 oraz eksperymentalnym filmem animowanym. Ur.14.04.1964 w&nbsp; \u0141owiczu. Studia w latach 1983-1989 w Akademii Sztuk Pi\u0119knych w Warszawie&nbsp; na Wydziale Rze\u017aby&nbsp; w prac. prof. prof. J. Jarnuszkiewicza, S. Kulona i G. Kowalskiego. Rysunek w prac. prof. M. Czapli.<\/p>\n\n\n\n<p>1989<code>&nbsp;<\/code>&nbsp;&nbsp;&nbsp;&nbsp;&nbsp;&nbsp;&nbsp;&nbsp;&nbsp;&nbsp;&nbsp;&nbsp;&nbsp;&nbsp;&nbsp;-\u201eKuszenie \u015bw. Antoniego\u201d, praca dyplomowa, promotor&nbsp; prof. Grzegorz Kowalski<br>1990-1992&nbsp;&nbsp;&nbsp;&nbsp;&nbsp;&nbsp;&nbsp;-\u201eJe\u017adziec Polski\u201d tryptyk monumentalnych rze\u017ab z br\u0105zu, projekt sponsorowany przez&nbsp; Fundacj\u0119 Notoro, realizacja w Centrum Rze\u017aby Polskiej w Oro\u0144sku.<br>1993-1994&nbsp;&nbsp;&nbsp;&nbsp;&nbsp;&nbsp;&nbsp;-Stypendium Fundacji Kultury<br>1997&nbsp;&nbsp;&nbsp;&nbsp;&nbsp;&nbsp;&nbsp;&nbsp;&nbsp;&nbsp;&nbsp;&nbsp;-Wyr\u00f3\u017cnienie za rze\u017ab\u0119 \u201eKain i Abel\u201d na wystawie \u201eSacrum\u201d w Cz\u0119stochowie<br>2004-2005&nbsp;&nbsp;&nbsp;&nbsp;&nbsp;&nbsp;&nbsp;&#8211; Stypendium Kulczyk Foundation,<br>1994, 1999, 2008 &#8211; Nominowany do nagrody \u201ePaszporty Polityki\u201d<br>2023&nbsp;&nbsp;&nbsp;&nbsp;&nbsp;&nbsp;&nbsp;&nbsp;&nbsp;&nbsp;&nbsp;&nbsp;&#8211; Srebrny Medal \u201eZas\u0142u\u017cony Kulturze Gloria Artis\u201d,<\/p>\n\n\n\n<p>Mia\u0142 ponad 130 wystaw indywidualnych\u00a0 oraz bra\u0142 udzia\u0142 w ponad 150 wystawach zbiorowych w kraju i za granic\u0105,Jego prace znajduj\u0105 si\u0119 w zbiorach muzealnych i kolekcjach prywatnych w kraju i za granic\u0105.<\/p>\n\n\n\n<!--nextpage-->\n\n\n\n<p>Sylwester Ambroziak urodzi\u0142 si\u0119 w 1964 roku w \u0141owiczu. Studiowa\u0142 na Wydziale Rze\u017aby Akademii Sztuk Pi\u0119knych w Warszawie, dyplom w pracowni prof. Grzegorza Kowalskiego w 1989 r. Swoje prace prezentowa\u0142 na ponad stu wystawach indywidualnych oraz bra\u0142 udzia\u0142 w ponad stu czterdziestu wystawach zbiorowych w Polsce i na \u015bwiecie. By\u0142 wielokrotnym stypendyst\u0105 mi\u0119dzy innymi Fundacji Notoro i Centrum Rze\u017aby Polskiem w Oro\u0144sku, Fundacji Kultury czy Kulczyk Foundation. Trzykrotnie nominowano go do nagrody \u201ePaszporty Polityki\u201d w 1994, 1999 i 2008 roku.<\/p>\n\n\n\n<p>Ambroziak zajmuje si\u0119 rze\u017ab\u0105, rysunkiem a tak\u017ce instalacj\u0105 oraz eksperymentalnym filmem animowanym. Jego rze\u017aby to przede wszystkim poka\u017anych rozmiar\u00f3w figury w drewnie, cho\u0107 obecnie wykorzystuje tak\u017ce silikon, masy akrylowe i \u017cywic\u0119 epoksydow\u0105.<\/p>\n\n\n\n<p>Debiutowa\u0142 jeszcze jako student, kilkakrotnie przed dyplomem prezentuj\u0105c w Galerii Dziekanka i na ASP swoje akcje i rze\u017aby. Prace te wpisywa\u0142y si\u0119 w nurt Nowej Ekspresji w sztuce m\u0142odych. R\u00f3wnie\u017c w p\u00f3\u017aniejszej tw\u00f3rczo\u015bci artysta sw\u00f3j styl opiera na ekspresjonistycznych \u015brodkach wyrazu: uproszczeniu i zbrutalizowaniu kszta\u0142t\u00f3w, przerysowaniu proporcji, oraz kontrastowej polichromii. Na wyraz jego rze\u017ab oddzia\u0142a\u0142a sztuka prymitywna, archaiczna i ludowa, w tym charakterystyczne cechy formalne figur i masek afryka\u0144skich. Rol\u0119 wsp\u00f3\u0142czesnego tw\u00f3rcy por\u00f3wnuje Ambroziak z dzia\u0142aniami szamana &#8211; artysty, kap\u0142ana i uzdrowiciela. W swoich dzie\u0142ach ch\u0119tnie podejmuje motywy i tematy antyczne, przedstawiaj\u0105c je w zgo\u0142a nieklasycznej formie. Drugim ulubionym jego w\u0105tkiem s\u0105 tematy biblijne i chrze\u015bcija\u0144skie, cz\u0119sto poddawane \u2013 poczynaj\u0105c od drastycznego dyplomu \u2013 interpretacji i uaktualnieniom dalekim od kanonu i doktryny.<\/p>\n\n\n\n<p>Istotn\u0105 rol\u0119 w tw\u00f3rczo\u015bci Ambroziaka odegra\u0142a sytuacja polityczna w Polsce w latach 80-tych oraz dominuj\u0105ca rola katolicyzmu w polskim spo\u0142ecze\u0144stwie. Z drugiej strony artysta reaguje na wsp\u00f3\u0142czesn\u0105 kultur\u0119 masow\u0105 (w tym komiksy, kresk\u00f3wki, filmy z gatunku science fiction) i agresywne przekazy medialne. Figura lalki s\u0142u\u017cy mu do konfrontacji nieskr\u0119powanej dzieci\u0119cej wyobra\u017ani z nieustannym zmaganiem z brutaln\u0105 rzeczywisto\u015bci\u0105. Groteskowo zdeformowane, przeskalowane i nieoszlifowane postacie Ambroziaka s\u0105 niemal\u017ce prowokacyjnie brzydkie. Nazywane przez artyst\u0119 \u201eMinotaurami\u201d i \u201eLaleczkami\u201d &#8211; humanoidalne istoty o anonimowych twarzach &#8211; jednocze\u015bnie daj\u0105 \u015bwiadectwo i rzucaj\u0105 wyzwanie naszej wsp\u00f3\u0142czesno\u015bci.<\/p>\n","protected":false},"excerpt":{"rendered":"<p>Artysta multimedialny, zajmuje si\u0119&nbsp; rze\u017ab\u0105, rysunkiem,&nbsp; instalacj\u0105 oraz eksperymentalnym filmem animowanym. Ur.14.04.1964 w&nbsp; \u0141owiczu. Studia w latach 1983-1989 w Akademii Sztuk Pi\u0119knych w Warszawie&nbsp; na Wydziale Rze\u017aby&nbsp; w prac. prof. prof. J. Jarnuszkiewicza, S. Kulona i G. Kowalskiego. Rysunek w prac. prof. M. Czapli. 1989&nbsp;&nbsp;&nbsp;&nbsp;&nbsp;&nbsp;&nbsp;&nbsp;&nbsp;&nbsp;&nbsp;&nbsp;&nbsp;&nbsp;&nbsp;&nbsp;-\u201eKuszenie \u015bw. Antoniego\u201d, praca dyplomowa, promotor&nbsp; prof. Grzegorz Kowalski1990-1992&nbsp;&nbsp;&nbsp;&nbsp;&nbsp;&nbsp;&nbsp;-\u201eJe\u017adziec Polski\u201d tryptyk &hellip; <a href=\"https:\/\/sylwester-ambroziak.com\/index.php\/biografia\/\" class=\"more-link\">Czytaj dalej <span class=\"screen-reader-text\">Biografia<\/span><\/a><\/p>\n","protected":false},"author":1,"featured_media":0,"parent":0,"menu_order":0,"comment_status":"closed","ping_status":"closed","template":"","meta":{"footnotes":""},"class_list":["post-160","page","type-page","status-publish","hentry"],"_links":{"self":[{"href":"https:\/\/sylwester-ambroziak.com\/index.php\/wp-json\/wp\/v2\/pages\/160","targetHints":{"allow":["GET"]}}],"collection":[{"href":"https:\/\/sylwester-ambroziak.com\/index.php\/wp-json\/wp\/v2\/pages"}],"about":[{"href":"https:\/\/sylwester-ambroziak.com\/index.php\/wp-json\/wp\/v2\/types\/page"}],"author":[{"embeddable":true,"href":"https:\/\/sylwester-ambroziak.com\/index.php\/wp-json\/wp\/v2\/users\/1"}],"replies":[{"embeddable":true,"href":"https:\/\/sylwester-ambroziak.com\/index.php\/wp-json\/wp\/v2\/comments?post=160"}],"version-history":[{"count":17,"href":"https:\/\/sylwester-ambroziak.com\/index.php\/wp-json\/wp\/v2\/pages\/160\/revisions"}],"predecessor-version":[{"id":2747,"href":"https:\/\/sylwester-ambroziak.com\/index.php\/wp-json\/wp\/v2\/pages\/160\/revisions\/2747"}],"wp:attachment":[{"href":"https:\/\/sylwester-ambroziak.com\/index.php\/wp-json\/wp\/v2\/media?parent=160"}],"curies":[{"name":"wp","href":"https:\/\/api.w.org\/{rel}","templated":true}]}}